{"id":1001,"date":"2023-09-11T14:29:21","date_gmt":"2023-09-11T13:29:21","guid":{"rendered":"https:\/\/wir-entsorgen-sorgen.de\/?page_id=1001"},"modified":"2024-11-01T20:00:52","modified_gmt":"2024-11-01T19:00:52","slug":"kundendienst-nachbetreuung","status":"publish","type":"page","link":"https:\/\/wir-entsorgen-sorgen.de\/en\/kundendienst-nachbetreuung\/","title":{"rendered":"Customer service &amp; aftercare"},"content":{"rendered":"<p><strong>Customer service &amp; aftercare for lasting satisfaction<\/strong><\/p>\n<p>A successful construction project does not end with the completion of the building. At \"Wir Entsorgen Sorgen\", we believe that real service goes beyond the construction phase. Our commitment to our customers remains even after the completion of the <a href=\"https:\/\/www.kfw.de\/inlandsfoerderung\/Privatpersonen\/Neubau\/F%C3%B6rderprodukte\/Klimafreundlicher-Neubau-im-Niedrigpreissegment-(296)\/\">Project<\/a> exist.<\/p>\n<p><strong>Always there for you:<\/strong> Building projects can be complex, and questions or concerns may arise even after everything has been completed. That's why we're here to help you with any questions, concerns or necessary repairs even after the project is complete. Whether it's minor adjustments or extensive rework, our team is ready to help you.<\/p>\n<p><strong>Your satisfaction is our incentive:<\/strong> At \"Wir Entsorgen Sorgen\", we measure our success by the satisfaction of our customers. We understand that every project is unique and has individual requirements. That's why we offer customized solutions to ensure that you are satisfied with the end result.<\/p>\n<p><strong>Our promise:<\/strong> At \"Wir Entsorgen Sorgen\", the customer takes center stage. Our customer service &amp; aftercare services are designed to take care of all your construction worries. We guarantee that you can count on our support even after your project has been completed.<\/p>\n<p><strong>Conclusion:<\/strong> At \"Wir Entsorgen Sorgen\", we offer more than just construction work. We offer you a worry-free path from the idea to the completion of your project and beyond. Put your trust in our expertise and let us take care of your worries.<\/p>\n<p><a href=\"https:\/\/wir-entsorgen-sorgen.de\/en\/blog\/der-schluessel-zu-einem-erfolgreichen-bauvorhaben\/\">The key to a successful construction project<\/a><\/p>\n<p><a href=\"https:\/\/wir-entsorgen-sorgen.de\/en\/vision-und-beratung-2\/\">Vision and advice<\/a><\/p>\n<p><a href=\"https:\/\/wir-entsorgen-sorgen.de\/en\/konzeption-und-design\/\">Conception and design<\/a><\/p>\n<p><a href=\"https:\/\/wir-entsorgen-sorgen.de\/en\/genehmigung-dokumentation\/\">Approval and documentation<\/a><\/p>\n<p><a href=\"https:\/\/wir-entsorgen-sorgen.de\/en\/realisierung-bau\/\">Realization and construction<\/a><\/p>\n<p><a href=\"https:\/\/wir-entsorgen-sorgen.de\/en\/kontrolle-uebergabe\/\">Inspection and handover<\/a><\/p>\n<p><a href=\"https:\/\/wir-entsorgen-sorgen.de\/en\/kundendienst-nachbetreuung\/\">Customer service and aftercare<\/a><\/p>","protected":false},"excerpt":{"rendered":"<p>Kundendienst &amp; Nachbetreuung f\u00fcr dauerhafte Zufriedenheit Ein erfolgreiches Bauvorhaben endet nicht mit der Fertigstellung des Geb\u00e4udes. Bei &#8222;Wir Entsorgen Sorgen&#8220; glauben wir, dass echter Service \u00fcber die Bauphase hinausgeht. Unsere Verpflichtung gegen\u00fcber unseren Kunden bleibt auch nach Abschluss des Projekts bestehen. Immer f\u00fcr Sie da: Bauvorhaben k\u00f6nnen komplex sein, und es k\u00f6nnen Fragen oder Anliegen [&hellip;]<\/p>\n","protected":false},"author":4,"featured_media":1078,"parent":0,"menu_order":0,"comment_status":"closed","ping_status":"closed","template":"","meta":{"footnotes":""},"class_list":["post-1001","page","type-page","status-publish","has-post-thumbnail","hentry"],"_links":{"self":[{"href":"https:\/\/wir-entsorgen-sorgen.de\/en\/wp-json\/wp\/v2\/pages\/1001","targetHints":{"allow":["GET"]}}],"collection":[{"href":"https:\/\/wir-entsorgen-sorgen.de\/en\/wp-json\/wp\/v2\/pages"}],"about":[{"href":"https:\/\/wir-entsorgen-sorgen.de\/en\/wp-json\/wp\/v2\/types\/page"}],"author":[{"embeddable":true,"href":"https:\/\/wir-entsorgen-sorgen.de\/en\/wp-json\/wp\/v2\/users\/4"}],"replies":[{"embeddable":true,"href":"https:\/\/wir-entsorgen-sorgen.de\/en\/wp-json\/wp\/v2\/comments?post=1001"}],"version-history":[{"count":7,"href":"https:\/\/wir-entsorgen-sorgen.de\/en\/wp-json\/wp\/v2\/pages\/1001\/revisions"}],"predecessor-version":[{"id":1003,"href":"https:\/\/wir-entsorgen-sorgen.de\/en\/wp-json\/wp\/v2\/pages\/1001\/revisions\/1003"}],"wp:featuredmedia":[{"embeddable":true,"href":"https:\/\/wir-entsorgen-sorgen.de\/en\/wp-json\/wp\/v2\/media\/1078"}],"wp:attachment":[{"href":"https:\/\/wir-entsorgen-sorgen.de\/en\/wp-json\/wp\/v2\/media?parent=1001"}],"curies":[{"name":"wp","href":"https:\/\/api.w.org\/{rel}","templated":true}]}}