{"id":3737,"date":"2025-12-03T21:00:14","date_gmt":"2025-12-03T20:00:14","guid":{"rendered":"https:\/\/wir-entsorgen-sorgen.de\/?page_id=3737"},"modified":"2025-12-03T21:00:14","modified_gmt":"2025-12-03T20:00:14","slug":"anfrageformular-abriss-abbruch","status":"publish","type":"page","link":"https:\/\/wir-entsorgen-sorgen.de\/en\/anfrageformular-abriss-abbruch\/","title":{"rendered":"ANFRAGEFORMULAR ABRISS &#038; ABBRUCH"},"content":{"rendered":"<div class=\"wpcf7 no-js\" id=\"wpcf7-f3733-o1\" lang=\"de-DE\" dir=\"ltr\" data-wpcf7-id=\"3733\">\n<div class=\"screen-reader-response\"><p role=\"status\" aria-live=\"polite\" aria-atomic=\"true\"><\/p> <ul><\/ul><\/div>\n<form action=\"\/en\/wp-json\/wp\/v2\/pages\/3737#wpcf7-f3733-o1\" method=\"post\" class=\"wpcf7-form init\" aria-label=\"Contact form\" enctype=\"multipart\/form-data\" novalidate=\"novalidate\" data-status=\"init\" data-trp-original-action=\"\/en\/wp-json\/wp\/v2\/pages\/3737#wpcf7-f3733-o1\">\n<fieldset class=\"hidden-fields-container\"><input type=\"hidden\" name=\"_wpcf7\" value=\"3733\" \/><input type=\"hidden\" name=\"_wpcf7_version\" value=\"6.1.5\" \/><input type=\"hidden\" name=\"_wpcf7_locale\" value=\"de_DE\" \/><input type=\"hidden\" name=\"_wpcf7_unit_tag\" value=\"wpcf7-f3733-o1\" \/><input type=\"hidden\" name=\"_wpcf7_container_post\" value=\"0\" \/><input type=\"hidden\" name=\"_wpcf7_posted_data_hash\" value=\"\" \/><input type=\"hidden\" name=\"_wpcf7_recaptcha_response\" value=\"\" \/>\n<\/fieldset>\n<!--\nANFRAGEFORMULAR ABRISS & ABBRUCH\nPlugin: Contact Form 7 \u2013 Formular-Template\n-->\n\n<!-- =========================================\n  1. OBJEKTADRESSE & GEB\u00c4UDE\n========================================== -->\n<fieldset>\n\t<legend>1. Objekt & Geb\u00e4ude\n\t<\/legend>\n\t<p><label>Stra\u00dfe & Hausnummer\/PLZ & Ort (Objekt)*<br \/>\n<span class=\"wpcf7-form-control-wrap\" data-name=\"objekt_strasse\"><input size=\"40\" maxlength=\"400\" class=\"wpcf7-form-control wpcf7-text wpcf7-validates-as-required\" aria-required=\"true\" aria-invalid=\"false\" value=\"\" type=\"text\" name=\"objekt_strasse\" \/><\/span><br \/>\n<\/label>\n\t<\/p>\n\t<p><label>Art des Objekts*<br \/>\n<span class=\"wpcf7-form-control-wrap\" data-name=\"objekt_art\"><select class=\"wpcf7-form-control wpcf7-select wpcf7-validates-as-required\" aria-required=\"true\" aria-invalid=\"false\" name=\"objekt_art\"><option value=\"\">&#8211; Bitte ausw\u00e4hlen &#8211;<\/option><option value=\"Einfamilienhaus\">Einfamilienhaus<\/option><option value=\"Mehrfamilienhaus\">Mehrfamilienhaus<\/option><option value=\"Gewerbehalle\">Gewerbehalle<\/option><option value=\"Scheune\/Stall\">Scheune\/Stall<\/option><option value=\"Garage\/Carport\">Garage\/Carport<\/option><option value=\"Anbau\/Erweiterung\">Anbau\/Erweiterung<\/option><option value=\"Sonstiges\">Sonstiges<\/option><\/select><\/span><br \/>\n<\/label>\n\t<\/p>\n\t<p><label>Geschosse \u00fcber Erdreich (ohne Keller)*<br \/>\n<span class=\"wpcf7-form-control-wrap\" data-name=\"objekt_geschosse\"><input class=\"wpcf7-form-control wpcf7-number wpcf7-validates-as-required wpcf7-validates-as-number\" min=\"0\" max=\"10\" aria-required=\"true\" aria-invalid=\"false\" value=\"\" type=\"number\" name=\"objekt_geschosse\" \/><\/span><br \/>\n<\/label>\n\t<\/p>\n\t<p><label>Keller vorhanden?*<br \/>\n<span class=\"wpcf7-form-control-wrap\" data-name=\"objekt_keller\"><span class=\"wpcf7-form-control wpcf7-radio\"><span class=\"wpcf7-list-item first\"><input type=\"radio\" name=\"objekt_keller\" value=\"Ja\" \/><span class=\"wpcf7-list-item-label\">Ja<\/span><\/span><span class=\"wpcf7-list-item\"><input type=\"radio\" name=\"objekt_keller\" value=\"Nein\" \/><span class=\"wpcf7-list-item-label\">Nein<\/span><\/span><span class=\"wpcf7-list-item last\"><input type=\"radio\" name=\"objekt_keller\" value=\"Unbekannt\" \/><span class=\"wpcf7-list-item-label\">Unbekannt<\/span><\/span><\/span><\/span><br \/>\n<\/label>\n\t<\/p>\n\t<p><label>Ungef\u00e4hrer Bauzeitraum<br \/>\n<span class=\"wpcf7-form-control-wrap\" data-name=\"objekt_baujahr\"><select class=\"wpcf7-form-control wpcf7-select\" aria-invalid=\"false\" name=\"objekt_baujahr\"><option value=\"\">&#8211; Bitte ausw\u00e4hlen &#8211;<\/option><option value=\"vor 1960\">vor 1960<\/option><option value=\"1960\u20131979\">1960\u20131979<\/option><option value=\"1980\u20131994\">1980\u20131994<\/option><option value=\"ab 1995\">ab 1995<\/option><option value=\"unbekannt\">unbekannt<\/option><\/select><\/span><br \/>\n<\/label>\n\t<\/p>\n\t<p><label>Tragkonstruktion (Hauptbauweise)*<br \/>\n<span class=\"wpcf7-form-control-wrap\" data-name=\"objekt_tragwerk\"><select class=\"wpcf7-form-control wpcf7-select wpcf7-validates-as-required\" aria-required=\"true\" aria-invalid=\"false\" name=\"objekt_tragwerk\"><option value=\"\">&#8211; Bitte ausw\u00e4hlen &#8211;<\/option><option value=\"Massiv (Beton\/Stein)\">Massiv (Beton\/Stein)<\/option><option value=\"Mauerwerk\">Mauerwerk<\/option><option value=\"Fachwerk\">Fachwerk<\/option><option value=\"Holzbau\">Holzbau<\/option><option value=\"Stahlbau\">Stahlbau<\/option><option value=\"Gemischt \/ unbekannt\">Gemischt \/ unbekannt<\/option><\/select><\/span><br \/>\n<\/label>\n\t<\/p>\n\t<p><label>Fassade<br \/>\n<span class=\"wpcf7-form-control-wrap\" data-name=\"objekt_fassade\"><span class=\"wpcf7-form-control wpcf7-checkbox\"><span class=\"wpcf7-list-item first\"><label><input type=\"checkbox\" name=\"objekt_fassade[]\" value=\"Putz\" \/><span class=\"wpcf7-list-item-label\">Putz<\/span><\/label><\/span><span class=\"wpcf7-list-item\"><label><input type=\"checkbox\" name=\"objekt_fassade[]\" value=\"Klinker\" \/><span class=\"wpcf7-list-item-label\">Klinker<\/span><\/label><\/span><span class=\"wpcf7-list-item\"><label><input type=\"checkbox\" name=\"objekt_fassade[]\" value=\"Holz\" \/><span class=\"wpcf7-list-item-label\">Holz<\/span><\/label><\/span><span class=\"wpcf7-list-item\"><label><input type=\"checkbox\" name=\"objekt_fassade[]\" value=\"Blech\/Trapezblech\" \/><span class=\"wpcf7-list-item-label\">Blech\/Trapezblech<\/span><\/label><\/span><span class=\"wpcf7-list-item\"><label><input type=\"checkbox\" name=\"objekt_fassade[]\" value=\"Faserzementplatten\" \/><span class=\"wpcf7-list-item-label\">Faserzementplatten<\/span><\/label><\/span><span class=\"wpcf7-list-item last\"><label><input type=\"checkbox\" name=\"objekt_fassade[]\" value=\"Sonstiges\/Unbekannt\" \/><span class=\"wpcf7-list-item-label\">Sonstiges\/Unbekannt<\/span><\/label><\/span><\/span><\/span><br \/>\n<\/label>\n\t<\/p>\n\t<p><label>Dachform<br \/>\n<span class=\"wpcf7-form-control-wrap\" data-name=\"objekt_dachform\"><select class=\"wpcf7-form-control wpcf7-select\" aria-invalid=\"false\" name=\"objekt_dachform\"><option value=\"\">&#8211; Bitte ausw\u00e4hlen &#8211;<\/option><option value=\"Satteldach\">Satteldach<\/option><option value=\"Pultdach\">Pultdach<\/option><option value=\"Flachdach\">Flachdach<\/option><option value=\"Walmdach\">Walmdach<\/option><option value=\"Sonstige\">Sonstige<\/option><option value=\"Unbekannt\">Unbekannt<\/option><\/select><\/span><br \/>\n<\/label>\n\t<\/p>\n\t<p><label>Dacheindeckung<br \/>\n<span class=\"wpcf7-form-control-wrap\" data-name=\"objekt_dacheindeckung\"><select class=\"wpcf7-form-control wpcf7-select\" aria-invalid=\"false\" name=\"objekt_dacheindeckung\"><option value=\"\">&#8211; Bitte ausw\u00e4hlen &#8211;<\/option><option value=\"Tonziegel\">Tonziegel<\/option><option value=\"Betondachstein\">Betondachstein<\/option><option value=\"Bitumenbahn\">Bitumenbahn<\/option><option value=\"Blech\">Blech<\/option><option value=\"Faserzement (z. B. Eternit)\">Faserzement (z. B. Eternit)<\/option><option value=\"Unbekannt\">Unbekannt<\/option><\/select><\/span><br \/>\n<\/label>\n\t<\/p>\n<\/fieldset>\n\n<!-- =========================================\n  2. UMFANG DER ABBRUCHARBEITEN\n========================================== -->\n<fieldset>\n\t<legend>2. Umfang der Abbrucharbeiten\n\t<\/legend>\n\t<p><label>Gew\u00fcnschte Leistung(en)*<br \/>\n<span class=\"wpcf7-form-control-wrap\" data-name=\"leistungen\"><span class=\"wpcf7-form-control wpcf7-checkbox wpcf7-validates-as-required\"><span class=\"wpcf7-list-item first\"><label><input type=\"checkbox\" name=\"leistungen[]\" value=\"Komplettabbruch des gesamten Geb\u00e4udes\" \/><span class=\"wpcf7-list-item-label\">Komplettabbruch des gesamten Geb\u00e4udes<\/span><\/label><\/span><span class=\"wpcf7-list-item\"><label><input type=\"checkbox\" name=\"leistungen[]\" value=\"Teilabbruch (z. B. Anbau, einzelne Geb\u00e4udeteile)\" \/><span class=\"wpcf7-list-item-label\">Teilabbruch (z. B. Anbau, einzelne Geb\u00e4udeteile)<\/span><\/label><\/span><span class=\"wpcf7-list-item\"><label><input type=\"checkbox\" name=\"leistungen[]\" value=\"Innenabbruch\/Entkernung\" \/><span class=\"wpcf7-list-item-label\">Innenabbruch\/Entkernung<\/span><\/label><\/span><span class=\"wpcf7-list-item\"><label><input type=\"checkbox\" name=\"leistungen[]\" value=\"Abbruch von Garage\/Carport\" \/><span class=\"wpcf7-list-item-label\">Abbruch von Garage\/Carport<\/span><\/label><\/span><span class=\"wpcf7-list-item\"><label><input type=\"checkbox\" name=\"leistungen[]\" value=\"Abbruch von Nebengeb\u00e4uden (Schuppen, Stall, Scheune)\" \/><span class=\"wpcf7-list-item-label\">Abbruch von Nebengeb\u00e4uden (Schuppen, Stall, Scheune)<\/span><\/label><\/span><span class=\"wpcf7-list-item\"><label><input type=\"checkbox\" name=\"leistungen[]\" value=\"Abbruch von Fundamenten\/Bodenplatte\" \/><span class=\"wpcf7-list-item-label\">Abbruch von Fundamenten\/Bodenplatte<\/span><\/label><\/span><span class=\"wpcf7-list-item\"><label><input type=\"checkbox\" name=\"leistungen[]\" value=\"Abbruch von Au\u00dfenanlagen (Mauern, St\u00fctzw\u00e4nde)\" \/><span class=\"wpcf7-list-item-label\">Abbruch von Au\u00dfenanlagen (Mauern, St\u00fctzw\u00e4nde)<\/span><\/label><\/span><span class=\"wpcf7-list-item last\"><label><input type=\"checkbox\" name=\"leistungen[]\" value=\"R\u00fcckbau von Betonfl\u00e4chen\/Pflaster\" \/><span class=\"wpcf7-list-item-label\">R\u00fcckbau von Betonfl\u00e4chen\/Pflaster<\/span><\/label><\/span><\/span><\/span><br \/>\n<\/label>\n\t<\/p>\n\t<p><label>Soll die Entsorgung der Abf\u00e4lle durch uns erfolgen?*<br \/>\n<span class=\"wpcf7-form-control-wrap\" data-name=\"entsorgung\"><span class=\"wpcf7-form-control wpcf7-radio\"><span class=\"wpcf7-list-item first\"><input type=\"radio\" name=\"entsorgung\" value=\"Ja, bitte inklusive Entsorgung\" \/><span class=\"wpcf7-list-item-label\">Ja, bitte inklusive Entsorgung<\/span><\/span><span class=\"wpcf7-list-item\"><input type=\"radio\" name=\"entsorgung\" value=\"Nein, nur Abbruchleistung\" \/><span class=\"wpcf7-list-item-label\">Nein, nur Abbruchleistung<\/span><\/span><span class=\"wpcf7-list-item last\"><input type=\"radio\" name=\"entsorgung\" value=\"Noch unklar \u2013 bitte beraten\" \/><span class=\"wpcf7-list-item-label\">Noch unklar \u2013 bitte beraten<\/span><\/span><\/span><\/span><br \/>\n<\/label>\n\t<\/p>\n\t<p><label>Sind bereits Medien getrennt? (Strom, Wasser, Gas, Fernw\u00e4rme)*<br \/>\n<span class=\"wpcf7-form-control-wrap\" data-name=\"medien_trennung\"><select class=\"wpcf7-form-control wpcf7-select wpcf7-validates-as-required\" aria-required=\"true\" aria-invalid=\"false\" name=\"medien_trennung\"><option value=\"\">&#8211; Bitte ausw\u00e4hlen &#8211;<\/option><option value=\"Ja, alle getrennt\">Ja, alle getrennt<\/option><option value=\"Teilweise getrennt\">Teilweise getrennt<\/option><option value=\"Noch nicht erledigt\">Noch nicht erledigt<\/option><option value=\"Unbekannt\">Unbekannt<\/option><\/select><\/span><br \/>\n<\/label>\n\t<\/p>\n<\/fieldset>\n\n<!-- =========================================\n  3. SCHADSTOFFE \/ BESONDERHEITEN\n========================================== -->\n<fieldset>\n\t<legend>3. Schadstoffe & Besonderheiten\n\t<\/legend>\n\t<p><label>Hinweise auf Schadstoffe bekannt?*<br \/>\n<span class=\"wpcf7-form-control-wrap\" data-name=\"schadstoffe\"><span class=\"wpcf7-form-control wpcf7-checkbox wpcf7-validates-as-required\"><span class=\"wpcf7-list-item first\"><label><input type=\"checkbox\" name=\"schadstoffe[]\" value=\"Asbest auf dem Dach (z. B. Eternitplatten)\" \/><span class=\"wpcf7-list-item-label\">Asbest auf dem Dach (z. B. Eternitplatten)<\/span><\/label><\/span><span class=\"wpcf7-list-item\"><label><input type=\"checkbox\" name=\"schadstoffe[]\" value=\"Asbest an der Fassade\" \/><span class=\"wpcf7-list-item-label\">Asbest an der Fassade<\/span><\/label><\/span><span class=\"wpcf7-list-item\"><label><input type=\"checkbox\" name=\"schadstoffe[]\" value=\"Asbest im Innenbereich (Platten, Rohre, Bodenbel\u00e4ge)\" \/><span class=\"wpcf7-list-item-label\">Asbest im Innenbereich (Platten, Rohre, Bodenbel\u00e4ge)<\/span><\/label><\/span><span class=\"wpcf7-list-item\"><label><input type=\"checkbox\" name=\"schadstoffe[]\" value=\"KMF-D\u00e4mmung (alte Mineralwolle)\" \/><span class=\"wpcf7-list-item-label\">KMF-D\u00e4mmung (alte Mineralwolle)<\/span><\/label><\/span><span class=\"wpcf7-list-item\"><label><input type=\"checkbox\" name=\"schadstoffe[]\" value=\"Teerhaltige\/PAK-haltige Materialien (Bel\u00e4ge, Dachpappe)\" \/><span class=\"wpcf7-list-item-label\">Teerhaltige\/PAK-haltige Materialien (Bel\u00e4ge, Dachpappe)<\/span><\/label><\/span><span class=\"wpcf7-list-item\"><label><input type=\"checkbox\" name=\"schadstoffe[]\" value=\"PCB-haltige Baustoffe (z. B. Fugenmassen)\" \/><span class=\"wpcf7-list-item-label\">PCB-haltige Baustoffe (z. B. Fugenmassen)<\/span><\/label><\/span><span class=\"wpcf7-list-item\"><label><input type=\"checkbox\" name=\"schadstoffe[]\" value=\"Keine Schadstoffe bekannt\" \/><span class=\"wpcf7-list-item-label\">Keine Schadstoffe bekannt<\/span><\/label><\/span><span class=\"wpcf7-list-item last\"><label><input type=\"checkbox\" name=\"schadstoffe[]\" value=\"Unbekannt\" \/><span class=\"wpcf7-list-item-label\">Unbekannt<\/span><\/label><\/span><\/span><\/span><br \/>\n<\/label>\n\t<\/p>\n\t<p><label>Gibt es bekannte statische Probleme (einsturzgef\u00e4hrdet, Brandsch\u00e4den etc.)?<br \/>\n<span class=\"wpcf7-form-control-wrap\" data-name=\"statik_probleme\"><textarea cols=\"40\" rows=\"10\" maxlength=\"2000\" class=\"wpcf7-form-control wpcf7-textarea\" aria-invalid=\"false\" placeholder=\"z. B. starke Rissbildung, Teile bereits eingest\u00fcrzt, Brandsch\u00e4den...\" name=\"statik_probleme\"><\/textarea><\/span><br \/>\n<\/label>\n\t<\/p>\n<\/fieldset>\n\n<!-- =========================================\n  4. ZUFAHRT & BAUSTELLENBEDINGUNGEN\n========================================== -->\n<fieldset>\n\t<legend>4. Zufahrt & Baustellenbedingungen\n\t<\/legend>\n\t<p><label>Zufahrt f\u00fcr LKW\/Baumaschinen*<br \/>\n<span class=\"wpcf7-form-control-wrap\" data-name=\"zufahrt\"><select class=\"wpcf7-form-control wpcf7-select wpcf7-validates-as-required\" aria-required=\"true\" aria-invalid=\"false\" name=\"zufahrt\"><option value=\"\">&#8211; Bitte ausw\u00e4hlen &#8211;<\/option><option value=\"Gute Zufahrt (LKW m\u00f6glich)\">Gute Zufahrt (LKW m\u00f6glich)<\/option><option value=\"Eingeschr\u00e4nkte Zufahrt (eng, klein, nur kleine LKW)\">Eingeschr\u00e4nkte Zufahrt (eng, klein, nur kleine LKW)<\/option><option value=\"Sehr schwierig (nur zu Fu\u00df)\">Sehr schwierig (nur zu Fu\u00df)<\/option><option value=\"Unbekannt\">Unbekannt<\/option><\/select><\/span><br \/>\n<\/label>\n\t<\/p>\n\t<p><label>Platz f\u00fcr Container auf dem Grundst\u00fcck?*<br \/>\n<span class=\"wpcf7-form-control-wrap\" data-name=\"containerplatz\"><span class=\"wpcf7-form-control wpcf7-radio\"><span class=\"wpcf7-list-item first\"><input type=\"radio\" name=\"containerplatz\" value=\"Ja\" \/><span class=\"wpcf7-list-item-label\">Ja<\/span><\/span><span class=\"wpcf7-list-item\"><input type=\"radio\" name=\"containerplatz\" value=\"Nein\" \/><span class=\"wpcf7-list-item-label\">Nein<\/span><\/span><span class=\"wpcf7-list-item\"><input type=\"radio\" name=\"containerplatz\" value=\"Begrenzt\" \/><span class=\"wpcf7-list-item-label\">Begrenzt<\/span><\/span><span class=\"wpcf7-list-item last\"><input type=\"radio\" name=\"containerplatz\" value=\"Unbekannt\" \/><span class=\"wpcf7-list-item-label\">Unbekannt<\/span><\/span><\/span><\/span><br \/>\n<\/label>\n\t<\/p>\n\t<p><label>Nachbarbebauung*<br \/>\n<span class=\"wpcf7-form-control-wrap\" data-name=\"nachbarbebauung\"><select class=\"wpcf7-form-control wpcf7-select wpcf7-validates-as-required\" aria-required=\"true\" aria-invalid=\"false\" name=\"nachbarbebauung\"><option value=\"\">&#8211; Bitte ausw\u00e4hlen &#8211;<\/option><option value=\"Freistehend (ausreichend Abstand)\">Freistehend (ausreichend Abstand)<\/option><option value=\"Direkt an Nachbargeb\u00e4ude angebaut\">Direkt an Nachbargeb\u00e4ude angebaut<\/option><option value=\"Enge Bebauung (wenig Platz)\">Enge Bebauung (wenig Platz)<\/option><\/select><\/span><br \/>\n<\/label>\n\t<\/p>\n\t<p><label>Sonstige Besonderheiten vor Ort<br \/>\n<span class=\"wpcf7-form-control-wrap\" data-name=\"besonderheiten\"><textarea cols=\"40\" rows=\"10\" maxlength=\"2000\" class=\"wpcf7-form-control wpcf7-textarea\" aria-invalid=\"false\" placeholder=\"z. B. Denkmalschutz, sehr enge Zufahrt, starkes Gef\u00e4lle, Auflagen der Gemeinde...\" name=\"besonderheiten\"><\/textarea><\/span><br \/>\n<\/label>\n\t<\/p>\n<\/fieldset>\n\n<!-- =========================================\n  5. ZEITRAUM & BUDGET\n========================================== -->\n<fieldset>\n\t<legend>5. Zeitraum & Budget\n\t<\/legend>\n\t<p><label>Gew\u00fcnschter Ausf\u00fchrungszeitraum*<br \/>\n<span class=\"wpcf7-form-control-wrap\" data-name=\"zeitraum\"><select class=\"wpcf7-form-control wpcf7-select wpcf7-validates-as-required\" aria-required=\"true\" aria-invalid=\"false\" name=\"zeitraum\"><option value=\"\">&#8211; Bitte ausw\u00e4hlen &#8211;<\/option><option value=\"So schnell wie m\u00f6glich\">So schnell wie m\u00f6glich<\/option><option value=\"Innerhalb der n\u00e4chsten 4 Wochen\">Innerhalb der n\u00e4chsten 4 Wochen<\/option><option value=\"In 2\u20133 Monaten\">In 2\u20133 Monaten<\/option><option value=\"Termin noch offen\">Termin noch offen<\/option><\/select><\/span><br \/>\n<\/label>\n\t<\/p>\n\t<p><label>Falls ein Wunschtermin besteht, bitte angeben<br \/>\n<span class=\"wpcf7-form-control-wrap\" data-name=\"wunschtermin\"><input class=\"wpcf7-form-control wpcf7-date wpcf7-validates-as-date\" aria-invalid=\"false\" value=\"\" type=\"date\" name=\"wunschtermin\" \/><\/span><br \/>\n<\/label>\n\t<\/p>\n\t<p><label>Geplanter Budgetrahmen (netto)<br \/>\n<span class=\"wpcf7-form-control-wrap\" data-name=\"budget\"><select class=\"wpcf7-form-control wpcf7-select\" aria-invalid=\"false\" name=\"budget\"><option value=\"\">&#8211; Bitte ausw\u00e4hlen &#8211;<\/option><option value=\"bis 10.000 \u20ac\">bis 10.000 \u20ac<\/option><option value=\"10.000 \u2013 30.000 \u20ac\">10.000 \u2013 30.000 \u20ac<\/option><option value=\"30.000 \u2013 80.000 \u20ac\">30.000 \u2013 80.000 \u20ac<\/option><option value=\"\u00fcber 80.000 \u20ac\">\u00fcber 80.000 \u20ac<\/option><option value=\"noch unklar\">noch unklar<\/option><\/select><\/span><br \/>\n<\/label>\n\t<\/p>\n<\/fieldset>\n\n<!-- =========================================\n  6. DATEIEN & NACHRICHT\n========================================== -->\n<fieldset>\n\t<legend>6. Pl\u00e4ne, Fotos & Nachricht\n\t<\/legend>\n\t<p><label>Pl\u00e4ne \/ Fotos hochladen (falls vorhanden, max. 10 MB)<br \/>\n<span class=\"wpcf7-form-control-wrap\" data-name=\"plaene_fotos\"><input size=\"40\" class=\"wpcf7-form-control wpcf7-file\" accept=\".jpg\" aria-invalid=\"false\" type=\"file\" name=\"plaene_fotos\" \/><\/span><br \/>\n<\/label>\n\t<\/p>\n\t<p><label>Zus\u00e4tzliche Informationen \/ Nachricht<br \/>\n<span class=\"wpcf7-form-control-wrap\" data-name=\"nachricht\"><textarea cols=\"40\" rows=\"10\" maxlength=\"2000\" class=\"wpcf7-form-control wpcf7-textarea\" aria-invalid=\"false\" placeholder=\"Hier k\u00f6nnen Sie uns weitere Details zu Ihrem Abbruchvorhaben mitteilen...\" name=\"nachricht\"><\/textarea><\/span><br \/>\n<\/label>\n\t<\/p>\n<\/fieldset>\n\n<!-- =========================================\n  7. KONTAKTDATEN\n========================================== -->\n<fieldset>\n\t<legend>7. Kontaktdaten\n\t<\/legend>\n\t<p><label>Anrede<br \/>\n<span class=\"wpcf7-form-control-wrap\" data-name=\"anrede\"><select class=\"wpcf7-form-control wpcf7-select\" aria-invalid=\"false\" name=\"anrede\"><option value=\"\">&#8211; Bitte ausw\u00e4hlen &#8211;<\/option><option value=\"Herr\">Herr<\/option><option value=\"Frau\">Frau<\/option><option value=\"Divers\">Divers<\/option><option value=\"Keine Angabe\">Keine Angabe<\/option><\/select><\/span><br \/>\n<\/label>\n\t<\/p>\n\t<p><label>Vorname Nachname* <span class=\"wpcf7-form-control-wrap\" data-name=\"vorname\"><input size=\"40\" maxlength=\"400\" class=\"wpcf7-form-control wpcf7-text wpcf7-validates-as-required\" aria-required=\"true\" aria-invalid=\"false\" value=\"\" type=\"text\" name=\"vorname\" \/><\/span> <\/label>\n\t<\/p>\n\t<p><label>Firma (optional) <span class=\"wpcf7-form-control-wrap\" data-name=\"firma\"><input size=\"40\" maxlength=\"400\" class=\"wpcf7-form-control wpcf7-text\" aria-invalid=\"false\" value=\"\" type=\"text\" name=\"firma\" \/><\/span> <\/label><br \/>\n<label>Telefon* <span class=\"wpcf7-form-control-wrap\" data-name=\"telefon\"><input size=\"40\" maxlength=\"400\" class=\"wpcf7-form-control wpcf7-tel wpcf7-validates-as-required wpcf7-text wpcf7-validates-as-tel\" aria-required=\"true\" aria-invalid=\"false\" value=\"\" type=\"tel\" name=\"telefon\" \/><\/span> <\/label>\n\t<\/p>\n\t<p><label>E-Mail*<br \/>\n<span class=\"wpcf7-form-control-wrap\" data-name=\"email\"><input size=\"40\" maxlength=\"400\" class=\"wpcf7-form-control wpcf7-email wpcf7-validates-as-required wpcf7-text wpcf7-validates-as-email\" aria-required=\"true\" aria-invalid=\"false\" value=\"\" type=\"email\" name=\"email\" \/><\/span><br \/>\n<\/label>\n\t<\/p>\n\t<p><label>Bevorzugte Kontaktart<br \/>\n<span class=\"wpcf7-form-control-wrap\" data-name=\"kontaktart\"><select class=\"wpcf7-form-control wpcf7-select\" aria-invalid=\"false\" name=\"kontaktart\"><option value=\"\">&#8211; Bitte ausw\u00e4hlen &#8211;<\/option><option value=\"Telefon\">Telefon<\/option><option value=\"E-Mail\">E-Mail<\/option><option value=\"Egal\">Egal<\/option><\/select><\/span><br \/>\n<\/label>\n\t<\/p>\n<\/fieldset>\n\n<!-- =========================================\n  8. DATENSCHUTZ & ABSENDEN\n========================================== -->\n<fieldset>\n\t<legend>8. Datenschutz & Anfrage senden\n\t<\/legend>\n\t<p><span class=\"wpcf7-form-control-wrap\" data-name=\"datenschutz\"><span class=\"wpcf7-form-control wpcf7-checkbox\"><span class=\"wpcf7-list-item first last\"><label><input type=\"checkbox\" name=\"datenschutz[]\" value=\"Ich habe die Datenschutzerkl\u00e4rung zur Kenntnis genommen und bin damit einverstanden, dass meine Angaben zur Kontaktaufnahme und Bearbeitung meiner Anfrage gespeichert werden.\" \/><span class=\"wpcf7-list-item-label\">Ich habe die Datenschutzerkl\u00e4rung zur Kenntnis genommen und bin damit einverstanden, dass meine Angaben zur Kontaktaufnahme und Bearbeitung meiner Anfrage gespeichert werden.<\/span><\/label><\/span><\/span><\/span>\n\t<\/p>\n\t<p><input class=\"wpcf7-form-control wpcf7-submit has-spinner\" type=\"submit\" value=\"Anfrage senden\" \/>\n\t<\/p>\n<\/fieldset><div class=\"wpcf7-response-output\" aria-hidden=\"true\"><\/div>\n<input type=\"hidden\" name=\"trp-form-language\" value=\"en\"\/><\/form>\n<\/div>","protected":false},"excerpt":{"rendered":"","protected":false},"author":8,"featured_media":0,"parent":0,"menu_order":0,"comment_status":"closed","ping_status":"closed","template":"","meta":{"footnotes":""},"class_list":["post-3737","page","type-page","status-publish","hentry"],"_links":{"self":[{"href":"https:\/\/wir-entsorgen-sorgen.de\/en\/wp-json\/wp\/v2\/pages\/3737","targetHints":{"allow":["GET"]}}],"collection":[{"href":"https:\/\/wir-entsorgen-sorgen.de\/en\/wp-json\/wp\/v2\/pages"}],"about":[{"href":"https:\/\/wir-entsorgen-sorgen.de\/en\/wp-json\/wp\/v2\/types\/page"}],"author":[{"embeddable":true,"href":"https:\/\/wir-entsorgen-sorgen.de\/en\/wp-json\/wp\/v2\/users\/8"}],"replies":[{"embeddable":true,"href":"https:\/\/wir-entsorgen-sorgen.de\/en\/wp-json\/wp\/v2\/comments?post=3737"}],"version-history":[{"count":2,"href":"https:\/\/wir-entsorgen-sorgen.de\/en\/wp-json\/wp\/v2\/pages\/3737\/revisions"}],"predecessor-version":[{"id":3739,"href":"https:\/\/wir-entsorgen-sorgen.de\/en\/wp-json\/wp\/v2\/pages\/3737\/revisions\/3739"}],"wp:attachment":[{"href":"https:\/\/wir-entsorgen-sorgen.de\/en\/wp-json\/wp\/v2\/media?parent=3737"}],"curies":[{"name":"wp","href":"https:\/\/api.w.org\/{rel}","templated":true}]}}