{"id":3740,"date":"2025-12-03T21:00:45","date_gmt":"2025-12-03T20:00:45","guid":{"rendered":"https:\/\/wir-entsorgen-sorgen.de\/?page_id=3740"},"modified":"2025-12-03T21:00:45","modified_gmt":"2025-12-03T20:00:45","slug":"anfrageformular-dach","status":"publish","type":"page","link":"https:\/\/wir-entsorgen-sorgen.de\/en\/anfrageformular-dach\/","title":{"rendered":"ANFRAGEFORMULAR DACH"},"content":{"rendered":"\n<div class=\"wpcf7 no-js\" id=\"wpcf7-f3736-o1\" lang=\"de-DE\" dir=\"ltr\" data-wpcf7-id=\"3736\">\n<div class=\"screen-reader-response\"><p role=\"status\" aria-live=\"polite\" aria-atomic=\"true\"><\/p> <ul><\/ul><\/div>\n<form action=\"\/en\/wp-json\/wp\/v2\/pages\/3740#wpcf7-f3736-o1\" method=\"post\" class=\"wpcf7-form init\" aria-label=\"Kontaktformular\" novalidate=\"novalidate\" data-status=\"init\">\n<fieldset class=\"hidden-fields-container\"><input type=\"hidden\" name=\"_wpcf7\" value=\"3736\" \/><input type=\"hidden\" name=\"_wpcf7_version\" value=\"6.1.5\" \/><input type=\"hidden\" name=\"_wpcf7_locale\" value=\"de_DE\" \/><input type=\"hidden\" name=\"_wpcf7_unit_tag\" value=\"wpcf7-f3736-o1\" \/><input type=\"hidden\" name=\"_wpcf7_container_post\" value=\"0\" \/><input type=\"hidden\" name=\"_wpcf7_posted_data_hash\" value=\"\" \/><input type=\"hidden\" name=\"_wpcf7_recaptcha_response\" value=\"\" \/>\n<\/fieldset>\n<!-- ANFRAGEFORMULAR DACH \u2013 CONTACT FORM 7 -->\n<h3>Kontaktdaten\n<\/h3>\n<p><label>Anrede<br \/>\n<span class=\"wpcf7-form-control-wrap\" data-name=\"contact_salutation\"><select class=\"wpcf7-form-control wpcf7-select\" aria-invalid=\"false\" name=\"contact_salutation\"><option value=\"\">&#8211; Bitte ausw\u00e4hlen &#8211;<\/option><option value=\"Herr\">Herr<\/option><option value=\"Frau\">Frau<\/option><option value=\"Divers\">Divers<\/option><option value=\"Firma\">Firma<\/option><\/select><\/span><br \/>\n<\/label><br \/>\n<label>Name \/ Ansprechpartner*<br \/>\n<span class=\"wpcf7-form-control-wrap\" data-name=\"contact_name\"><input size=\"40\" maxlength=\"400\" class=\"wpcf7-form-control wpcf7-text wpcf7-validates-as-required\" aria-required=\"true\" aria-invalid=\"false\" value=\"\" type=\"text\" name=\"contact_name\" \/><\/span><br \/>\n<\/label><br \/>\n<label>Firma<br \/>\n<span class=\"wpcf7-form-control-wrap\" data-name=\"contact_company\"><input size=\"40\" maxlength=\"400\" class=\"wpcf7-form-control wpcf7-text\" aria-invalid=\"false\" value=\"\" type=\"text\" name=\"contact_company\" \/><\/span><br \/>\n<\/label><br \/>\n<label>E-Mail-Adresse*<br \/>\n<span class=\"wpcf7-form-control-wrap\" data-name=\"contact_email\"><input size=\"40\" maxlength=\"400\" class=\"wpcf7-form-control wpcf7-email wpcf7-validates-as-required wpcf7-text wpcf7-validates-as-email\" aria-required=\"true\" aria-invalid=\"false\" value=\"\" type=\"email\" name=\"contact_email\" \/><\/span><br \/>\n<\/label>\n<\/p>\n<p><label>Telefonnummer*<br \/>\n<span class=\"wpcf7-form-control-wrap\" data-name=\"contact_phone\"><input size=\"40\" maxlength=\"400\" class=\"wpcf7-form-control wpcf7-tel wpcf7-validates-as-required wpcf7-text wpcf7-validates-as-tel\" aria-required=\"true\" aria-invalid=\"false\" value=\"\" type=\"tel\" name=\"contact_phone\" \/><\/span><br \/>\n<\/label>\n<\/p>\n<p><label>Bevorzugte R\u00fcckrufzeit<br \/>\n<span class=\"wpcf7-form-control-wrap\" data-name=\"contact_preferred_time\"><select class=\"wpcf7-form-control wpcf7-select\" aria-invalid=\"false\" name=\"contact_preferred_time\"><option value=\"\">&#8211; Bitte ausw\u00e4hlen &#8211;<\/option><option value=\"Vormittags\">Vormittags<\/option><option value=\"Nachmittags\">Nachmittags<\/option><option value=\"Abends\">Abends<\/option><option value=\"Egal\">Egal<\/option><\/select><\/span><br \/>\n<\/label>\n<\/p>\n<hr \/>\n<h3>Objekt \/ Standort des Daches\n<\/h3>\n<p><label>Stra\u00dfe und Hausnummer*<br \/>\n<span class=\"wpcf7-form-control-wrap\" data-name=\"object_street\"><input size=\"40\" maxlength=\"400\" class=\"wpcf7-form-control wpcf7-text wpcf7-validates-as-required\" aria-required=\"true\" aria-invalid=\"false\" value=\"\" type=\"text\" name=\"object_street\" \/><\/span><br \/>\n<\/label>\n<\/p>\n<p><label>PLZ*<br \/>\n<span class=\"wpcf7-form-control-wrap\" data-name=\"object_zip\"><input size=\"40\" maxlength=\"400\" class=\"wpcf7-form-control wpcf7-text wpcf7-validates-as-required\" aria-required=\"true\" aria-invalid=\"false\" value=\"\" type=\"text\" name=\"object_zip\" \/><\/span><br \/>\n<\/label>\n<\/p>\n<p><label>Ort*<br \/>\n<span class=\"wpcf7-form-control-wrap\" data-name=\"object_city\"><input size=\"40\" maxlength=\"400\" class=\"wpcf7-form-control wpcf7-text wpcf7-validates-as-required\" aria-required=\"true\" aria-invalid=\"false\" value=\"\" type=\"text\" name=\"object_city\" \/><\/span><br \/>\n<\/label>\n<\/p>\n<p><label>Art des Geb\u00e4udes*<br \/>\n<span class=\"wpcf7-form-control-wrap\" data-name=\"object_type\"><select class=\"wpcf7-form-control wpcf7-select wpcf7-validates-as-required\" aria-required=\"true\" aria-invalid=\"false\" name=\"object_type\"><option value=\"\">&#8211; Bitte ausw\u00e4hlen &#8211;<\/option><option value=\"Einfamilienhaus\">Einfamilienhaus<\/option><option value=\"Doppelhaush\u00e4lfte\">Doppelhaush\u00e4lfte<\/option><option value=\"Reihenhaus\">Reihenhaus<\/option><option value=\"Mehrfamilienhaus\">Mehrfamilienhaus<\/option><option value=\"Gewerbegeb\u00e4ude\">Gewerbegeb\u00e4ude<\/option><option value=\"Halle\">Halle<\/option><option value=\"Sonstiges\">Sonstiges<\/option><\/select><\/span><br \/>\n<\/label>\n<\/p>\n<p><label>Baujahr des Geb\u00e4udes (ca.)<br \/>\n<span class=\"wpcf7-form-control-wrap\" data-name=\"object_year\"><input class=\"wpcf7-form-control wpcf7-number wpcf7-validates-as-number\" min=\"1900\" max=\"2100\" aria-invalid=\"false\" value=\"\" type=\"number\" name=\"object_year\" \/><\/span><br \/>\n<\/label>\n<\/p>\n<hr \/>\n<h3>Art der Dacharbeiten\n<\/h3>\n<p>Welche Arbeiten sollen am Dach ausgef\u00fchrt werden?*\n<\/p>\n<p><span class=\"wpcf7-form-control-wrap\" data-name=\"roof_work_type\"><span class=\"wpcf7-form-control wpcf7-checkbox wpcf7-validates-as-required\"><span class=\"wpcf7-list-item first\"><label><input type=\"checkbox\" name=\"roof_work_type[]\" value=\"Kompletter Dachabbruch (Dachstuhl + Eindeckung)\" \/><span class=\"wpcf7-list-item-label\">Kompletter Dachabbruch (Dachstuhl + Eindeckung)<\/span><\/label><\/span><span class=\"wpcf7-list-item\"><label><input type=\"checkbox\" name=\"roof_work_type[]\" value=\"Nur Dacheindeckung entfernen\" \/><span class=\"wpcf7-list-item-label\">Nur Dacheindeckung entfernen<\/span><\/label><\/span><span class=\"wpcf7-list-item\"><label><input type=\"checkbox\" name=\"roof_work_type[]\" value=\"Nur Dachstuhl abbrechen\" \/><span class=\"wpcf7-list-item-label\">Nur Dachstuhl abbrechen<\/span><\/label><\/span><span class=\"wpcf7-list-item\"><label><input type=\"checkbox\" name=\"roof_work_type[]\" value=\"Neubau \/ Errichtung eines Dachstuhls\" \/><span class=\"wpcf7-list-item-label\">Neubau \/ Errichtung eines Dachstuhls<\/span><\/label><\/span><span class=\"wpcf7-list-item\"><label><input type=\"checkbox\" name=\"roof_work_type[]\" value=\"Teilfl\u00e4che (z. B. Anbau)\" \/><span class=\"wpcf7-list-item-label\">Teilfl\u00e4che (z. B. Anbau)<\/span><\/label><\/span><span class=\"wpcf7-list-item last\"><label><input type=\"checkbox\" name=\"roof_work_type[]\" value=\"Nur Entsorgung bereits abgebauter Materialien\" \/><span class=\"wpcf7-list-item-label\">Nur Entsorgung bereits abgebauter Materialien<\/span><\/label><\/span><\/span><\/span>\n<\/p>\n<p><label>Genaue Beschreibung des Umfangs*<br \/>\n<span class=\"wpcf7-form-control-wrap\" data-name=\"roof_scope_details\"><textarea cols=\"40\" rows=\"10\" maxlength=\"2000\" class=\"wpcf7-form-control wpcf7-textarea wpcf7-validates-as-required\" aria-required=\"true\" aria-invalid=\"false\" placeholder=\"z. B. komplette S\u00fcdseite, ca. 80 m\u00b2, inkl. Dachstuhl entfernen \/ neu erstellen\" name=\"roof_scope_details\"><\/textarea><\/span><br \/>\n<\/label>\n<\/p>\n<hr \/>\n<h3>Dachdaten\n<\/h3>\n<p><label>Dachform*<br \/>\n<span class=\"wpcf7-form-control-wrap\" data-name=\"roof_shape\"><select class=\"wpcf7-form-control wpcf7-select wpcf7-validates-as-required\" aria-required=\"true\" aria-invalid=\"false\" name=\"roof_shape\"><option value=\"\">&#8211; Bitte ausw\u00e4hlen &#8211;<\/option><option value=\"Satteldach\">Satteldach<\/option><option value=\"Walmdach\">Walmdach<\/option><option value=\"Pultdach\">Pultdach<\/option><option value=\"Flachdach\">Flachdach<\/option><option value=\"Zeltdach\">Zeltdach<\/option><option value=\"Sonstiges\">Sonstiges<\/option><\/select><\/span><br \/>\n<\/label>\n<\/p>\n<p><label>Zu bearbeitende Dachfl\u00e4che (ca. in m\u00b2)*<br \/>\n<span class=\"wpcf7-form-control-wrap\" data-name=\"roof_area_to_work\"><input class=\"wpcf7-form-control wpcf7-number wpcf7-validates-as-required wpcf7-validates-as-number\" min=\"1\" aria-required=\"true\" aria-invalid=\"false\" value=\"\" type=\"number\" name=\"roof_area_to_work\" \/><\/span><br \/>\n<\/label>\n<\/p>\n<p><label>Art der aktuellen Dacheindeckung*<br \/>\n<span class=\"wpcf7-form-control-wrap\" data-name=\"roof_covering_type\"><select class=\"wpcf7-form-control wpcf7-select wpcf7-validates-as-required\" aria-required=\"true\" aria-invalid=\"false\" name=\"roof_covering_type\"><option value=\"\">&#8211; Bitte ausw\u00e4hlen &#8211;<\/option><option value=\"Ziegel (Ton)\">Ziegel (Ton)<\/option><option value=\"Betondachsteine\">Betondachsteine<\/option><option value=\"Naturschiefer\">Naturschiefer<\/option><option value=\"Faserzement-Wellplatten\">Faserzement-Wellplatten<\/option><option value=\"Faserzement-Flachplatten\">Faserzement-Flachplatten<\/option><option value=\"Bitumenbahn\">Bitumenbahn<\/option><option value=\"Blech \/ Trapezblech\">Blech \/ Trapezblech<\/option><option value=\"Sonstiges\">Sonstiges<\/option><\/select><\/span><br \/>\n<\/label>\n<\/p>\n<hr \/>\n<h3>Asbest am Dach\n<\/h3>\n<p><label>Wird Asbest am Dach vermutet oder ist bekannt?*<br \/>\n[radio* asbestos_suspected use_label_element \"Ja\" \"Nein\" \"Unklar\"]<br \/>\n<\/label>\n<\/p>\n<p><label>Art des vermuteten\/bekannten Asbestmaterials<br \/>\n<span class=\"wpcf7-form-control-wrap\" data-name=\"asbestos_material_type\"><select class=\"wpcf7-form-control wpcf7-select\" aria-invalid=\"false\" name=\"asbestos_material_type\"><option value=\"\">&#8211; Bitte ausw\u00e4hlen &#8211;<\/option><option value=\"Wellplatten (Faserzement)\">Wellplatten (Faserzement)<\/option><option value=\"Flachplatten\">Flachplatten<\/option><option value=\"Dachschindeln\">Dachschindeln<\/option><option value=\"Sonstiges\">Sonstiges<\/option><\/select><\/span><br \/>\n<\/label>\n<\/p>\n<hr \/>\n<h3>KMF \/ D\u00e4mmung\n<\/h3>\n<p><label>Ist D\u00e4mmung im Dachbereich vorhanden?<br \/>\n<span class=\"wpcf7-form-control-wrap\" data-name=\"kmf_present\"><span class=\"wpcf7-form-control wpcf7-radio\"><span class=\"wpcf7-list-item first\"><label><input type=\"radio\" name=\"kmf_present\" value=\"Ja\" \/><span class=\"wpcf7-list-item-label\">Ja<\/span><\/label><\/span><span class=\"wpcf7-list-item\"><label><input type=\"radio\" name=\"kmf_present\" value=\"Nein\" \/><span class=\"wpcf7-list-item-label\">Nein<\/span><\/label><\/span><span class=\"wpcf7-list-item last\"><label><input type=\"radio\" name=\"kmf_present\" value=\"Unbekannt\" \/><span class=\"wpcf7-list-item-label\">Unbekannt<\/span><\/label><\/span><\/span><\/span><br \/>\n<\/label>\n<\/p>\n<hr \/>\n<h3>Ausf\u00fchrungszeitraum &amp; Dringlichkeit\n<\/h3>\n<p><label>Dringlichkeit*<br \/>\n<span class=\"wpcf7-form-control-wrap\" data-name=\"schedule_urgency\"><select class=\"wpcf7-form-control wpcf7-select wpcf7-validates-as-required\" aria-required=\"true\" aria-invalid=\"false\" name=\"schedule_urgency\"><option value=\"\">&#8211; Bitte ausw\u00e4hlen &#8211;<\/option><option value=\"Sehr dringend (innerhalb 2 Wochen)\">Sehr dringend (innerhalb 2 Wochen)<\/option><option value=\"In den n\u00e4chsten 2\u20136 Wochen\">In den n\u00e4chsten 2\u20136 Wochen<\/option><option value=\"Flexibel\">Flexibel<\/option><\/select><\/span><br \/>\n<\/label>\n<\/p>\n<p><label>Gew\u00fcnschter Ausf\u00fchrungszeitraum<br \/>\n<span class=\"wpcf7-form-control-wrap\" data-name=\"schedule_desired_start\"><input size=\"40\" maxlength=\"400\" class=\"wpcf7-form-control wpcf7-text\" aria-invalid=\"false\" placeholder=\"z. B. ab KW 30 oder &#039;nach Absprache&#039;\" value=\"\" type=\"text\" name=\"schedule_desired_start\" \/><\/span><br \/>\n<\/label>\n<\/p>\n<hr \/>\n<h3>Budget\n<\/h3>\n<p><label>Budgetvorstellung (netto)<br \/>\n<span class=\"wpcf7-form-control-wrap\" data-name=\"budget_estimate\"><input size=\"40\" maxlength=\"400\" class=\"wpcf7-form-control wpcf7-text\" aria-invalid=\"false\" placeholder=\"z. B. bis 10.000 \u20ac\" value=\"\" type=\"text\" name=\"budget_estimate\" \/><\/span><br \/>\n<\/label>\n<\/p>\n<hr \/>\n<h3>Sonstige Hinweise\n<\/h3>\n<p><label>Weitere Anmerkungen \/ Besonderheiten<br \/>\n<span class=\"wpcf7-form-control-wrap\" data-name=\"notes_general\"><textarea cols=\"40\" rows=\"10\" maxlength=\"2000\" class=\"wpcf7-form-control wpcf7-textarea\" aria-invalid=\"false\" placeholder=\"z. B. schwierige Zufahrt, Denkmalschutz, vorhandene PV-Anlage, etc.\" name=\"notes_general\"><\/textarea><\/span><br \/>\n<\/label>\n<\/p>\n<hr \/>\n<h3>Datenschutz\n<\/h3>\n<p><label><br \/>\n<span class=\"wpcf7-form-control-wrap\" data-name=\"privacy_consent\"><span class=\"wpcf7-form-control wpcf7-checkbox wpcf7-validates-as-required\"><span class=\"wpcf7-list-item first last\"><label><input type=\"checkbox\" name=\"privacy_consent[]\" value=\"Ich bin mit der Verarbeitung meiner Daten zur Bearbeitung meiner Anfrage einverstanden.\" \/><span class=\"wpcf7-list-item-label\">Ich bin mit der Verarbeitung meiner Daten zur Bearbeitung meiner Anfrage einverstanden.<\/span><\/label><\/span><\/span><\/span><br \/>\n<\/label>\n<\/p>\n<p><label><br \/>\n<span class=\"wpcf7-form-control-wrap\" data-name=\"marketing_consent\"><span class=\"wpcf7-form-control wpcf7-checkbox\"><span class=\"wpcf7-list-item first last\"><label><input type=\"checkbox\" name=\"marketing_consent[]\" value=\"Ich m\u00f6chte \u00fcber zuk\u00fcnftige Angebote informiert werden.\" \/><span class=\"wpcf7-list-item-label\">Ich m\u00f6chte \u00fcber zuk\u00fcnftige Angebote informiert werden.<\/span><\/label><\/span><\/span><\/span><br \/>\n<\/label>\n<\/p>\n<p><input class=\"wpcf7-form-control wpcf7-submit has-spinner\" type=\"submit\" value=\"Anfrage absenden\" \/>\n<\/p><div class=\"wpcf7-response-output\" aria-hidden=\"true\"><\/div>\n<\/form>\n<\/div>\n\n","protected":false},"excerpt":{"rendered":"","protected":false},"author":8,"featured_media":0,"parent":0,"menu_order":0,"comment_status":"closed","ping_status":"closed","template":"","meta":{"footnotes":""},"class_list":["post-3740","page","type-page","status-publish","hentry"],"_links":{"self":[{"href":"https:\/\/wir-entsorgen-sorgen.de\/en\/wp-json\/wp\/v2\/pages\/3740","targetHints":{"allow":["GET"]}}],"collection":[{"href":"https:\/\/wir-entsorgen-sorgen.de\/en\/wp-json\/wp\/v2\/pages"}],"about":[{"href":"https:\/\/wir-entsorgen-sorgen.de\/en\/wp-json\/wp\/v2\/types\/page"}],"author":[{"embeddable":true,"href":"https:\/\/wir-entsorgen-sorgen.de\/en\/wp-json\/wp\/v2\/users\/8"}],"replies":[{"embeddable":true,"href":"https:\/\/wir-entsorgen-sorgen.de\/en\/wp-json\/wp\/v2\/comments?post=3740"}],"version-history":[{"count":2,"href":"https:\/\/wir-entsorgen-sorgen.de\/en\/wp-json\/wp\/v2\/pages\/3740\/revisions"}],"predecessor-version":[{"id":3742,"href":"https:\/\/wir-entsorgen-sorgen.de\/en\/wp-json\/wp\/v2\/pages\/3740\/revisions\/3742"}],"wp:attachment":[{"href":"https:\/\/wir-entsorgen-sorgen.de\/en\/wp-json\/wp\/v2\/media?parent=3740"}],"curies":[{"name":"wp","href":"https:\/\/api.w.org\/{rel}","templated":true}]}}