{"id":980,"date":"2023-09-11T14:15:04","date_gmt":"2023-09-11T13:15:04","guid":{"rendered":"https:\/\/wir-entsorgen-sorgen.de\/?page_id=980"},"modified":"2024-11-01T19:56:53","modified_gmt":"2024-11-01T18:56:53","slug":"konzeption-und-design","status":"publish","type":"page","link":"https:\/\/wir-entsorgen-sorgen.de\/en\/konzeption-und-design\/","title":{"rendered":"Concept &amp; design for your dream project"},"content":{"rendered":"<p><strong>Concept &amp; design for your dream project<\/strong><\/p>\n<p>In the world of construction, the right concept and design is crucial. At Wir Entsorgen Sorgen, we offer a comprehensive service that ensures your project runs smoothly from start to finish.<\/p>\n<p><strong>Property valuation:<\/strong> Before a construction project begins, it is important to assess the property thoroughly. Our experts check the plot for buildability, geographical characteristics and other relevant aspects. This ensures that your project is built on a solid foundation.<\/p>\n<p><strong>Innovative designs:<\/strong> A good design is more than just aesthetics. Our architects design with your specifications and the conditions of the site in mind. We combine functionality with beauty to ensure that your building project not only looks good, but also meets your requirements.<\/p>\n<p><strong><a href=\"https:\/\/www.kfw.de\/inlandsfoerderung\/Privatpersonen\/Neubau\/F%C3%B6rderprodukte\/Klimafreundlicher-Neubau-im-Niedrigpreissegment-(296)\/\">Legal conformity<\/a>:<\/strong> There are many regulations and laws in the construction industry that must be observed. Our legal experts ensure that all designs comply with current building regulations and laws. With \"Wir Entsorgen Sorgen\" you can be sure that your project is in good hands.<\/p>\n<p><strong>Conclusion:<\/strong> At \"Wir Entsorgen Sorgen\", the customer takes center stage. Our concept &amp; design services are focused on disposing of all your construction worries and ensuring that your project turns out exactly as you envisioned it.<\/p>\n<p><a href=\"https:\/\/wir-entsorgen-sorgen.de\/en\/blog\/der-schluessel-zu-einem-erfolgreichen-bauvorhaben\/\">The key to a successful construction project<\/a><\/p>\n<p><a href=\"https:\/\/wir-entsorgen-sorgen.de\/en\/vision-und-beratung-2\/\">Vision and advice<\/a><\/p>\n<p><a href=\"https:\/\/wir-entsorgen-sorgen.de\/en\/konzeption-und-design\/\">Conception and design<\/a><\/p>\n<p><a href=\"https:\/\/wir-entsorgen-sorgen.de\/en\/genehmigung-dokumentation\/\">Approval and documentation<\/a><\/p>\n<p><a href=\"https:\/\/wir-entsorgen-sorgen.de\/en\/realisierung-bau\/\">Realization and construction<\/a><\/p>\n<p><a href=\"https:\/\/wir-entsorgen-sorgen.de\/en\/kontrolle-uebergabe\/\">Inspection and handover<\/a><\/p>\n<p><a href=\"https:\/\/wir-entsorgen-sorgen.de\/en\/kundendienst-nachbetreuung\/\">Customer service and aftercare<\/a><\/p>","protected":false},"excerpt":{"rendered":"<p>Konzeption &amp; Design f\u00fcr Ihr Traumprojekt In der Welt des Bauwesens ist die richtige Konzeption und das passende Design entscheidend. Bei &#8222;Wir Entsorgen Sorgen&#8220; bieten wir Ihnen einen umfassenden Service, der sicherstellt, dass Ihr Projekt von Anfang bis Ende reibungslos verl\u00e4uft. Grundst\u00fccksbewertung: Bevor ein Bauvorhaben beginnt, ist es wichtig, das Grundst\u00fcck gr\u00fcndlich zu bewerten. Unsere [&hellip;]<\/p>\n","protected":false},"author":4,"featured_media":1080,"parent":0,"menu_order":0,"comment_status":"closed","ping_status":"closed","template":"","meta":{"footnotes":""},"class_list":["post-980","page","type-page","status-publish","has-post-thumbnail","hentry"],"_links":{"self":[{"href":"https:\/\/wir-entsorgen-sorgen.de\/en\/wp-json\/wp\/v2\/pages\/980","targetHints":{"allow":["GET"]}}],"collection":[{"href":"https:\/\/wir-entsorgen-sorgen.de\/en\/wp-json\/wp\/v2\/pages"}],"about":[{"href":"https:\/\/wir-entsorgen-sorgen.de\/en\/wp-json\/wp\/v2\/types\/page"}],"author":[{"embeddable":true,"href":"https:\/\/wir-entsorgen-sorgen.de\/en\/wp-json\/wp\/v2\/users\/4"}],"replies":[{"embeddable":true,"href":"https:\/\/wir-entsorgen-sorgen.de\/en\/wp-json\/wp\/v2\/comments?post=980"}],"version-history":[{"count":5,"href":"https:\/\/wir-entsorgen-sorgen.de\/en\/wp-json\/wp\/v2\/pages\/980\/revisions"}],"predecessor-version":[{"id":982,"href":"https:\/\/wir-entsorgen-sorgen.de\/en\/wp-json\/wp\/v2\/pages\/980\/revisions\/982"}],"wp:featuredmedia":[{"embeddable":true,"href":"https:\/\/wir-entsorgen-sorgen.de\/en\/wp-json\/wp\/v2\/media\/1080"}],"wp:attachment":[{"href":"https:\/\/wir-entsorgen-sorgen.de\/en\/wp-json\/wp\/v2\/media?parent=980"}],"curies":[{"name":"wp","href":"https:\/\/api.w.org\/{rel}","templated":true}]}}