{"id":1001,"date":"2023-09-11T14:29:21","date_gmt":"2023-09-11T13:29:21","guid":{"rendered":"https:\/\/wir-entsorgen-sorgen.de\/?page_id=1001"},"modified":"2024-11-01T20:00:52","modified_gmt":"2024-11-01T19:00:52","slug":"kundendienst-nachbetreuung","status":"publish","type":"page","link":"https:\/\/wir-entsorgen-sorgen.de\/tr\/kundendienst-nachbetreuung\/","title":{"rendered":"M\u00fc\u015fteri hizmetleri ve sonras\u0131 bak\u0131m"},"content":{"rendered":"<p><strong>Kal\u0131c\u0131 memnuniyet i\u00e7in m\u00fc\u015fteri hizmetleri ve sonras\u0131 bak\u0131m<\/strong><\/p>\n<p>Ba\u015far\u0131l\u0131 bir in\u015faat projesi, binan\u0131n tamamlanmas\u0131yla sona ermez. \"Wir Entsorgen Sorgen\" olarak, ger\u00e7ek hizmetin in\u015faat a\u015famas\u0131n\u0131n \u00f6tesine ge\u00e7ti\u011fine inan\u0131yoruz. M\u00fc\u015fterilerimize olan ba\u011fl\u0131l\u0131\u011f\u0131m\u0131z proje tamamland\u0131ktan sonra da devam etmektedir. <a href=\"https:\/\/www.kfw.de\/inlandsfoerderung\/Privatpersonen\/Neubau\/F%C3%B6rderprodukte\/Klimafreundlicher-Neubau-im-Niedrigpreissegment-(296)\/\">Proje<\/a> var.<\/p>\n<p><strong>Her zaman yan\u0131n\u0131zday\u0131m:<\/strong> \u0130n\u015faat projeleri karma\u015f\u0131k olabilir ve her \u015fey tamamland\u0131ktan sonra bile sorular veya endi\u015feler ortaya \u00e7\u0131kabilir. Bu nedenle, proje tamamland\u0131ktan sonra bile sorular\u0131n\u0131z, endi\u015feleriniz veya gerekli onar\u0131mlar konusunda size yard\u0131mc\u0131 olmak i\u00e7in buraday\u0131z. \u0130ster k\u00fc\u00e7\u00fck ayarlamalar ister kapsaml\u0131 bir yeniden \u00e7al\u0131\u015fma olsun, ekibimiz size yard\u0131mc\u0131 olmaya haz\u0131rd\u0131r.<\/p>\n<p><strong>Sizin memnuniyetiniz bizim te\u015fvikimizdir:<\/strong> \"Wir Entsorgen Sorgen\" olarak ba\u015far\u0131m\u0131z\u0131 m\u00fc\u015fterilerimizin memnuniyetiyle \u00f6l\u00e7\u00fcyoruz. Her projenin benzersiz oldu\u011funu ve bireysel gereksinimleri oldu\u011funu biliyoruz. Bu nedenle, nihai sonu\u00e7tan memnun kalman\u0131z\u0131 sa\u011flamak i\u00e7in size \u00f6zel \u00e7\u00f6z\u00fcmler sunuyoruz.<\/p>\n<p><strong>S\u00f6z veriyoruz:<\/strong> \"Wir Entsorgen Sorgen \"de m\u00fc\u015fteri merkezde yer al\u0131r. M\u00fc\u015fteri hizmetleri ve bak\u0131m sonras\u0131 hizmetlerimiz, t\u00fcm in\u015faat endi\u015felerinizi gidermek i\u00e7in tasarlanm\u0131\u015ft\u0131r. Projeniz tamamland\u0131ktan sonra bile deste\u011fimize g\u00fcvenebilece\u011finizi garanti ediyoruz.<\/p>\n<p><strong>Sonu\u00e7:<\/strong> \"Wir Entsorgen Sorgen\" olarak in\u015faat i\u015finden daha fazlas\u0131n\u0131 sunuyoruz. Fikirden projenizin tamamlanmas\u0131na ve \u00f6tesine kadar size endi\u015fesiz bir yol sunuyoruz. Uzmanl\u0131\u011f\u0131m\u0131za g\u00fcvenin ve b\u0131rak\u0131n endi\u015felerinizi biz giderelim.<\/p>\n<p><a href=\"https:\/\/wir-entsorgen-sorgen.de\/tr\/blog\/der-schluessel-zu-einem-erfolgreichen-bauvorhaben\/\">Ba\u015far\u0131l\u0131 bir in\u015faat projesinin anahtar\u0131<\/a><\/p>\n<p><a href=\"https:\/\/wir-entsorgen-sorgen.de\/tr\/vision-und-beratung-2\/\">Vizyon ve dan\u0131\u015fmanl\u0131k<\/a><\/p>\n<p><a href=\"https:\/\/wir-entsorgen-sorgen.de\/tr\/konzeption-und-design\/\">Konsept ve tasar\u0131m<\/a><\/p>\n<p><a href=\"https:\/\/wir-entsorgen-sorgen.de\/tr\/genehmigung-dokumentation\/\">Yetkilendirme ve belgelendirme<\/a><\/p>\n<p><a href=\"https:\/\/wir-entsorgen-sorgen.de\/tr\/realisierung-bau\/\">Ger\u00e7ekle\u015ftirme ve in\u015faat<\/a><\/p>\n<p><a href=\"https:\/\/wir-entsorgen-sorgen.de\/tr\/kontrolle-uebergabe\/\">Denetim ve devir teslim<\/a><\/p>\n<p><a href=\"https:\/\/wir-entsorgen-sorgen.de\/tr\/kundendienst-nachbetreuung\/\">M\u00fc\u015fteri hizmetleri ve sonras\u0131 bak\u0131m<\/a><\/p>","protected":false},"excerpt":{"rendered":"<p>Kundendienst &amp; Nachbetreuung f\u00fcr dauerhafte Zufriedenheit Ein erfolgreiches Bauvorhaben endet nicht mit der Fertigstellung des Geb\u00e4udes. Bei &#8222;Wir Entsorgen Sorgen&#8220; glauben wir, dass echter Service \u00fcber die Bauphase hinausgeht. Unsere Verpflichtung gegen\u00fcber unseren Kunden bleibt auch nach Abschluss des Projekts bestehen. Immer f\u00fcr Sie da: Bauvorhaben k\u00f6nnen komplex sein, und es k\u00f6nnen Fragen oder Anliegen [&hellip;]<\/p>\n","protected":false},"author":4,"featured_media":1078,"parent":0,"menu_order":0,"comment_status":"closed","ping_status":"closed","template":"","meta":{"footnotes":""},"class_list":["post-1001","page","type-page","status-publish","has-post-thumbnail","hentry"],"_links":{"self":[{"href":"https:\/\/wir-entsorgen-sorgen.de\/tr\/wp-json\/wp\/v2\/pages\/1001","targetHints":{"allow":["GET"]}}],"collection":[{"href":"https:\/\/wir-entsorgen-sorgen.de\/tr\/wp-json\/wp\/v2\/pages"}],"about":[{"href":"https:\/\/wir-entsorgen-sorgen.de\/tr\/wp-json\/wp\/v2\/types\/page"}],"author":[{"embeddable":true,"href":"https:\/\/wir-entsorgen-sorgen.de\/tr\/wp-json\/wp\/v2\/users\/4"}],"replies":[{"embeddable":true,"href":"https:\/\/wir-entsorgen-sorgen.de\/tr\/wp-json\/wp\/v2\/comments?post=1001"}],"version-history":[{"count":7,"href":"https:\/\/wir-entsorgen-sorgen.de\/tr\/wp-json\/wp\/v2\/pages\/1001\/revisions"}],"predecessor-version":[{"id":1003,"href":"https:\/\/wir-entsorgen-sorgen.de\/tr\/wp-json\/wp\/v2\/pages\/1001\/revisions\/1003"}],"wp:featuredmedia":[{"embeddable":true,"href":"https:\/\/wir-entsorgen-sorgen.de\/tr\/wp-json\/wp\/v2\/media\/1078"}],"wp:attachment":[{"href":"https:\/\/wir-entsorgen-sorgen.de\/tr\/wp-json\/wp\/v2\/media?parent=1001"}],"curies":[{"name":"wp","href":"https:\/\/api.w.org\/{rel}","templated":true}]}}