{"id":1006,"date":"2023-09-11T14:12:40","date_gmt":"2023-09-11T13:12:40","guid":{"rendered":"https:\/\/wir-entsorgen-sorgen.de\/vision-und-beratung-2\/"},"modified":"2024-11-02T09:22:42","modified_gmt":"2024-11-02T08:22:42","slug":"vision-und-beratung-2","status":"publish","type":"page","link":"https:\/\/wir-entsorgen-sorgen.de\/tr\/vision-und-beratung-2\/","title":{"rendered":"Vizyon ve dan\u0131\u015fmanl\u0131k"},"content":{"rendered":"<p><strong>Sizin i\u00e7in vizyon ve dan\u0131\u015fmanl\u0131k <a href=\"https:\/\/www.kfw.de\/inlandsfoerderung\/Privatpersonen\/Neubau\/F%C3%B6rderprodukte\/Klimafreundlicher-Neubau-im-Niedrigpreissegment-(296)\/\">Bina projesi<\/a><\/strong><\/p>\n<p>Wir Entsorgen Sorgen olarak, her in\u015faat projesinin kendine \u00f6zg\u00fc bir vizyonu ve \u00f6zel gereksinimleri oldu\u011funu biliyoruz. \u0130n\u015faat sekt\u00f6r\u00fcndeki uzmanl\u0131\u011f\u0131m\u0131z, vizyonunuzu ger\u00e7e\u011fe d\u00f6n\u00fc\u015ft\u00fcrmemizi ve bu s\u00fcre\u00e7te t\u00fcm endi\u015felerinizi ortadan kald\u0131rmam\u0131z\u0131 sa\u011flar.<\/p>\n<p><strong>Hedeflerinize odaklan\u0131n:<\/strong> \u0130lk toplant\u0131m\u0131zda, isteklerinizi, fikirlerinizi ve beklentilerinizi ayr\u0131nt\u0131l\u0131 olarak tart\u0131\u015fmak i\u00e7in zaman ay\u0131r\u0131yoruz. \u0130ster l\u00fcks bir konut projesi ister i\u015flevsel bir i\u015f b\u00f6lgesi olsun, vizyonunuz yapt\u0131\u011f\u0131m\u0131z her \u015feyin merkezinde yer al\u0131r. Fikirlerinizin m\u00fckemmel bir \u015fekilde hayata ge\u00e7irilmesini sa\u011flamak i\u00e7in buraday\u0131z.<\/p>\n<p><strong>\u015eeffaf b\u00fct\u00e7e planlamas\u0131:<\/strong> Finansal planlama \u00e7o\u011fu zaman stres ve endi\u015fe kayna\u011f\u0131 olabilir. \"Wir Entsorgen Sorgen\" olarak, finansal se\u00e7eneklerinizi analiz etmek i\u00e7in sizinle birlikte \u00e7al\u0131\u015f\u0131yoruz. Ho\u015f olmayan s\u00fcrprizlerden ka\u00e7\u0131nmak i\u00e7in ihtiya\u00e7lar\u0131n\u0131za g\u00f6re uyarlanm\u0131\u015f \u00f6zel bir b\u00fct\u00e7e olu\u015fturuyoruz. \u015eeffaf yakla\u015f\u0131m\u0131m\u0131z, mali durumunuz hakk\u0131nda her zaman genel bir bak\u0131\u015fa sahip olman\u0131z\u0131 sa\u011flar.<\/p>\n<p><strong>Uzmanlar taraf\u0131ndan konum analizi:<\/strong> Bir in\u015faat projesinin ba\u015far\u0131s\u0131 i\u00e7in do\u011fru yerin se\u00e7ilmesi \u00e7ok \u00f6nemlidir. Uzmanlar\u0131m\u0131z, projeniz i\u00e7in ideal konumu bulmak amac\u0131yla \u00e7evreyi, ula\u015f\u0131m ba\u011flant\u0131lar\u0131n\u0131, altyap\u0131y\u0131 ve yerel ko\u015fullar\u0131 de\u011ferlendirir. Projenizin yaln\u0131zca i\u015flevsel olarak de\u011fil, ayn\u0131 zamanda en iyi konumda ger\u00e7ekle\u015ftirilmesini sa\u011fl\u0131yoruz.<\/p>\n<p><strong>Sonu\u00e7:<\/strong> \"Wir Entsorgen Sorgen \"de m\u00fc\u015fteri merkezde yer al\u0131r. Vizyonumuz ve tavsiyelerimiz, in\u015faat sekt\u00f6r\u00fcndeki t\u00fcm endi\u015felerinizi ortadan kald\u0131rmay\u0131 ve projenizin sorunsuz ve beklentilerinize g\u00f6re ger\u00e7ekle\u015ftirilmesini sa\u011flamay\u0131 ama\u00e7lamaktad\u0131r.<\/p>\n<p><a href=\"https:\/\/wir-entsorgen-sorgen.de\/tr\/blog\/der-schluessel-zu-einem-erfolgreichen-bauvorhaben\/\">Ba\u015far\u0131l\u0131 bir in\u015faat projesinin anahtar\u0131<\/a><\/p>\n<p><a href=\"https:\/\/wir-entsorgen-sorgen.de\/tr\/vision-und-beratung-2\/\">Vizyon ve dan\u0131\u015fmanl\u0131k<\/a><\/p>\n<p><a href=\"https:\/\/wir-entsorgen-sorgen.de\/tr\/konzeption-und-design\/\">Konsept ve tasar\u0131m<\/a><\/p>\n<p><a href=\"https:\/\/wir-entsorgen-sorgen.de\/tr\/genehmigung-dokumentation\/\">Yetkilendirme ve belgelendirme<\/a><\/p>\n<p><a href=\"https:\/\/wir-entsorgen-sorgen.de\/tr\/realisierung-bau\/\">Ger\u00e7ekle\u015ftirme ve in\u015faat<\/a><\/p>\n<p><a href=\"https:\/\/wir-entsorgen-sorgen.de\/tr\/kontrolle-uebergabe\/\">Denetim ve devir teslim<\/a><\/p>\n<p><a href=\"https:\/\/wir-entsorgen-sorgen.de\/tr\/kundendienst-nachbetreuung\/\">M\u00fc\u015fteri hizmetleri ve sonras\u0131 bak\u0131m<\/a><\/p>","protected":false},"excerpt":{"rendered":"<p>Vision &amp; Beratung f\u00fcr Ihr Bauvorhaben Bei &#8222;Wir Entsorgen Sorgen&#8220; verstehen wir, dass jedes Bauvorhaben eine individuelle Vision und spezifische Anforderungen hat. Unsere Expertise im Bauwesen erm\u00f6glicht es uns, Ihre Vision in die Realit\u00e4t umzusetzen und dabei alle Ihre Sorgen zu entsorgen. Ihre Ziele im Fokus: Bei einem ersten Treffen nehmen wir uns die Zeit, [&hellip;]<\/p>\n","protected":false},"author":4,"featured_media":1083,"parent":0,"menu_order":0,"comment_status":"closed","ping_status":"closed","template":"","meta":{"footnotes":""},"class_list":["post-1006","page","type-page","status-publish","has-post-thumbnail","hentry"],"_links":{"self":[{"href":"https:\/\/wir-entsorgen-sorgen.de\/tr\/wp-json\/wp\/v2\/pages\/1006","targetHints":{"allow":["GET"]}}],"collection":[{"href":"https:\/\/wir-entsorgen-sorgen.de\/tr\/wp-json\/wp\/v2\/pages"}],"about":[{"href":"https:\/\/wir-entsorgen-sorgen.de\/tr\/wp-json\/wp\/v2\/types\/page"}],"author":[{"embeddable":true,"href":"https:\/\/wir-entsorgen-sorgen.de\/tr\/wp-json\/wp\/v2\/users\/4"}],"replies":[{"embeddable":true,"href":"https:\/\/wir-entsorgen-sorgen.de\/tr\/wp-json\/wp\/v2\/comments?post=1006"}],"version-history":[{"count":4,"href":"https:\/\/wir-entsorgen-sorgen.de\/tr\/wp-json\/wp\/v2\/pages\/1006\/revisions"}],"predecessor-version":[{"id":3375,"href":"https:\/\/wir-entsorgen-sorgen.de\/tr\/wp-json\/wp\/v2\/pages\/1006\/revisions\/3375"}],"wp:featuredmedia":[{"embeddable":true,"href":"https:\/\/wir-entsorgen-sorgen.de\/tr\/wp-json\/wp\/v2\/media\/1083"}],"wp:attachment":[{"href":"https:\/\/wir-entsorgen-sorgen.de\/tr\/wp-json\/wp\/v2\/media?parent=1006"}],"curies":[{"name":"wp","href":"https:\/\/api.w.org\/{rel}","templated":true}]}}