{"id":1107,"date":"2023-09-18T13:22:19","date_gmt":"2023-09-18T12:22:19","guid":{"rendered":"https:\/\/wir-entsorgen-sorgen.de\/?page_id=1107"},"modified":"2023-09-19T10:15:29","modified_gmt":"2023-09-19T09:15:29","slug":"werterhalt-durch-asbestsanierung","status":"publish","type":"page","link":"https:\/\/wir-entsorgen-sorgen.de\/tr\/werterhalt-durch-asbestsanierung\/","title":{"rendered":"Asbest s\u00f6k\u00fcm\u00fc yoluyla de\u011ferin korunmas\u0131"},"content":{"rendered":"<strong>Asbest s\u00f6k\u00fcm\u00fc yoluyla de\u011ferin korunmas\u0131<\/strong>\r\n\r\n<strong>M\u00fclk sahipleri i\u00e7in ak\u0131ll\u0131 bir hamle<\/strong>\r\n\r\nBir zamanlar \"mucize lif\" olarak selamlanan asbest, benzersiz ses, \u0131s\u0131 ve nem koruma \u00f6zellikleri nedeniyle 1950'li ve 60'l\u0131 y\u0131llarda bir\u00e7ok yap\u0131 malzemesinde kullan\u0131ld\u0131. Ancak zaman i\u00e7inde asbestin \u00f6nemli sa\u011fl\u0131k riskleri olu\u015fturdu\u011fu anla\u015f\u0131ld\u0131. Bu nedenle Almanya'da 1990 y\u0131l\u0131ndan bu yana asbest i\u00e7eren \u00fcr\u00fcnlerin kullan\u0131m\u0131 yasaklanm\u0131\u015ft\u0131r. Bununla birlikte, asbest i\u00e7eren malzemeler hala bir\u00e7ok eski binada bulunabilmektedir.\r\n\r\n<img loading=\"lazy\" decoding=\"async\" class=\"alignnone size-medium wp-image-1116\" src=\"http:\/\/wir-entsorgen-sorgen.de\/wp-content\/uploads\/2023\/09\/asbestos-remediation-2022-11-07-09-58-38-utc-300x200.jpg\" alt=\"\" width=\"300\" height=\"200\" srcset=\"https:\/\/wir-entsorgen-sorgen.de\/wp-content\/uploads\/2023\/09\/asbestos-remediation-2022-11-07-09-58-38-utc-300x200.jpg 300w, https:\/\/wir-entsorgen-sorgen.de\/wp-content\/uploads\/2023\/09\/asbestos-remediation-2022-11-07-09-58-38-utc-1030x687.jpg 1030w, https:\/\/wir-entsorgen-sorgen.de\/wp-content\/uploads\/2023\/09\/asbestos-remediation-2022-11-07-09-58-38-utc-768x512.jpg 768w, https:\/\/wir-entsorgen-sorgen.de\/wp-content\/uploads\/2023\/09\/asbestos-remediation-2022-11-07-09-58-38-utc-1536x1025.jpg 1536w, https:\/\/wir-entsorgen-sorgen.de\/wp-content\/uploads\/2023\/09\/asbestos-remediation-2022-11-07-09-58-38-utc-2048x1366.jpg 2048w, https:\/\/wir-entsorgen-sorgen.de\/wp-content\/uploads\/2023\/09\/asbestos-remediation-2022-11-07-09-58-38-utc-1500x1000.jpg 1500w, https:\/\/wir-entsorgen-sorgen.de\/wp-content\/uploads\/2023\/09\/asbestos-remediation-2022-11-07-09-58-38-utc-705x470.jpg 705w\" sizes=\"auto, (max-width: 300px) 100vw, 300px\" \/>\r\n\r\nDie Entfernung von Asbest aus einer Immobilie ist nicht nur eine Frage des Gesundheitsschutzes, sondern auch des Werterhalts. Eine professionelle Asbestsanierung kann den Wert einer Immobilie erheblich steigern. Potenzielle K\u00e4ufer sind oft besorgt \u00fcber die Risiken von Asbest und k\u00f6nnten von einem Kauf Abstand nehmen, wenn sie wissen, dass in einem Geb\u00e4ude Asbest vorhanden ist. Durch die Sanierung werden diese Bedenken ausger\u00e4umt, und die Immobilie wird attraktiver f\u00fcr K\u00e4ufer.\r\n\r\nEs ist wichtig zu betonen, dass nicht jeder Asbest in seiner Immobilie entfernen muss. Intakte asbesthaltige Produkte sind gesundheitlich unbedenklich. Es wird jedoch problematisch, wenn diese Produkte rissig oder por\u00f6s werden, da sie dann eine sch\u00e4dliche Menge an Fasern freisetzen k\u00f6nnen. In solchen F\u00e4llen ist es ratsam, eine Sanierung in Erw\u00e4gung zu ziehen.\r\n\r\nDie Sanierung sollte immer von spezialisierten Firmen durchgef\u00fchrt werden, die Erfahrung im Umgang mit Asbest haben. Sie wissen, wie man Asbest sicher entfernt und entsorgt, ohne die Gesundheit von Menschen zu gef\u00e4hrden.\r\n\r\nZusammenfassend l\u00e4sst sich sagen, dass die Asbestsanierung eine kluge Investition f\u00fcr Immobilienbesitzer ist. Sie sch\u00fctzt nicht nur die Gesundheit der Bewohner, sondern steigert auch den Wert der Immobilie, indem potenzielle K\u00e4ufer vor den Risiken von Asbest gewarnt werden.\r\n\r\n<a href=\"https:\/\/wir-entsorgen-sorgen.de\/tr\/gesundheitliche-risiken-von-asbest\/\"><strong>Asbestin sa\u011fl\u0131k riskleri<\/strong><\/a>\r\n\r\n<a href=\"https:\/\/wir-entsorgen-sorgen.de\/tr\/werterhalt-durch-asbestsanierung\/\"><strong>Asbest s\u00f6k\u00fcm\u00fc yoluyla de\u011ferin korunmas\u0131<\/strong><\/a>\r\n\r\n<a href=\"https:\/\/wir-entsorgen-sorgen.de\/tr\/rechtskonformitaet-bei-asbestsanierung\/\"><strong>Asbest s\u00f6k\u00fcm\u00fc i\u00e7in yasal uygunluk<\/strong> <\/a>\r\n\r\n<a href=\"https:\/\/wir-entsorgen-sorgen.de\/tr\/umweltschutz-bei-asbestsanierung\/\"><strong>Asbest s\u00f6k\u00fcm\u00fc s\u0131ras\u0131nda \u00e7evrenin korunmas\u0131<\/strong><\/a>\r\n\r\n<!-- \/wp:post-content -->","protected":false},"excerpt":{"rendered":"<p>Werterhalt durch Asbestsanierung Ein kluger Schritt f\u00fcr Immobilienbesitzer Asbest, einst als &#8222;Wunderfaser&#8220; gepriesen, wurde in den 1950er und 60er Jahren aufgrund seiner einzigartigen Schall-, W\u00e4rme- und Feuchtigkeitsschutz-Eigenschaften in vielen Baumaterialien verwendet. Doch mit der Zeit wurde klar, dass Asbest erhebliche gesundheitliche Risiken birgt. Daher wurde die Verwendung von asbesthaltigen Produkten in Deutschland seit 1990 verboten. [&hellip;]<\/p>\n","protected":false},"author":4,"featured_media":1117,"parent":0,"menu_order":0,"comment_status":"closed","ping_status":"closed","template":"","meta":{"footnotes":""},"class_list":["post-1107","page","type-page","status-publish","has-post-thumbnail","hentry"],"_links":{"self":[{"href":"https:\/\/wir-entsorgen-sorgen.de\/tr\/wp-json\/wp\/v2\/pages\/1107","targetHints":{"allow":["GET"]}}],"collection":[{"href":"https:\/\/wir-entsorgen-sorgen.de\/tr\/wp-json\/wp\/v2\/pages"}],"about":[{"href":"https:\/\/wir-entsorgen-sorgen.de\/tr\/wp-json\/wp\/v2\/types\/page"}],"author":[{"embeddable":true,"href":"https:\/\/wir-entsorgen-sorgen.de\/tr\/wp-json\/wp\/v2\/users\/4"}],"replies":[{"embeddable":true,"href":"https:\/\/wir-entsorgen-sorgen.de\/tr\/wp-json\/wp\/v2\/comments?post=1107"}],"version-history":[{"count":5,"href":"https:\/\/wir-entsorgen-sorgen.de\/tr\/wp-json\/wp\/v2\/pages\/1107\/revisions"}],"predecessor-version":[{"id":1144,"href":"https:\/\/wir-entsorgen-sorgen.de\/tr\/wp-json\/wp\/v2\/pages\/1107\/revisions\/1144"}],"wp:featuredmedia":[{"embeddable":true,"href":"https:\/\/wir-entsorgen-sorgen.de\/tr\/wp-json\/wp\/v2\/media\/1117"}],"wp:attachment":[{"href":"https:\/\/wir-entsorgen-sorgen.de\/tr\/wp-json\/wp\/v2\/media?parent=1107"}],"curies":[{"name":"wp","href":"https:\/\/api.w.org\/{rel}","templated":true}]}}