{"id":1121,"date":"2023-09-18T13:50:17","date_gmt":"2023-09-18T12:50:17","guid":{"rendered":"https:\/\/wir-entsorgen-sorgen.de\/?page_id=1121"},"modified":"2024-11-02T09:17:05","modified_gmt":"2024-11-02T08:17:05","slug":"rechtskonformitaet-bei-asbestsanierung","status":"publish","type":"page","link":"https:\/\/wir-entsorgen-sorgen.de\/tr\/rechtskonformitaet-bei-asbestsanierung\/","title":{"rendered":"Asbest s\u00f6k\u00fcm\u00fc i\u00e7in yasal uygunluk"},"content":{"rendered":"<p><strong>Asbest s\u00f6k\u00fcm\u00fc i\u00e7in yasal uygunluk:<\/strong><\/p>\n<p><strong>Her \u015feyden \u00f6nce g\u00fcvenlik ve yasal uyumluluk<\/strong><\/p>\n<p>Bir zamanlar yanmaz ve yal\u0131tkan \u00f6zellikleri nedeniyle de\u011fer verilen asbest, g\u00fcn\u00fcm\u00fczde sa\u011fl\u0131k riskleri nedeniyle itibar\u0131n\u0131 yitirmi\u015ftir. Bu nedenle, asbestin binalardan ve di\u011fer yap\u0131lardan uzakla\u015ft\u0131r\u0131lmas\u0131 yaln\u0131zca sa\u011fl\u0131\u011f\u0131n korunmas\u0131yla de\u011fil, ayn\u0131 zamanda yasal korumayla da ilgilidir. Asbest s\u00f6k\u00fcm\u00fcnde yasal uyumluluk, t\u00fcm \u00e7al\u0131\u015fmalar\u0131n g\u00fcvenli bir \u015fekilde ve y\u00fcr\u00fcrl\u00fckteki mevzuata uygun olarak y\u00fcr\u00fct\u00fclmesini sa\u011flamak i\u00e7in hayati \u00f6nem ta\u015f\u0131maktad\u0131r.<\/p>\n<h3>Yasal h\u00fck\u00fcmler ve <a href=\"https:\/\/www.kfw.de\/inlandsfoerderung\/Privatpersonen\/Neubau\/F%C3%B6rderprodukte\/Klimafreundlicher-Neubau-im-Niedrigpreissegment-(296)\/\">Standartlar<\/a><\/h3>\n<p>Almanya'da asbest s\u00f6k\u00fcm\u00fc i\u00e7in kat\u0131 d\u00fczenlemeler ve standartlar bulunmaktad\u0131r. Bu y\u00f6netmelikler, insanlar\u0131n sa\u011fl\u0131\u011f\u0131n\u0131 ve \u00e7evreyi korumak amac\u0131yla asbestin g\u00fcvenli bir \u015fekilde s\u00f6k\u00fclmesini ve bertaraf edilmesini sa\u011flamak i\u00e7in tasarlanm\u0131\u015ft\u0131r. En \u00f6nemli d\u00fczenlemelerden baz\u0131lar\u0131 asbest \u00e7al\u0131\u015fmas\u0131 yapan ki\u015filerin nitelikleri, asbestin s\u00f6k\u00fclmesinde kullan\u0131lan y\u00f6ntemler ve asbest i\u00e7eren malzemelerin bertaraf\u0131 ile ilgilidir.<\/p>\n<h3>Yasal uyumluluk taahh\u00fcd\u00fcm\u00fcz<\/h3>\n<p>Profesyonel bir asbest s\u00f6k\u00fcm \u015firketi olarak, yasal uyumlulu\u011fun \u00f6neminin tamamen fark\u0131nday\u0131z. Yasal olarak uyumlu bir iyile\u015ftirme sa\u011flamak i\u00e7in yasal d\u00fczenlemelere ve standartlara uygun olarak \u00e7al\u0131\u015f\u0131yoruz. Bu, \u00e7al\u0131\u015fanlar\u0131m\u0131z\u0131n uygun \u015fekilde e\u011fitilmesini, do\u011fru ekipman\u0131 kullanmas\u0131n\u0131 ve gerekli t\u00fcm g\u00fcvenlik \u00f6nlemlerini almas\u0131n\u0131 sa\u011flad\u0131\u011f\u0131m\u0131z anlam\u0131na gelir.<\/p>\n<h3>Sonu\u00e7<\/h3>\n<p>Asbest s\u00f6k\u00fcm\u00fcnde yasal uyum sadece yasal bir zorunluluk de\u011fil, ayn\u0131 zamanda profesyonelli\u011fin ve g\u00fcvenli\u011fe ba\u011fl\u0131l\u0131\u011f\u0131n da bir g\u00f6stergesidir. Yasal d\u00fczenlemelere ve standartlara uyarak m\u00fc\u015fterilerimizin ve \u00e7al\u0131\u015fanlar\u0131m\u0131z\u0131n g\u00fcvende olmas\u0131n\u0131 ve \u00e7evrenin korunmas\u0131n\u0131 sa\u011flayabiliriz.<\/p>\n<p><a href=\"https:\/\/wir-entsorgen-sorgen.de\/tr\/gesundheitliche-risiken-von-asbest\/\"><strong>Asbestin sa\u011fl\u0131k riskleri<\/strong><\/a><\/p>\n<p><a href=\"https:\/\/wir-entsorgen-sorgen.de\/tr\/werterhalt-durch-asbestsanierung\/\"><strong>Asbest s\u00f6k\u00fcm\u00fc yoluyla de\u011ferin korunmas\u0131<\/strong><\/a><\/p>\n<p><a href=\"https:\/\/wir-entsorgen-sorgen.de\/tr\/rechtskonformitaet-bei-asbestsanierung\/\"><strong>Asbest s\u00f6k\u00fcm\u00fc i\u00e7in yasal uygunluk<\/strong> <\/a><\/p>\n<p><a href=\"https:\/\/wir-entsorgen-sorgen.de\/tr\/umweltschutz-bei-asbestsanierung\/\"><strong>Asbest s\u00f6k\u00fcm\u00fc s\u0131ras\u0131nda \u00e7evrenin korunmas\u0131<\/strong><\/a><\/p>","protected":false},"excerpt":{"rendered":"<p>Rechtskonformit\u00e4t bei Asbestsanierung: Sicherheit und Gesetzeskonformit\u00e4t an erster Stelle Asbest, einst wegen seiner feuerfesten und isolierenden Eigenschaften gesch\u00e4tzt, ist heute aufgrund seiner gesundheitlichen Risiken in Verruf geraten. Die Entfernung von Asbest aus Geb\u00e4uden und anderen Strukturen ist daher nicht nur eine Frage des Gesundheitsschutzes, sondern auch des rechtlichen Schutzes. Die Rechtskonformit\u00e4t bei der Asbestsanierung ist [&hellip;]<\/p>\n","protected":false},"author":4,"featured_media":1125,"parent":0,"menu_order":0,"comment_status":"closed","ping_status":"closed","template":"","meta":{"footnotes":""},"class_list":["post-1121","page","type-page","status-publish","has-post-thumbnail","hentry"],"_links":{"self":[{"href":"https:\/\/wir-entsorgen-sorgen.de\/tr\/wp-json\/wp\/v2\/pages\/1121","targetHints":{"allow":["GET"]}}],"collection":[{"href":"https:\/\/wir-entsorgen-sorgen.de\/tr\/wp-json\/wp\/v2\/pages"}],"about":[{"href":"https:\/\/wir-entsorgen-sorgen.de\/tr\/wp-json\/wp\/v2\/types\/page"}],"author":[{"embeddable":true,"href":"https:\/\/wir-entsorgen-sorgen.de\/tr\/wp-json\/wp\/v2\/users\/4"}],"replies":[{"embeddable":true,"href":"https:\/\/wir-entsorgen-sorgen.de\/tr\/wp-json\/wp\/v2\/comments?post=1121"}],"version-history":[{"count":4,"href":"https:\/\/wir-entsorgen-sorgen.de\/tr\/wp-json\/wp\/v2\/pages\/1121\/revisions"}],"predecessor-version":[{"id":3370,"href":"https:\/\/wir-entsorgen-sorgen.de\/tr\/wp-json\/wp\/v2\/pages\/1121\/revisions\/3370"}],"wp:featuredmedia":[{"embeddable":true,"href":"https:\/\/wir-entsorgen-sorgen.de\/tr\/wp-json\/wp\/v2\/media\/1125"}],"wp:attachment":[{"href":"https:\/\/wir-entsorgen-sorgen.de\/tr\/wp-json\/wp\/v2\/media?parent=1121"}],"curies":[{"name":"wp","href":"https:\/\/api.w.org\/{rel}","templated":true}]}}