{"id":1132,"date":"2023-09-19T10:06:55","date_gmt":"2023-09-19T09:06:55","guid":{"rendered":"https:\/\/wir-entsorgen-sorgen.de\/?page_id=1132"},"modified":"2024-11-02T09:20:08","modified_gmt":"2024-11-02T08:20:08","slug":"umweltschutz-bei-asbestsanierung","status":"publish","type":"page","link":"https:\/\/wir-entsorgen-sorgen.de\/tr\/umweltschutz-bei-asbestsanierung\/","title":{"rendered":"Asbest s\u00f6k\u00fcm\u00fc s\u0131ras\u0131nda \u00e7evrenin korunmas\u0131"},"content":{"rendered":"<p><strong>Asbest s\u00f6k\u00fcm\u00fc s\u0131ras\u0131nda \u00e7evrenin korunmas\u0131: sorumlu bir yakla\u015f\u0131m<\/strong><\/p>\n<p>Do\u011fal olarak olu\u015fan bir mineral olan asbest, onlarca y\u0131ld\u0131r \u00e7e\u015fitli yap\u0131 malzemeleri ve \u00fcr\u00fcnlerinde kullan\u0131lmaktad\u0131r. Ancak, sa\u011fl\u0131k ve \u00e7evre \u00fczerindeki zararl\u0131 etkilerinin ke\u015ffedilmesiyle birlikte, g\u00fcvenli ve \u00e7evre dostu bir \u015fekilde uzakla\u015ft\u0131r\u0131lmas\u0131 ihtiyac\u0131 giderek daha acil hale gelmi\u015ftir. Asbest s\u00f6k\u00fcm\u00fc sadece sa\u011fl\u0131\u011f\u0131n korunmas\u0131yla ilgili de\u011fil, ayn\u0131 zamanda \u00e7evrenin korunmas\u0131yla da ilgilidir.<\/p>\n<h3>Asbest \u00e7evre i\u00e7in neden zararl\u0131d\u0131r?<\/h3>\n<p>Asbest lifleri son derece dayan\u0131kl\u0131d\u0131r ve biyolojik olarak par\u00e7alanamaz. \u00c7evreye kar\u0131\u015fmalar\u0131 halinde onlarca y\u0131l kal\u0131c\u0131 olabilir ve uzun s\u00fcreli kirlenmeye yol a\u00e7abilir. Bu lifler su kaynaklar\u0131n\u0131, topra\u011f\u0131 ve havay\u0131 kirletebilir, bu da yaban hayat\u0131 ve \u00e7evreyi bir b\u00fct\u00fcn olarak etkiler.<\/p>\n<h3>\u00c7evre koruma taahh\u00fcd\u00fcm\u00fcz<\/h3>\n<p>\u015eirketimiz asbest s\u00f6k\u00fcm\u00fc s\u0131ras\u0131nda \u00e7evrenin korunmas\u0131na b\u00fcy\u00fck \u00f6nem vermektedir. Yasal olarak uyumlu ve \u00e7evre dostu bir s\u00f6k\u00fcm sa\u011flamak i\u00e7in yasal d\u00fczenlemelere ve standartlara uygun olarak \u00e7al\u0131\u015f\u0131yoruz. Bu, t\u00fcm asbest i\u00e7eren malzemelerin g\u00fcvenli bir \u015fekilde s\u00f6k\u00fclmesini, ta\u015f\u0131nmas\u0131n\u0131 ve bertaraf edilmesini sa\u011flayarak \u00e7evresel etkiyi en aza indirdi\u011fimiz anlam\u0131na gelir.<\/p>\n<h3><a href=\"https:\/\/www.kfw.de\/inlandsfoerderung\/Privatpersonen\/Neubau\/F%C3%B6rderprodukte\/Klimafreundlicher-Neubau-im-Niedrigpreissegment-(296)\/\">Koruyucu \u00f6nlemler<\/a> asbest s\u00f6k\u00fcm\u00fc i\u00e7in<\/h3>\n<p>Yenileme i\u015flemi s\u0131ras\u0131nda asbest liflerinin a\u00e7\u0131\u011fa \u00e7\u0131kmamas\u0131n\u0131 sa\u011flamak i\u00e7in en son teknolojileri ve y\u00f6ntemleri kullan\u0131yoruz. Bu, \u00f6zel ekstraksiyon sistemlerinin, koruyucu bariyerlerin ve g\u00fcvenli bertaraf y\u00f6ntemlerinin kullan\u0131m\u0131n\u0131 i\u00e7erir. Ayr\u0131ca, i\u015fi g\u00fcvenli ve verimli bir \u015fekilde y\u00fcr\u00fctmelerini sa\u011flamak i\u00e7in personelimizi en son teknikler ve en iyi uygulamalar konusunda d\u00fczenli olarak e\u011fitiyoruz.<\/p>\n<h3>Sonu\u00e7<\/h3>\n<p>Asbest s\u00f6k\u00fcm\u00fc, hem insan sa\u011fl\u0131\u011f\u0131n\u0131n korunmas\u0131n\u0131 hem de \u00e7evrenin korunmas\u0131n\u0131 dikkate alan kritik bir s\u00fcre\u00e7tir. \u015eirketimiz, her iki y\u00f6n\u00fc de uzla\u015ft\u0131rman\u0131n ve m\u00fc\u015fterilerimizin ve \u00e7evrenin e\u015fit \u015fekilde korunmas\u0131n\u0131 sa\u011flaman\u0131n \u00f6n saflar\u0131nda yer almaktan gurur duymaktad\u0131r.<\/p>\n<p><a href=\"https:\/\/wir-entsorgen-sorgen.de\/tr\/gesundheitliche-risiken-von-asbest\/\"><strong>Asbestin sa\u011fl\u0131k riskleri<\/strong><\/a><\/p>\n<p><a href=\"https:\/\/wir-entsorgen-sorgen.de\/tr\/werterhalt-durch-asbestsanierung\/\"><strong>Asbest s\u00f6k\u00fcm\u00fc yoluyla de\u011ferin korunmas\u0131<\/strong><\/a><\/p>\n<p><a href=\"https:\/\/wir-entsorgen-sorgen.de\/tr\/rechtskonformitaet-bei-asbestsanierung\/\"><strong>Asbest s\u00f6k\u00fcm\u00fc i\u00e7in yasal uygunluk<\/strong> <\/a><\/p>\n<p><a href=\"https:\/\/wir-entsorgen-sorgen.de\/tr\/umweltschutz-bei-asbestsanierung\/\"><strong>Asbest s\u00f6k\u00fcm\u00fc s\u0131ras\u0131nda \u00e7evrenin korunmas\u0131<\/strong><\/a><\/p>","protected":false},"excerpt":{"rendered":"<p>Umweltschutz bei Asbestsanierung: Ein verantwortungsvoller Ansatz Asbest, ein nat\u00fcrlich vorkommendes Mineral, wurde jahrzehntelang in einer Vielzahl von Baumaterialien und Produkten verwendet. Doch mit der Entdeckung seiner gesundheitlichen und umweltsch\u00e4dlichen Auswirkungen wurde die Notwendigkeit einer sicheren und umweltfreundlichen Sanierung immer dringlicher. Die Asbestsanierung ist nicht nur eine Frage des Gesundheitsschutzes, sondern auch des Umweltschutzes. Warum ist [&hellip;]<\/p>\n","protected":false},"author":4,"featured_media":1133,"parent":0,"menu_order":0,"comment_status":"closed","ping_status":"closed","template":"","meta":{"footnotes":""},"class_list":["post-1132","page","type-page","status-publish","has-post-thumbnail","hentry"],"_links":{"self":[{"href":"https:\/\/wir-entsorgen-sorgen.de\/tr\/wp-json\/wp\/v2\/pages\/1132","targetHints":{"allow":["GET"]}}],"collection":[{"href":"https:\/\/wir-entsorgen-sorgen.de\/tr\/wp-json\/wp\/v2\/pages"}],"about":[{"href":"https:\/\/wir-entsorgen-sorgen.de\/tr\/wp-json\/wp\/v2\/types\/page"}],"author":[{"embeddable":true,"href":"https:\/\/wir-entsorgen-sorgen.de\/tr\/wp-json\/wp\/v2\/users\/4"}],"replies":[{"embeddable":true,"href":"https:\/\/wir-entsorgen-sorgen.de\/tr\/wp-json\/wp\/v2\/comments?post=1132"}],"version-history":[{"count":4,"href":"https:\/\/wir-entsorgen-sorgen.de\/tr\/wp-json\/wp\/v2\/pages\/1132\/revisions"}],"predecessor-version":[{"id":3373,"href":"https:\/\/wir-entsorgen-sorgen.de\/tr\/wp-json\/wp\/v2\/pages\/1132\/revisions\/3373"}],"wp:featuredmedia":[{"embeddable":true,"href":"https:\/\/wir-entsorgen-sorgen.de\/tr\/wp-json\/wp\/v2\/media\/1133"}],"wp:attachment":[{"href":"https:\/\/wir-entsorgen-sorgen.de\/tr\/wp-json\/wp\/v2\/media?parent=1132"}],"curies":[{"name":"wp","href":"https:\/\/api.w.org\/{rel}","templated":true}]}}