{"id":12,"date":"2018-01-26T16:10:56","date_gmt":"2018-01-26T16:10:56","guid":{"rendered":"https:\/\/wir-entsorgen-sorgen.de\/?page_id=12"},"modified":"2023-09-18T11:50:24","modified_gmt":"2023-09-18T10:50:24","slug":"impressum","status":"publish","type":"page","link":"https:\/\/wir-entsorgen-sorgen.de\/tr\/impressum\/","title":{"rendered":"K\u00fcnye"},"content":{"rendered":"<style type=\"text\/css\" data-created_by=\"avia_inline_auto\" id=\"style-css-av-1s6fc-7070294dd64fdc5e96de8abb07d07e45\">\n.avia-section.av-1s6fc-7070294dd64fdc5e96de8abb07d07e45{\nbackground-color:#024f27;\nbackground-image:unset;\n}\n<\/style>\n<div id='av_section_1'  class='avia-section av-1s6fc-7070294dd64fdc5e96de8abb07d07e45 main_color avia-section-default avia-no-shadow  avia-builder-el-0  avia-builder-el-no-sibling  avia-bg-style-scroll container_wrap fullsize'  ><div class='container av-section-cont-open' ><main  role=\"main\" itemprop=\"mainContentOfPage\"  class='template-page content  av-content-full alpha units'><div class='post-entry post-entry-type-page post-entry-12'><div class='entry-content-wrapper clearfix'>\n<section  class='av_textblock_section av-14ch8-c9bf74d2e35b6ce081bdca412f3f4bb4'  itemscope=\"itemscope\" itemtype=\"https:\/\/schema.org\/CreativeWork\" ><div class='avia_textblock'  itemprop=\"text\" ><section class=\"avia_codeblock_section avia_code_block_0\">\n<div class=\"avia_codeblock\">\n<h1><span style=\"color: #ffffff;\">BASKI<\/span><\/h1>\n<h2><span style=\"color: #ffffff;\">TMG \u00a7 5 UYARINCA A\u00c7IKLAMALAR:<\/span><\/h2>\n<p><span style=\"color: #ffffff;\">Endi\u015feleri bertaraf ediyoruz<\/span><br \/>\n<span style=\"color: #ffffff;\"> Alzeyerstrasse 12<\/span><br \/>\n<span style=\"color: #ffffff;\"> 55457 Gensingen<\/span><\/p>\n<h2><span style=\"color: #ffffff;\">TARAFINDAN TEMSIL EDILIYOR:<\/span><\/h2>\n<p><span style=\"color: #ffffff;\">Stefan K\u00fchn<\/span><\/p>\n<h2><span style=\"color: #ffffff;\">\u0130LET\u0130\u015e\u0130M:<\/span><\/h2>\n<p><span style=\"color: #ffffff;\">Telefon: 0151 1010 3002<\/span><br \/>\n<span style=\"color: #ffffff;\"> Faks: 0151 1010 3002<\/span><br \/>\n<span style=\"color: #ffffff;\"> EMail:<\/span> <a href=\"\/tr\/m&\/#97;&#105;&#x6c;&#x74;o&#58;&#105;&#x6e;&#x66;&#x6f;&#64;&#119;&#105;&#x72;&#x2d;en&#116;&#x73;&#x6f;&#x72;g&#101;&#110;&#x2d;&#x73;or&#103;&#x65;&#x6e;&#x2e;d&#101;\" target=\"_blank\" rel=\"noopener\">&#105;&#x6e;f&#111;&#x40;w&#105;&#x72;-&#101;&#x6e;t&#115;&#x6f;r&#103;&#x65;n&#45;&#x73;o&#114;&#x67;e&#110;&#x2e;d&#101;<\/a><\/p>\n<h2><span style=\"color: #ffffff;\">KAYIT GIRI\u015eI:<\/span><\/h2>\n<p><span style=\"color: #ffffff;\">Ticaret siciline kay\u0131t.<\/span><br \/>\n<span style=\"color: #ffffff;\"> Mahkemeyi kaydet:<\/span><br \/>\n<span style=\"color: #ffffff;\"> Kay\u0131t numaras\u0131:<\/span><\/p>\n<h2><span style=\"color: #ffffff;\">SATI\u015e VERG\u0130S\u0130:<\/span><\/h2>\n<p><span style=\"color: #ffffff;\">\u00a727 a sat\u0131\u015f vergisi yasas\u0131na g\u00f6re sat\u0131\u015f vergisi kimlik numaras\u0131:<\/span><\/p>\n<h2><span style=\"color: #ffffff;\">UYU\u015eMAZLIK \u00c7\u00d6Z\u00dcM\u00dc<\/span><\/h2>\n<p><span style=\"color: #ffffff;\">Avrupa Komisyonu, \u00e7evrimi\u00e7i uyu\u015fmazl\u0131k \u00e7\u00f6z\u00fcm\u00fc (OS) i\u00e7in bir platform sa\u011flamaktad\u0131r:<\/span> <a href=\"https:\/\/ec.europa.eu\/consumers\/odr\" target=\"_blank\" rel=\"noopener\">https:\/\/ec.europa.eu\/consumers\/odr<\/a><br \/>\n<span style=\"color: #ffffff;\">E-posta adresimizi yukar\u0131daki yasal bildirimde bulabilirsiniz.<\/span><\/p>\n<p><span style=\"color: #ffffff;\">Bir t\u00fcketici hakem heyeti nezdindeki uyu\u015fmazl\u0131k \u00e7\u00f6z\u00fcm i\u015flemlerine kat\u0131lmaya istekli veya y\u00fck\u00fcml\u00fc de\u011filiz.<\/span><\/p>\n<h2><span style=\"color: #ffffff;\">I\u0307\u00c7ERI\u0307K I\u0307\u00c7I\u0307N SORUMLULUK<\/span><\/h2>\n<p><span style=\"color: #ffffff;\">Bir hizmet sa\u011flay\u0131c\u0131 olarak, TMG (Alman Telemedya Yasas\u0131) Madde 7 (1) ve genel mevzuat uyar\u0131nca bu sayfalardaki kendi i\u00e7eri\u011fimizden sorumluyuz. Bununla birlikte, TMG Madde 8 ila 10'a g\u00f6re, bir hizmet sa\u011flay\u0131c\u0131 olarak iletilen veya saklanan \u00fc\u00e7\u00fcnc\u00fc taraf bilgilerini izlemek veya yasa d\u0131\u015f\u0131 faaliyetlere i\u015faret eden durumlar\u0131 ara\u015ft\u0131rmak zorunda de\u011filiz.<\/span><\/p>\n<p><span style=\"color: #ffffff;\">Genel mevzuat uyar\u0131nca bilgilerin kullan\u0131m\u0131n\u0131 kald\u0131rma veya engelleme y\u00fck\u00fcml\u00fcl\u00fckleri bundan etkilenmez. Ancak, bu konudaki sorumluluk sadece belirli bir ihlalin fark\u0131na vard\u0131\u011f\u0131m\u0131z andan itibaren m\u00fcmk\u00fcnd\u00fcr. Bu t\u00fcr ihlallerin fark\u0131na var\u0131r varmaz, bu i\u00e7eri\u011fi derhal kald\u0131raca\u011f\u0131z.<\/span><\/p>\n<h2><span style=\"color: #ffffff;\">BA\u011eLANTILAR I\u00c7IN SORUMLULUK<\/span><\/h2>\n<p><span style=\"color: #ffffff;\">Web sitemiz, i\u00e7eri\u011fi \u00fczerinde hi\u00e7bir etkimiz olmayan harici \u00fc\u00e7\u00fcnc\u00fc taraf web sitelerine ba\u011flant\u0131lar i\u00e7ermektedir. Bu nedenle, bu \u00fc\u00e7\u00fcnc\u00fc taraf i\u00e7eri\u011fi i\u00e7in herhangi bir sorumluluk kabul edemeyiz. Ba\u011flant\u0131l\u0131 sayfalar\u0131n i\u00e7eri\u011finden her zaman sayfalar\u0131n ilgili sa\u011flay\u0131c\u0131s\u0131 veya operat\u00f6r\u00fc sorumludur. Ba\u011flant\u0131 verilen sayfalar, ba\u011flant\u0131 verildi\u011fi s\u0131rada olas\u0131 yasal ihlallere kar\u015f\u0131 kontrol edilmi\u015ftir. Ba\u011flant\u0131 s\u0131ras\u0131nda yasa d\u0131\u015f\u0131 i\u00e7erikler tespit edilememi\u015ftir.<\/span><\/p>\n<p><span style=\"color: #ffffff;\">Bununla birlikte, ba\u011flant\u0131l\u0131 sayfalar\u0131n i\u00e7eri\u011finin s\u00fcrekli olarak izlenmesi, bir ihlalin somut kan\u0131t\u0131 olmadan makul de\u011fildir. Herhangi bir yasal ihlalden haberdar olursak, bu t\u00fcr ba\u011flant\u0131lar\u0131 derhal kald\u0131raca\u011f\u0131z.<\/span><\/p>\n<h2><span style=\"color: #ffffff;\">TEL\u0130F HAKKI<\/span><\/h2>\n<p><span style=\"color: #ffffff;\">Bu sayfalarda site operat\u00f6rleri taraf\u0131ndan olu\u015fturulan i\u00e7erik ve eserler Alman telif hakk\u0131 yasas\u0131na tabidir. \u00c7o\u011faltma, i\u015fleme, da\u011f\u0131t\u0131m ve telif hakk\u0131 yasas\u0131n\u0131n s\u0131n\u0131rlar\u0131 d\u0131\u015f\u0131ndaki her t\u00fcrl\u00fc kullan\u0131m, ilgili yazar\u0131n veya yarat\u0131c\u0131n\u0131n yaz\u0131l\u0131 onay\u0131n\u0131 gerektirir. Bu sitenin indirilmesine ve kopyalanmas\u0131na yaln\u0131zca \u00f6zel, ticari olmayan kullan\u0131m i\u00e7in izin verilir.<\/span><\/p>\n<p><span style=\"color: #ffffff;\">Bu sitedeki i\u00e7erik operat\u00f6r taraf\u0131ndan olu\u015fturulmad\u0131\u011f\u0131 s\u00fcrece, \u00fc\u00e7\u00fcnc\u00fc taraflar\u0131n telif haklar\u0131na sayg\u0131 duyulur. \u00d6zellikle, \u00fc\u00e7\u00fcnc\u00fc taraf i\u00e7eri\u011fi bu \u015fekilde etiketlenmi\u015ftir. Yine de bir telif hakk\u0131 ihlalinden haberdar olursan\u0131z, l\u00fctfen bizi uygun \u015fekilde bilgilendirin. Herhangi bir ihlalden haberdar olursak, bu t\u00fcr i\u00e7eri\u011fi derhal kald\u0131raca\u011f\u0131z.<\/span><\/p>\n<p><span style=\"color: #ffffff;\">Kaynak:<\/span> <a href=\"https:\/\/www.e-recht24.de\/\">erecht24. de<\/a><\/p>\n<\/div>\n<\/section>\n<section class=\"av_textblock_section\">\n<div class=\"avia_textblock\">\n<h2><span style=\"color: #ffffff;\">KULLANILAN RESIMLER, GRAFIKLER VE VIDEOLAR I\u00c7IN KAYNAKLAR:<\/span><\/h2>\n<p><a href=\"http:\/\/www.shutterstock.com\/\">www.shutterstock.com<\/a><\/p>\n<p><a href=\"http:\/\/www.videohive.net\/\">www.videohive.net<\/a><\/p>\n<\/div>\n<\/section>\n<\/div><\/section>","protected":false},"excerpt":{"rendered":"","protected":false},"author":6,"featured_media":0,"parent":0,"menu_order":0,"comment_status":"closed","ping_status":"closed","template":"","meta":{"footnotes":""},"class_list":["post-12","page","type-page","status-publish","hentry"],"_links":{"self":[{"href":"https:\/\/wir-entsorgen-sorgen.de\/tr\/wp-json\/wp\/v2\/pages\/12","targetHints":{"allow":["GET"]}}],"collection":[{"href":"https:\/\/wir-entsorgen-sorgen.de\/tr\/wp-json\/wp\/v2\/pages"}],"about":[{"href":"https:\/\/wir-entsorgen-sorgen.de\/tr\/wp-json\/wp\/v2\/types\/page"}],"author":[{"embeddable":true,"href":"https:\/\/wir-entsorgen-sorgen.de\/tr\/wp-json\/wp\/v2\/users\/6"}],"replies":[{"embeddable":true,"href":"https:\/\/wir-entsorgen-sorgen.de\/tr\/wp-json\/wp\/v2\/comments?post=12"}],"version-history":[{"count":10,"href":"https:\/\/wir-entsorgen-sorgen.de\/tr\/wp-json\/wp\/v2\/pages\/12\/revisions"}],"predecessor-version":[{"id":1060,"href":"https:\/\/wir-entsorgen-sorgen.de\/tr\/wp-json\/wp\/v2\/pages\/12\/revisions\/1060"}],"wp:attachment":[{"href":"https:\/\/wir-entsorgen-sorgen.de\/tr\/wp-json\/wp\/v2\/media?parent=12"}],"curies":[{"name":"wp","href":"https:\/\/api.w.org\/{rel}","templated":true}]}}