{"id":320,"date":"2019-01-02T14:18:28","date_gmt":"2019-01-02T13:18:28","guid":{"rendered":"https:\/\/wir-entsorgen-sorgen.de\/?page_id=320"},"modified":"2019-04-03T16:22:56","modified_gmt":"2019-04-03T15:22:56","slug":"trockenbau-akkustikbau","status":"publish","type":"page","link":"https:\/\/wir-entsorgen-sorgen.de\/tr\/trockenbau-akkustikbau\/","title":{"rendered":"kuru yap\u0131"},"content":{"rendered":"<section  class='av_textblock_section av-av_textblock-2de302bf1aa3cf4c9157dbe6f50ac7eb'  itemscope=\"itemscope\" itemtype=\"https:\/\/schema.org\/CreativeWork\" ><div class='avia_textblock'  itemprop=\"text\" ><h1>Al\u00e7\u0131pan yap\u0131m\u0131 ve i\u00e7 donan\u0131mlar Rhine Main<\/h1>\n<p>Rheinmain b\u00f6lgesinde ciddi ve yetkin al\u00e7\u0131pan in\u015faat i\u015fleri i\u00e7in uzun s\u00fcredir faaliyet g\u00f6steren bir in\u015faat \u015firketiyiz. T\u00fcm al\u00e7\u0131pan in\u015faat i\u015flerini \u00fcstleniyoruz ve \u00f6zellikle Rheinmain b\u00f6lgesinde aktifiz. Kuru in\u015faat \u015firketimiz uzun y\u0131llara dayanan deneyime sahiptir ve emrinde yetkin kuru in\u015faat uzmanlar\u0131 bulunmaktad\u0131r.<\/p>\n<ul>\n<li>Akustik \u00e7al\u0131\u015fma \/ kuru \u015fap<\/li>\n<li>\u0130\u00e7 donan\u0131m \/ <a href=\"..\/abbruchfirma\/\">Y\u0131k\u0131m \u00e7al\u0131\u015fmalar\u0131<\/a><\/li>\n<li>Kuru duvarlar \/ akustik tavanlar<\/li>\n<li>Planlama ve dan\u0131\u015fmanl\u0131k hizmetleri<\/li>\n<\/ul>\n<div class=\"more-space\"><strong>Kuru in\u015faat \u015firketi Rheinmain<\/strong><\/div>\n<div class=\"text-content\">Ren-Main b\u00f6lgesinde deneyimli bir al\u00e7\u0131pan in\u015faat \u015firketi mi ar\u0131yorsunuz? O zaman \"Wir entsorgen Sorgen\" sizin i\u00e7in do\u011fru adres. Uzun y\u0131llara dayanan deneyime sahip bu uzman in\u015faat \u015firketi, t\u00fcm al\u00e7\u0131pan i\u015fleriyle ilgilenmekten mutluluk duyar. <strong>\u0130\u00e7 donan\u0131mlar<\/strong>. \u00d6rne\u011fin, kalifiye ve motive esnaf, odalar\u0131n\u0131za montaj duvarlar\u0131 ve tesisat duvarlar\u0131 kuracakt\u0131r. Kuru \u015faplar\u0131n ve di\u011fer zeminlerin d\u00f6\u015fenmesi de, merkezi \u0130stanbul'da bulunan \u015firketin hizmet profilinin bir par\u00e7as\u0131d\u0131r. <strong>Rhine-Main<\/strong>-alan. Ancak i\u00e7 donan\u0131m\u0131n\u0131z\u0131n bir par\u00e7as\u0131 olarak klimal\u0131 tavanlara veya akustik tavanlara ihtiyac\u0131n\u0131z olsa bile, bu zanaatkar\u0131n i\u015finin muazzam uzmanl\u0131\u011f\u0131ndan yararlanacaks\u0131n\u0131z. Ak\u0131ll\u0131 yal\u0131t\u0131m sistemleri istiyorsan\u0131z da do\u011fru yere geldiniz. Deneyimli \u00e7al\u0131\u015fanlar size \u00e7ok \u00e7e\u015fitli y\u00fcksek kaliteli malzemelerden yap\u0131lm\u0131\u015f sofistike \u00e7\u00f6z\u00fcmler sunar. Kuru in\u015faat \u015firketinin profesyonel ekibi art\u0131k m\u00fc\u015fterileri i\u00e7in haz\u0131r.<\/div>\n<p><a href=\"https:\/\/wir-entsorgen-sorgen.de\/tr\/regio\/albig\/\">Albig<\/a> <a href=\"https:\/\/wir-entsorgen-sorgen.de\/tr\/regio\/alzey\/\">Alzey<\/a> <a href=\"https:\/\/wir-entsorgen-sorgen.de\/tr\/regio\/wonsheim\/\">Wonsheim<\/a> <a href=\"https:\/\/wir-entsorgen-sorgen.de\/tr\/regio\/siefersheim\/\">Siefersheim<\/a> <a href=\"https:\/\/wir-entsorgen-sorgen.de\/tr\/regio\/bacharach\/\">Bacharach<\/a><br \/>\n<a href=\"https:\/\/wir-entsorgen-sorgen.de\/tr\/regio\/oberwesel\/\">Oberwesel<\/a> <a href=\"https:\/\/wir-entsorgen-sorgen.de\/tr\/regio\/emmelshausen\/\">Emmelshausen<\/a> <a href=\"https:\/\/wir-entsorgen-sorgen.de\/tr\/regio\/kastellaun\/\">Kastellaun<\/a> <a href=\"https:\/\/wir-entsorgen-sorgen.de\/tr\/regio\/schoeneberg\/\">Sch\u00f6neberg<\/a> <a href=\"https:\/\/wir-entsorgen-sorgen.de\/tr\/regio\/guldental\/\">Guldental<\/a> <a href=\"https:\/\/wir-entsorgen-sorgen.de\/tr\/regio\/bockenau\/\">bockenau<\/a> <a href=\"https:\/\/wir-entsorgen-sorgen.de\/tr\/regio\/staudernheim\/\">Staudernheim<\/a> <a href=\"https:\/\/wir-entsorgen-sorgen.de\/tr\/regio\/meddersheim\/\">Meddersheim<\/a> <a href=\"https:\/\/wir-entsorgen-sorgen.de\/tr\/regio\/bad-sobernheim\/\">Bad Sobernheim<\/a> <a href=\"https:\/\/wir-entsorgen-sorgen.de\/tr\/regio\/schwabenheim\/\">Schwabenheim<\/a> <a href=\"https:\/\/wir-entsorgen-sorgen.de\/tr\/regio\/partenheim\/\">Partenheim<\/a> <a href=\"https:\/\/wir-entsorgen-sorgen.de\/tr\/regio\/rheinboellen\/\">Rheinb\u00f6llen<\/a> <a href=\"https:\/\/wir-entsorgen-sorgen.de\/tr\/regio\/stromberg-2\/\">Stromberg<\/a> <a href=\"https:\/\/wir-entsorgen-sorgen.de\/tr\/regio\/ruedesheim\/\">R\u00fcdesheim<\/a> <a href=\"https:\/\/wir-entsorgen-sorgen.de\/tr\/regio\/roxheim\/\">Roxheim<\/a> <a href=\"https:\/\/wir-entsorgen-sorgen.de\/tr\/regio\/st-johann\/\">St John<\/a> <a href=\"https:\/\/wir-entsorgen-sorgen.de\/tr\/regio\/appenheim\/\">Appenheim<\/a> <a href=\"https:\/\/wir-entsorgen-sorgen.de\/tr\/regio\/ingelheim\/\">Ingelheim<\/a> <a href=\"https:\/\/wir-entsorgen-sorgen.de\/tr\/regio\/gau-algesheim\/\">Gau Algesheim<\/a> <a href=\"https:\/\/wir-entsorgen-sorgen.de\/tr\/regio\/bingen\/\">Ren Nehri \u00dczerindeki Bingen<\/a> <a href=\"https:\/\/wir-entsorgen-sorgen.de\/tr\/regio\/ockenheim\/\">Ockenheim<\/a> <a href=\"https:\/\/wir-entsorgen-sorgen.de\/tr\/regio\/waldalgesheim\/\">Waldalgesheim<\/a> <a href=\"https:\/\/wir-entsorgen-sorgen.de\/tr\/regio\/stromberg\/\">Stromberg<\/a> <a href=\"https:\/\/wir-entsorgen-sorgen.de\/tr\/regio\/windesheim\/\">Windesheim<\/a> <a href=\"https:\/\/wir-entsorgen-sorgen.de\/tr\/regio\/waldlaubersheim\/\">Waldlaubersheim<\/a> <a href=\"https:\/\/wir-entsorgen-sorgen.de\/tr\/regio\/weilerbeibingen\/\">Bingen yak\u0131nlar\u0131ndaki Hamlet<\/a> <a href=\"https:\/\/wir-entsorgen-sorgen.de\/tr\/regio\/muenster-sarmsheim\/\">Sarmsheim Minster<\/a> <a href=\"https:\/\/wir-entsorgen-sorgen.de\/tr\/regio\/laubenheim\/\">Laubenheim<\/a> <a href=\"https:\/\/wir-entsorgen-sorgen.de\/tr\/regio\/woerrstadt\/\">w\u00f6rrstadt<\/a> <a href=\"https:\/\/wir-entsorgen-sorgen.de\/tr\/regio\/sulzheim\/\">Sulzheim<\/a> <a href=\"https:\/\/wir-entsorgen-sorgen.de\/tr\/regio\/armsheim\/\">Armsheim<\/a><br \/>\n<a href=\"https:\/\/wir-entsorgen-sorgen.de\/tr\/regio\/wallertheim\/\">Wallertheim<\/a> <a href=\"https:\/\/wir-entsorgen-sorgen.de\/tr\/regio\/gau-bickelheim\/\">Gau Bickelheim<\/a> <a href=\"https:\/\/wir-entsorgen-sorgen.de\/tr\/regio\/frei-laubersheim\/\">\u00dccretsiz Laubesheim<\/a> <a href=\"https:\/\/wir-entsorgen-sorgen.de\/tr\/regio\/woellstein\/\">W\u00f6llstein<\/a> <a href=\"https:\/\/wir-entsorgen-sorgen.de\/tr\/regio\/volxheim\/\">Volxheim<\/a> <a href=\"https:\/\/wir-entsorgen-sorgen.de\/tr\/regio\/hackenheim\/\">Hackenheim<\/a> <a href=\"https:\/\/wir-entsorgen-sorgen.de\/tr\/regio\/hackenheim\/\">Hackenheim<\/a> <a href=\"https:\/\/wir-entsorgen-sorgen.de\/tr\/regio\/badenheim\/\">Badenheim<\/a> <a href=\"https:\/\/wir-entsorgen-sorgen.de\/tr\/regio\/badkreuznach\/\">Bad Kreuznach<\/a> <a href=\"https:\/\/wir-entsorgen-sorgen.de\/tr\/regio\/planig\/\">Planig<\/a> <a href=\"https:\/\/wir-entsorgen-sorgen.de\/tr\/regio\/bretzenheim\/\">Bretzenheim<\/a> <a href=\"https:\/\/wir-entsorgen-sorgen.de\/tr\/regio\/langenlonsheim\/\">Langenlonsheim<\/a> <a href=\"https:\/\/wir-entsorgen-sorgen.de\/tr\/regio\/gensingen\/\">Gensingen<\/a> <a href=\"https:\/\/wir-entsorgen-sorgen.de\/tr\/regio\/sprendlingen\/\">Sprendlingen<\/a><\/p>\n<\/div><\/section>\n\n<style type=\"text\/css\" data-created_by=\"avia_inline_auto\" id=\"style-css-av-av_gallery-9bf24bfdebc9dc64ec65967b95f9aed5\">\n#top .avia-gallery.av-av_gallery-9bf24bfdebc9dc64ec65967b95f9aed5 .avia-gallery-thumb a{\nwidth:20%;\n}\n<\/style>\n<div  class='avia-gallery av-av_gallery-9bf24bfdebc9dc64ec65967b95f9aed5 avia_animate_when_visible  avia-builder-el-1  el_after_av_textblock  el_before_av_textblock  avia_lazyload avia-gallery-animate avia-gallery-1'  itemprop=\"image\" itemscope=\"itemscope\" itemtype=\"https:\/\/schema.org\/ImageObject\" ><meta itemprop=\"contentURL\" content=\"https:\/\/wir-entsorgen-sorgen.de\/tr\/trockenbau-akkustikbau\/\"><div class='avia-gallery-thumb'><a href=\"https:\/\/wir-entsorgen-sorgen.de\/wp-content\/uploads\/2019\/01\/shutterstock_443937574.jpg\" data-srcset=\"https:\/\/wir-entsorgen-sorgen.de\/wp-content\/uploads\/2019\/01\/shutterstock_443937574.jpg 1000w, https:\/\/wir-entsorgen-sorgen.de\/wp-content\/uploads\/2019\/01\/shutterstock_443937574-300x200.jpg 300w, https:\/\/wir-entsorgen-sorgen.de\/wp-content\/uploads\/2019\/01\/shutterstock_443937574-768x512.jpg 768w, https:\/\/wir-entsorgen-sorgen.de\/wp-content\/uploads\/2019\/01\/shutterstock_443937574-705x470.jpg 705w, https:\/\/wir-entsorgen-sorgen.de\/wp-content\/uploads\/2019\/01\/shutterstock_443937574-450x300.jpg 450w\" data-sizes=\"(max-width: 1000px) 100vw, 1000px\" data-rel='gallery-1' data-prev-img='https:\/\/wir-entsorgen-sorgen.de\/wp-content\/uploads\/2019\/01\/shutterstock_443937574-495x400.jpg' class='first_thumb lightbox' data-onclick='1' title='al\u00e7\u0131pan_443937574'  itemprop=\"thumbnailUrl\"  ><img decoding=\"async\" class=\"wp-image-365 avia-img-lazy-loading-not-365\"   src=\"https:\/\/wir-entsorgen-sorgen.de\/wp-content\/uploads\/2019\/01\/shutterstock_443937574-495x400.jpg\" width=\"495\" height=\"400\"  title='al\u00e7\u0131pan_443937574' alt='' \/><div class='big-prev-fake'><img loading=\"lazy\" decoding=\"async\" class=\"wp-image-365 avia-img-lazy-loading-365\"  width=\"495\" height=\"400\" src=\"https:\/\/wir-entsorgen-sorgen.de\/wp-content\/uploads\/2019\/01\/shutterstock_443937574-495x400.jpg\" title='al\u00e7\u0131pan_443937574' alt='' \/><\/div><\/a><a href=\"https:\/\/wir-entsorgen-sorgen.de\/wp-content\/uploads\/2019\/01\/shutterstock_592143041-1030x687.jpg\" data-srcset=\"https:\/\/wir-entsorgen-sorgen.de\/wp-content\/uploads\/2019\/01\/shutterstock_592143041-1030x687.jpg 1030w, https:\/\/wir-entsorgen-sorgen.de\/wp-content\/uploads\/2019\/01\/shutterstock_592143041-300x200.jpg 300w, https:\/\/wir-entsorgen-sorgen.de\/wp-content\/uploads\/2019\/01\/shutterstock_592143041-768x512.jpg 768w, https:\/\/wir-entsorgen-sorgen.de\/wp-content\/uploads\/2019\/01\/shutterstock_592143041-1500x1000.jpg 1500w, https:\/\/wir-entsorgen-sorgen.de\/wp-content\/uploads\/2019\/01\/shutterstock_592143041-705x470.jpg 705w, https:\/\/wir-entsorgen-sorgen.de\/wp-content\/uploads\/2019\/01\/shutterstock_592143041-450x300.jpg 450w\" data-sizes=\"(max-width: 1030px) 100vw, 1030px\" data-rel='gallery-1' data-prev-img='https:\/\/wir-entsorgen-sorgen.de\/wp-content\/uploads\/2019\/01\/shutterstock_592143041-495x400.jpg' class='lightbox' data-onclick='2' title='innenausbau_592143041'  itemprop=\"thumbnailUrl\"  ><img decoding=\"async\" class=\"wp-image-366 avia-img-lazy-loading-not-366\"   src=\"https:\/\/wir-entsorgen-sorgen.de\/wp-content\/uploads\/2019\/01\/shutterstock_592143041-495x400.jpg\" width=\"495\" height=\"400\"  title='innenausbau_592143041' alt='' srcset=\"https:\/\/wir-entsorgen-sorgen.de\/wp-content\/uploads\/2019\/01\/shutterstock_592143041-495x400.jpg 495w, https:\/\/wir-entsorgen-sorgen.de\/wp-content\/uploads\/2019\/01\/shutterstock_592143041-845x684.jpg 845w\" sizes=\"(max-width: 495px) 100vw, 495px\" \/><div class='big-prev-fake'><img loading=\"lazy\" decoding=\"async\" class=\"wp-image-366 avia-img-lazy-loading-366\"  width=\"495\" height=\"400\" src=\"https:\/\/wir-entsorgen-sorgen.de\/wp-content\/uploads\/2019\/01\/shutterstock_592143041-495x400.jpg\" title='innenausbau_592143041' alt='' srcset=\"https:\/\/wir-entsorgen-sorgen.de\/wp-content\/uploads\/2019\/01\/shutterstock_592143041-495x400.jpg 495w, https:\/\/wir-entsorgen-sorgen.de\/wp-content\/uploads\/2019\/01\/shutterstock_592143041-845x684.jpg 845w\" sizes=\"auto, (max-width: 495px) 100vw, 495px\" \/><\/div><\/a><a href=\"https:\/\/wir-entsorgen-sorgen.de\/wp-content\/uploads\/2019\/01\/shutterstock_670673404-1030x726.jpg\" data-srcset=\"https:\/\/wir-entsorgen-sorgen.de\/wp-content\/uploads\/2019\/01\/shutterstock_670673404-1030x726.jpg 1030w, https:\/\/wir-entsorgen-sorgen.de\/wp-content\/uploads\/2019\/01\/shutterstock_670673404-300x211.jpg 300w, https:\/\/wir-entsorgen-sorgen.de\/wp-content\/uploads\/2019\/01\/shutterstock_670673404-768x541.jpg 768w, https:\/\/wir-entsorgen-sorgen.de\/wp-content\/uploads\/2019\/01\/shutterstock_670673404-1500x1057.jpg 1500w, https:\/\/wir-entsorgen-sorgen.de\/wp-content\/uploads\/2019\/01\/shutterstock_670673404-705x497.jpg 705w, https:\/\/wir-entsorgen-sorgen.de\/wp-content\/uploads\/2019\/01\/shutterstock_670673404-450x317.jpg 450w\" data-sizes=\"(max-width: 1030px) 100vw, 1030px\" data-rel='gallery-1' data-prev-img='https:\/\/wir-entsorgen-sorgen.de\/wp-content\/uploads\/2019\/01\/shutterstock_670673404-495x400.jpg' class='lightbox' data-onclick='3' title='construction_wall_670673404'  itemprop=\"thumbnailUrl\"  ><img decoding=\"async\" class=\"wp-image-367 avia-img-lazy-loading-not-367\"   src=\"https:\/\/wir-entsorgen-sorgen.de\/wp-content\/uploads\/2019\/01\/shutterstock_670673404-495x400.jpg\" width=\"495\" height=\"400\"  title='construction_wall_670673404' alt='' srcset=\"https:\/\/wir-entsorgen-sorgen.de\/wp-content\/uploads\/2019\/01\/shutterstock_670673404-495x400.jpg 495w, https:\/\/wir-entsorgen-sorgen.de\/wp-content\/uploads\/2019\/01\/shutterstock_670673404-845x684.jpg 845w\" sizes=\"(max-width: 495px) 100vw, 495px\" \/><div class='big-prev-fake'><img loading=\"lazy\" decoding=\"async\" class=\"wp-image-367 avia-img-lazy-loading-367\"  width=\"495\" height=\"400\" src=\"https:\/\/wir-entsorgen-sorgen.de\/wp-content\/uploads\/2019\/01\/shutterstock_670673404-495x400.jpg\" title='construction_wall_670673404' alt='' srcset=\"https:\/\/wir-entsorgen-sorgen.de\/wp-content\/uploads\/2019\/01\/shutterstock_670673404-495x400.jpg 495w, https:\/\/wir-entsorgen-sorgen.de\/wp-content\/uploads\/2019\/01\/shutterstock_670673404-845x684.jpg 845w\" sizes=\"auto, (max-width: 495px) 100vw, 495px\" \/><\/div><\/a><a href=\"https:\/\/wir-entsorgen-sorgen.de\/wp-content\/uploads\/2019\/01\/shutterstock_1106668136-1030x688.jpg\" data-srcset=\"https:\/\/wir-entsorgen-sorgen.de\/wp-content\/uploads\/2019\/01\/shutterstock_1106668136-1030x688.jpg 1030w, https:\/\/wir-entsorgen-sorgen.de\/wp-content\/uploads\/2019\/01\/shutterstock_1106668136-300x200.jpg 300w, https:\/\/wir-entsorgen-sorgen.de\/wp-content\/uploads\/2019\/01\/shutterstock_1106668136-768x513.jpg 768w, https:\/\/wir-entsorgen-sorgen.de\/wp-content\/uploads\/2019\/01\/shutterstock_1106668136-1500x1002.jpg 1500w, https:\/\/wir-entsorgen-sorgen.de\/wp-content\/uploads\/2019\/01\/shutterstock_1106668136-705x471.jpg 705w, https:\/\/wir-entsorgen-sorgen.de\/wp-content\/uploads\/2019\/01\/shutterstock_1106668136-450x300.jpg 450w\" data-sizes=\"(max-width: 1030px) 100vw, 1030px\" data-rel='gallery-1' data-prev-img='https:\/\/wir-entsorgen-sorgen.de\/wp-content\/uploads\/2019\/01\/shutterstock_1106668136-495x400.jpg' class='lightbox' data-onclick='4' title='construction_wall_1106668136'  itemprop=\"thumbnailUrl\"  ><img decoding=\"async\" class=\"wp-image-368 avia-img-lazy-loading-not-368\"   src=\"https:\/\/wir-entsorgen-sorgen.de\/wp-content\/uploads\/2019\/01\/shutterstock_1106668136-495x400.jpg\" width=\"495\" height=\"400\"  title='construction_wall_1106668136' alt='' srcset=\"https:\/\/wir-entsorgen-sorgen.de\/wp-content\/uploads\/2019\/01\/shutterstock_1106668136-495x400.jpg 495w, https:\/\/wir-entsorgen-sorgen.de\/wp-content\/uploads\/2019\/01\/shutterstock_1106668136-845x684.jpg 845w\" sizes=\"(max-width: 495px) 100vw, 495px\" \/><div class='big-prev-fake'><img loading=\"lazy\" decoding=\"async\" class=\"wp-image-368 avia-img-lazy-loading-368\"  width=\"495\" height=\"400\" src=\"https:\/\/wir-entsorgen-sorgen.de\/wp-content\/uploads\/2019\/01\/shutterstock_1106668136-495x400.jpg\" title='construction_wall_1106668136' alt='' srcset=\"https:\/\/wir-entsorgen-sorgen.de\/wp-content\/uploads\/2019\/01\/shutterstock_1106668136-495x400.jpg 495w, https:\/\/wir-entsorgen-sorgen.de\/wp-content\/uploads\/2019\/01\/shutterstock_1106668136-845x684.jpg 845w\" sizes=\"auto, (max-width: 495px) 100vw, 495px\" \/><\/div><\/a><a href=\"https:\/\/wir-entsorgen-sorgen.de\/wp-content\/uploads\/2019\/01\/trockenbau.jpg\" data-srcset=\"https:\/\/wir-entsorgen-sorgen.de\/wp-content\/uploads\/2019\/01\/trockenbau.jpg 1000w, https:\/\/wir-entsorgen-sorgen.de\/wp-content\/uploads\/2019\/01\/trockenbau-300x200.jpg 300w, https:\/\/wir-entsorgen-sorgen.de\/wp-content\/uploads\/2019\/01\/trockenbau-768x512.jpg 768w, https:\/\/wir-entsorgen-sorgen.de\/wp-content\/uploads\/2019\/01\/trockenbau-705x470.jpg 705w, https:\/\/wir-entsorgen-sorgen.de\/wp-content\/uploads\/2019\/01\/trockenbau-450x300.jpg 450w\" data-sizes=\"(max-width: 1000px) 100vw, 1000px\" data-rel='gallery-1' data-prev-img='https:\/\/wir-entsorgen-sorgen.de\/wp-content\/uploads\/2019\/01\/trockenbau-495x400.jpg' class='lightbox' data-onclick='5' title='kuru yap\u0131'  itemprop=\"thumbnailUrl\"  ><img decoding=\"async\" class=\"wp-image-369 avia-img-lazy-loading-not-369\"   src=\"https:\/\/wir-entsorgen-sorgen.de\/wp-content\/uploads\/2019\/01\/trockenbau-495x400.jpg\" width=\"495\" height=\"400\"  title='kuru yap\u0131' alt='' \/><div class='big-prev-fake'><img loading=\"lazy\" decoding=\"async\" class=\"wp-image-369 avia-img-lazy-loading-369\"  width=\"495\" height=\"400\" src=\"https:\/\/wir-entsorgen-sorgen.de\/wp-content\/uploads\/2019\/01\/trockenbau-495x400.jpg\" title='kuru yap\u0131' alt='' \/><\/div><\/a><\/div><\/div>\n<section  class='av_textblock_section av-av_textblock-d6f9580a14a12f3e6487be244d7d664b'  itemscope=\"itemscope\" itemtype=\"https:\/\/schema.org\/CreativeWork\" ><div class='avia_textblock'  itemprop=\"text\" ><\/div><\/section>\n<\/div><\/div><\/div><!-- close content main div --><\/div><\/div>\n<style type=\"text\/css\" data-created_by=\"avia_inline_auto\" id=\"style-css-av-av_section-028a3918c26a1ac1d0e1eee942d1f0ca\">\n.avia-section.av-av_section-028a3918c26a1ac1d0e1eee942d1f0ca{\nbackground-color:#4ecac2;\nbackground-image:unset;\n}\n<\/style>\n<div id='av_section_1'  class='avia-section av-av_section-028a3918c26a1ac1d0e1eee942d1f0ca main_color avia-section-default avia-no-shadow  avia-builder-el-3  el_after_av_textblock  avia-builder-el-last  avia-bg-style-scroll container_wrap fullsize'  ><div class='container av-section-cont-open' ><div class='template-page content  av-content-full alpha units'><div class='post-entry post-entry-type-page post-entry-320'><div class='entry-content-wrapper clearfix'>\n<div  class='avia-table av-av_table-5e8dca6f6373d6df8320a18f615115f7 main_color avia-pricing-table-container avia_pricing_default  avia-builder-el-4  avia-builder-el-no-sibling  avia-table-1'  itemscope=\"itemscope\" itemtype=\"https:\/\/schema.org\/Table\" ><div class=\"pricing-table-wrap\"><ul class='pricing-table'><li class=''><div class='first-table-item'><div id=\"nav\" align=\"left\">\n<div class=\"wpcf7 no-js\" id=\"wpcf7-f243-o1\" lang=\"de-DE\" dir=\"ltr\" data-wpcf7-id=\"243\">\n<div class=\"screen-reader-response\"><p role=\"status\" aria-live=\"polite\" aria-atomic=\"true\"><\/p> <ul><\/ul><\/div>\n<form action=\"\/tr\/wp-json\/wp\/v2\/pages\/320#wpcf7-f243-o1\" method=\"post\" class=\"wpcf7-form init\" aria-label=\"\u0130leti\u015fim formu\" novalidate=\"novalidate\" data-status=\"init\" data-trp-original-action=\"\/tr\/wp-json\/wp\/v2\/pages\/320#wpcf7-f243-o1\">\n<fieldset class=\"hidden-fields-container\"><input type=\"hidden\" name=\"_wpcf7\" value=\"243\" \/><input type=\"hidden\" name=\"_wpcf7_version\" value=\"6.1.5\" \/><input type=\"hidden\" name=\"_wpcf7_locale\" value=\"de_DE\" \/><input type=\"hidden\" name=\"_wpcf7_unit_tag\" value=\"wpcf7-f243-o1\" \/><input type=\"hidden\" name=\"_wpcf7_container_post\" value=\"0\" \/><input type=\"hidden\" name=\"_wpcf7_posted_data_hash\" value=\"\" \/><input type=\"hidden\" name=\"_wpcf7_recaptcha_response\" value=\"\" \/>\n<\/fieldset>\n<p><label> \u0130sim (zorunlu alan)<br \/>\n<span class=\"wpcf7-form-control-wrap\" data-name=\"your-name\"><input size=\"40\" maxlength=\"400\" class=\"wpcf7-form-control wpcf7-text wpcf7-validates-as-required\" aria-required=\"true\" aria-invalid=\"false\" value=\"\" type=\"text\" name=\"your-name\" \/><\/span> <\/label><br \/>\n<label> Telefon (zorunlu alan)<br \/>\n<span class=\"wpcf7-form-control-wrap\" data-name=\"tel-0\"><input size=\"40\" maxlength=\"400\" class=\"wpcf7-form-control wpcf7-tel wpcf7-validates-as-required wpcf7-text wpcf7-validates-as-tel\" aria-required=\"true\" aria-invalid=\"false\" value=\"\" type=\"tel\" name=\"tel-0\" \/><\/span> <\/label><br \/>\n<label> E-posta adresi (zorunlu alan)<br \/>\n<span class=\"wpcf7-form-control-wrap\" data-name=\"your-email\"><input size=\"40\" maxlength=\"400\" class=\"wpcf7-form-control wpcf7-email wpcf7-validates-as-required wpcf7-text wpcf7-validates-as-email\" aria-required=\"true\" aria-invalid=\"false\" value=\"\" type=\"email\" name=\"your-email\" \/><\/span> <\/label>\n<\/p>\n<p><label> Konu<br \/>\n<span class=\"wpcf7-form-control-wrap\" data-name=\"your-subject\"><input size=\"40\" maxlength=\"400\" class=\"wpcf7-form-control wpcf7-text\" aria-invalid=\"false\" value=\"\" type=\"text\" name=\"your-subject\" \/><\/span> <\/label>\n<\/p>\n<p><label> Mesaj<br \/>\n<span class=\"wpcf7-form-control-wrap\" data-name=\"your-message\"><textarea cols=\"40\" rows=\"10\" maxlength=\"2000\" class=\"wpcf7-form-control wpcf7-textarea\" aria-invalid=\"false\" name=\"your-message\"><\/textarea><\/span> <\/label><br \/>\n<input class=\"wpcf7-form-control wpcf7-submit has-spinner\" type=\"submit\" value=\"G\u00f6nder\" \/>\n<\/p><div class=\"wpcf7-response-output\" aria-hidden=\"true\"><\/div>\n<input type=\"hidden\" name=\"trp-form-language\" value=\"tr\"\/><\/form>\n<\/div>\n<\/div><\/div><span class='pricing-extra'><\/span><\/li><\/ul><\/div><div class=\"pricing-table-wrap\"><ul class='pricing-table'><li class=''><div class='first-table-item'><div id=\"nav\" align=\"left\">\n<ul>\n<li>\n<h4>Akustik \u00e7al\u0131\u015fma<\/h4>\n<\/li>\n<li>\n<h4>Kuru Duvarlar<\/h4>\n<\/li>\n<li>\n<h4>Planlama ve dan\u0131\u015fmanl\u0131k hizmetleri<\/h4>\n<\/li>\n<\/ul>\n<p>Troc&#107;&#101;&#110;&#98;&#97;&#x75;&#x2d;&#x72;&#x68;&#x65;&#x69;&#x6e;main&#64;&#119;&#105;&#114;&#45;&#x65;&#x6e;&#x74;&#x73;&#x6f;&#x72;&#x67;&#x65;n-so&#114;&#103;&#101;&#110;&#46;&#x64;&#x65;<\/p>\n<h3>Geri Arama: Tel.: 0800 6363 8737<\/h3>\n<p>Alzeyer Str.<\/p>\n<\/div>\n<p><img decoding=\"async\" src=\"http:\/\/wir-entsorgen-sorgen.de\/wp-content\/uploads\/2019\/01\/shutterstock_1053366911.jpg\" \/><\/p><\/div><span class='pricing-extra'><\/span><\/li><\/ul><\/div><\/div>","protected":false},"excerpt":{"rendered":"","protected":false},"author":6,"featured_media":0,"parent":0,"menu_order":0,"comment_status":"closed","ping_status":"closed","template":"","meta":{"footnotes":""},"class_list":["post-320","page","type-page","status-publish","hentry"],"_links":{"self":[{"href":"https:\/\/wir-entsorgen-sorgen.de\/tr\/wp-json\/wp\/v2\/pages\/320","targetHints":{"allow":["GET"]}}],"collection":[{"href":"https:\/\/wir-entsorgen-sorgen.de\/tr\/wp-json\/wp\/v2\/pages"}],"about":[{"href":"https:\/\/wir-entsorgen-sorgen.de\/tr\/wp-json\/wp\/v2\/types\/page"}],"author":[{"embeddable":true,"href":"https:\/\/wir-entsorgen-sorgen.de\/tr\/wp-json\/wp\/v2\/users\/6"}],"replies":[{"embeddable":true,"href":"https:\/\/wir-entsorgen-sorgen.de\/tr\/wp-json\/wp\/v2\/comments?post=320"}],"version-history":[{"count":47,"href":"https:\/\/wir-entsorgen-sorgen.de\/tr\/wp-json\/wp\/v2\/pages\/320\/revisions"}],"predecessor-version":[{"id":716,"href":"https:\/\/wir-entsorgen-sorgen.de\/tr\/wp-json\/wp\/v2\/pages\/320\/revisions\/716"}],"wp:attachment":[{"href":"https:\/\/wir-entsorgen-sorgen.de\/tr\/wp-json\/wp\/v2\/media?parent=320"}],"curies":[{"name":"wp","href":"https:\/\/api.w.org\/{rel}","templated":true}]}}