{"id":680,"date":"2019-01-02T14:18:28","date_gmt":"2019-01-02T13:18:28","guid":{"rendered":"https:\/\/wir-entsorgen-sorgen.de\/?page_id=680"},"modified":"2019-01-25T19:35:59","modified_gmt":"2019-01-25T18:35:59","slug":"abbruch-sprendlingen","status":"publish","type":"page","link":"https:\/\/wir-entsorgen-sorgen.de\/tr\/abbruch-sprendlingen\/","title":{"rendered":"Y\u0131k\u0131m sprendlingen"},"content":{"rendered":"<section  class='av_textblock_section av-av_textblock-2de302bf1aa3cf4c9157dbe6f50ac7eb'  itemscope=\"itemscope\" itemtype=\"https:\/\/schema.org\/CreativeWork\" ><div class='avia_textblock'  itemprop=\"text\" ><h1>Sprendlingen y\u0131k\u0131m ve i\u00e7 bo\u015faltma<\/h1>\n<p>Sprendlingen b\u00f6lgesinde ciddi ve yetkin y\u0131k\u0131m i\u015fleri i\u00e7in uzun s\u00fcredir faaliyet g\u00f6steren bir y\u0131k\u0131m \u015firketiyiz. Her t\u00fcrl\u00fc y\u0131k\u0131m i\u015fini \u00fcstleniyoruz ve \u00f6zellikle Sprendlingen b\u00f6lgesinde \u00e7al\u0131\u015f\u0131yoruz. Y\u0131k\u0131m \u015firketimiz y\u0131llar\u0131n deneyimine sahiptir ve emrinde yetkin i\u00e7 bo\u015faltma uzmanlar\u0131 bulunmaktad\u0131r.<\/p>\n<ul>\n<li>Decoring<\/li>\n<li>Konteyner hizmeti<\/li>\n<li>Tarama \u00e7al\u0131\u015fmalar\u0131<\/li>\n<li>Planlama ve dan\u0131\u015fmanl\u0131k<\/li>\n<\/ul>\n<\/div><\/section>\n\n<style type=\"text\/css\" data-created_by=\"avia_inline_auto\" id=\"style-css-av-av_gallery-9bf24bfdebc9dc64ec65967b95f9aed5\">\n#top .avia-gallery.av-av_gallery-9bf24bfdebc9dc64ec65967b95f9aed5 .avia-gallery-thumb a{\nwidth:20%;\n}\n<\/style>\n<div  class='avia-gallery av-av_gallery-9bf24bfdebc9dc64ec65967b95f9aed5 avia_animate_when_visible  avia-builder-el-1  el_after_av_textblock  el_before_av_textblock  avia_lazyload avia-gallery-animate avia-gallery-1'  itemprop=\"image\" itemscope=\"itemscope\" itemtype=\"https:\/\/schema.org\/ImageObject\" ><meta itemprop=\"contentURL\" content=\"https:\/\/wir-entsorgen-sorgen.de\/tr\/abbruch-sprendlingen\/\"><div class='avia-gallery-thumb'><a href=\"https:\/\/wir-entsorgen-sorgen.de\/wp-content\/uploads\/2019\/01\/shutterstock_443937574.jpg\" data-srcset=\"https:\/\/wir-entsorgen-sorgen.de\/wp-content\/uploads\/2019\/01\/shutterstock_443937574.jpg 1000w, https:\/\/wir-entsorgen-sorgen.de\/wp-content\/uploads\/2019\/01\/shutterstock_443937574-300x200.jpg 300w, https:\/\/wir-entsorgen-sorgen.de\/wp-content\/uploads\/2019\/01\/shutterstock_443937574-768x512.jpg 768w, https:\/\/wir-entsorgen-sorgen.de\/wp-content\/uploads\/2019\/01\/shutterstock_443937574-705x470.jpg 705w, https:\/\/wir-entsorgen-sorgen.de\/wp-content\/uploads\/2019\/01\/shutterstock_443937574-450x300.jpg 450w\" data-sizes=\"(max-width: 1000px) 100vw, 1000px\" data-rel='gallery-1' data-prev-img='https:\/\/wir-entsorgen-sorgen.de\/wp-content\/uploads\/2019\/01\/shutterstock_443937574-495x400.jpg' class='first_thumb lightbox' data-onclick='1' title='al\u00e7\u0131pan_443937574'  itemprop=\"thumbnailUrl\"  ><img decoding=\"async\" class=\"wp-image-365 avia-img-lazy-loading-not-365\"   src=\"https:\/\/wir-entsorgen-sorgen.de\/wp-content\/uploads\/2019\/01\/shutterstock_443937574-495x400.jpg\" width=\"495\" height=\"400\"  title='al\u00e7\u0131pan_443937574' alt='' \/><div class='big-prev-fake'><img loading=\"lazy\" decoding=\"async\" class=\"wp-image-365 avia-img-lazy-loading-365\"  width=\"495\" height=\"400\" src=\"https:\/\/wir-entsorgen-sorgen.de\/wp-content\/uploads\/2019\/01\/shutterstock_443937574-495x400.jpg\" title='al\u00e7\u0131pan_443937574' alt='' \/><\/div><\/a><a href=\"https:\/\/wir-entsorgen-sorgen.de\/wp-content\/uploads\/2019\/01\/shutterstock_592143041-1030x687.jpg\" data-srcset=\"https:\/\/wir-entsorgen-sorgen.de\/wp-content\/uploads\/2019\/01\/shutterstock_592143041-1030x687.jpg 1030w, https:\/\/wir-entsorgen-sorgen.de\/wp-content\/uploads\/2019\/01\/shutterstock_592143041-300x200.jpg 300w, https:\/\/wir-entsorgen-sorgen.de\/wp-content\/uploads\/2019\/01\/shutterstock_592143041-768x512.jpg 768w, https:\/\/wir-entsorgen-sorgen.de\/wp-content\/uploads\/2019\/01\/shutterstock_592143041-1500x1000.jpg 1500w, https:\/\/wir-entsorgen-sorgen.de\/wp-content\/uploads\/2019\/01\/shutterstock_592143041-705x470.jpg 705w, https:\/\/wir-entsorgen-sorgen.de\/wp-content\/uploads\/2019\/01\/shutterstock_592143041-450x300.jpg 450w\" data-sizes=\"(max-width: 1030px) 100vw, 1030px\" data-rel='gallery-1' data-prev-img='https:\/\/wir-entsorgen-sorgen.de\/wp-content\/uploads\/2019\/01\/shutterstock_592143041-495x400.jpg' class='lightbox' data-onclick='2' title='innenausbau_592143041'  itemprop=\"thumbnailUrl\"  ><img decoding=\"async\" class=\"wp-image-366 avia-img-lazy-loading-not-366\"   src=\"https:\/\/wir-entsorgen-sorgen.de\/wp-content\/uploads\/2019\/01\/shutterstock_592143041-495x400.jpg\" width=\"495\" height=\"400\"  title='innenausbau_592143041' alt='' srcset=\"https:\/\/wir-entsorgen-sorgen.de\/wp-content\/uploads\/2019\/01\/shutterstock_592143041-495x400.jpg 495w, https:\/\/wir-entsorgen-sorgen.de\/wp-content\/uploads\/2019\/01\/shutterstock_592143041-845x684.jpg 845w\" sizes=\"(max-width: 495px) 100vw, 495px\" \/><div class='big-prev-fake'><img loading=\"lazy\" decoding=\"async\" class=\"wp-image-366 avia-img-lazy-loading-366\"  width=\"495\" height=\"400\" src=\"https:\/\/wir-entsorgen-sorgen.de\/wp-content\/uploads\/2019\/01\/shutterstock_592143041-495x400.jpg\" title='innenausbau_592143041' alt='' srcset=\"https:\/\/wir-entsorgen-sorgen.de\/wp-content\/uploads\/2019\/01\/shutterstock_592143041-495x400.jpg 495w, https:\/\/wir-entsorgen-sorgen.de\/wp-content\/uploads\/2019\/01\/shutterstock_592143041-845x684.jpg 845w\" sizes=\"auto, (max-width: 495px) 100vw, 495px\" \/><\/div><\/a><a href=\"https:\/\/wir-entsorgen-sorgen.de\/wp-content\/uploads\/2019\/01\/shutterstock_670673404-1030x726.jpg\" data-srcset=\"https:\/\/wir-entsorgen-sorgen.de\/wp-content\/uploads\/2019\/01\/shutterstock_670673404-1030x726.jpg 1030w, https:\/\/wir-entsorgen-sorgen.de\/wp-content\/uploads\/2019\/01\/shutterstock_670673404-300x211.jpg 300w, https:\/\/wir-entsorgen-sorgen.de\/wp-content\/uploads\/2019\/01\/shutterstock_670673404-768x541.jpg 768w, https:\/\/wir-entsorgen-sorgen.de\/wp-content\/uploads\/2019\/01\/shutterstock_670673404-1500x1057.jpg 1500w, https:\/\/wir-entsorgen-sorgen.de\/wp-content\/uploads\/2019\/01\/shutterstock_670673404-705x497.jpg 705w, https:\/\/wir-entsorgen-sorgen.de\/wp-content\/uploads\/2019\/01\/shutterstock_670673404-450x317.jpg 450w\" data-sizes=\"(max-width: 1030px) 100vw, 1030px\" data-rel='gallery-1' data-prev-img='https:\/\/wir-entsorgen-sorgen.de\/wp-content\/uploads\/2019\/01\/shutterstock_670673404-495x400.jpg' class='lightbox' data-onclick='3' title='construction_wall_670673404'  itemprop=\"thumbnailUrl\"  ><img decoding=\"async\" class=\"wp-image-367 avia-img-lazy-loading-not-367\"   src=\"https:\/\/wir-entsorgen-sorgen.de\/wp-content\/uploads\/2019\/01\/shutterstock_670673404-495x400.jpg\" width=\"495\" height=\"400\"  title='construction_wall_670673404' alt='' srcset=\"https:\/\/wir-entsorgen-sorgen.de\/wp-content\/uploads\/2019\/01\/shutterstock_670673404-495x400.jpg 495w, https:\/\/wir-entsorgen-sorgen.de\/wp-content\/uploads\/2019\/01\/shutterstock_670673404-845x684.jpg 845w\" sizes=\"(max-width: 495px) 100vw, 495px\" \/><div class='big-prev-fake'><img loading=\"lazy\" decoding=\"async\" class=\"wp-image-367 avia-img-lazy-loading-367\"  width=\"495\" height=\"400\" src=\"https:\/\/wir-entsorgen-sorgen.de\/wp-content\/uploads\/2019\/01\/shutterstock_670673404-495x400.jpg\" title='construction_wall_670673404' alt='' srcset=\"https:\/\/wir-entsorgen-sorgen.de\/wp-content\/uploads\/2019\/01\/shutterstock_670673404-495x400.jpg 495w, https:\/\/wir-entsorgen-sorgen.de\/wp-content\/uploads\/2019\/01\/shutterstock_670673404-845x684.jpg 845w\" sizes=\"auto, (max-width: 495px) 100vw, 495px\" \/><\/div><\/a><a href=\"https:\/\/wir-entsorgen-sorgen.de\/wp-content\/uploads\/2019\/01\/shutterstock_1106668136-1030x688.jpg\" data-srcset=\"https:\/\/wir-entsorgen-sorgen.de\/wp-content\/uploads\/2019\/01\/shutterstock_1106668136-1030x688.jpg 1030w, https:\/\/wir-entsorgen-sorgen.de\/wp-content\/uploads\/2019\/01\/shutterstock_1106668136-300x200.jpg 300w, https:\/\/wir-entsorgen-sorgen.de\/wp-content\/uploads\/2019\/01\/shutterstock_1106668136-768x513.jpg 768w, https:\/\/wir-entsorgen-sorgen.de\/wp-content\/uploads\/2019\/01\/shutterstock_1106668136-1500x1002.jpg 1500w, https:\/\/wir-entsorgen-sorgen.de\/wp-content\/uploads\/2019\/01\/shutterstock_1106668136-705x471.jpg 705w, https:\/\/wir-entsorgen-sorgen.de\/wp-content\/uploads\/2019\/01\/shutterstock_1106668136-450x300.jpg 450w\" data-sizes=\"(max-width: 1030px) 100vw, 1030px\" data-rel='gallery-1' data-prev-img='https:\/\/wir-entsorgen-sorgen.de\/wp-content\/uploads\/2019\/01\/shutterstock_1106668136-495x400.jpg' class='lightbox' data-onclick='4' title='construction_wall_1106668136'  itemprop=\"thumbnailUrl\"  ><img decoding=\"async\" class=\"wp-image-368 avia-img-lazy-loading-not-368\"   src=\"https:\/\/wir-entsorgen-sorgen.de\/wp-content\/uploads\/2019\/01\/shutterstock_1106668136-495x400.jpg\" width=\"495\" height=\"400\"  title='construction_wall_1106668136' alt='' srcset=\"https:\/\/wir-entsorgen-sorgen.de\/wp-content\/uploads\/2019\/01\/shutterstock_1106668136-495x400.jpg 495w, https:\/\/wir-entsorgen-sorgen.de\/wp-content\/uploads\/2019\/01\/shutterstock_1106668136-845x684.jpg 845w\" sizes=\"(max-width: 495px) 100vw, 495px\" \/><div class='big-prev-fake'><img loading=\"lazy\" decoding=\"async\" class=\"wp-image-368 avia-img-lazy-loading-368\"  width=\"495\" height=\"400\" src=\"https:\/\/wir-entsorgen-sorgen.de\/wp-content\/uploads\/2019\/01\/shutterstock_1106668136-495x400.jpg\" title='construction_wall_1106668136' alt='' srcset=\"https:\/\/wir-entsorgen-sorgen.de\/wp-content\/uploads\/2019\/01\/shutterstock_1106668136-495x400.jpg 495w, https:\/\/wir-entsorgen-sorgen.de\/wp-content\/uploads\/2019\/01\/shutterstock_1106668136-845x684.jpg 845w\" sizes=\"auto, (max-width: 495px) 100vw, 495px\" \/><\/div><\/a><a href=\"https:\/\/wir-entsorgen-sorgen.de\/wp-content\/uploads\/2019\/01\/trockenbau.jpg\" data-srcset=\"https:\/\/wir-entsorgen-sorgen.de\/wp-content\/uploads\/2019\/01\/trockenbau.jpg 1000w, https:\/\/wir-entsorgen-sorgen.de\/wp-content\/uploads\/2019\/01\/trockenbau-300x200.jpg 300w, https:\/\/wir-entsorgen-sorgen.de\/wp-content\/uploads\/2019\/01\/trockenbau-768x512.jpg 768w, https:\/\/wir-entsorgen-sorgen.de\/wp-content\/uploads\/2019\/01\/trockenbau-705x470.jpg 705w, https:\/\/wir-entsorgen-sorgen.de\/wp-content\/uploads\/2019\/01\/trockenbau-450x300.jpg 450w\" data-sizes=\"(max-width: 1000px) 100vw, 1000px\" data-rel='gallery-1' data-prev-img='https:\/\/wir-entsorgen-sorgen.de\/wp-content\/uploads\/2019\/01\/trockenbau-495x400.jpg' class='lightbox' data-onclick='5' title='kuru yap\u0131'  itemprop=\"thumbnailUrl\"  ><img decoding=\"async\" class=\"wp-image-369 avia-img-lazy-loading-not-369\"   src=\"https:\/\/wir-entsorgen-sorgen.de\/wp-content\/uploads\/2019\/01\/trockenbau-495x400.jpg\" width=\"495\" height=\"400\"  title='kuru yap\u0131' alt='' \/><div class='big-prev-fake'><img loading=\"lazy\" decoding=\"async\" class=\"wp-image-369 avia-img-lazy-loading-369\"  width=\"495\" height=\"400\" src=\"https:\/\/wir-entsorgen-sorgen.de\/wp-content\/uploads\/2019\/01\/trockenbau-495x400.jpg\" title='kuru yap\u0131' alt='' \/><\/div><\/a><\/div><\/div>\n<section  class='av_textblock_section av-av_textblock-d6f9580a14a12f3e6487be244d7d664b'  itemscope=\"itemscope\" itemtype=\"https:\/\/schema.org\/CreativeWork\" ><div class='avia_textblock'  itemprop=\"text\" ><\/div><\/section>\n<\/div><\/div><\/div><!-- close content main div --><\/div><\/div>\n<style type=\"text\/css\" data-created_by=\"avia_inline_auto\" id=\"style-css-av-av_section-028a3918c26a1ac1d0e1eee942d1f0ca\">\n.avia-section.av-av_section-028a3918c26a1ac1d0e1eee942d1f0ca{\nbackground-color:#4ecac2;\nbackground-image:unset;\n}\n<\/style>\n<div id='av_section_1'  class='avia-section av-av_section-028a3918c26a1ac1d0e1eee942d1f0ca main_color avia-section-default avia-no-shadow  avia-builder-el-3  el_after_av_textblock  avia-builder-el-last  avia-bg-style-scroll container_wrap fullsize'  ><div class='container av-section-cont-open' ><div class='template-page content  av-content-full alpha units'><div class='post-entry post-entry-type-page post-entry-680'><div class='entry-content-wrapper clearfix'>\n<div  class='avia-table av-av_table-5e8dca6f6373d6df8320a18f615115f7 main_color avia-pricing-table-container avia_pricing_default  avia-builder-el-4  avia-builder-el-no-sibling  avia-table-1'  itemscope=\"itemscope\" itemtype=\"https:\/\/schema.org\/Table\" ><div class=\"pricing-table-wrap\"><ul class='pricing-table'><li class=''><div class='first-table-item'><div id=\"nav\" align=\"left\">\n<div class=\"wpcf7 no-js\" id=\"wpcf7-f243-o1\" lang=\"de-DE\" dir=\"ltr\" data-wpcf7-id=\"243\">\n<div class=\"screen-reader-response\"><p role=\"status\" aria-live=\"polite\" aria-atomic=\"true\"><\/p> <ul><\/ul><\/div>\n<form action=\"\/tr\/wp-json\/wp\/v2\/pages\/680#wpcf7-f243-o1\" method=\"post\" class=\"wpcf7-form init\" aria-label=\"\u0130leti\u015fim formu\" novalidate=\"novalidate\" data-status=\"init\" data-trp-original-action=\"\/tr\/wp-json\/wp\/v2\/pages\/680#wpcf7-f243-o1\">\n<fieldset class=\"hidden-fields-container\"><input type=\"hidden\" name=\"_wpcf7\" value=\"243\" \/><input type=\"hidden\" name=\"_wpcf7_version\" value=\"6.1.5\" \/><input type=\"hidden\" name=\"_wpcf7_locale\" value=\"de_DE\" \/><input type=\"hidden\" name=\"_wpcf7_unit_tag\" value=\"wpcf7-f243-o1\" \/><input type=\"hidden\" name=\"_wpcf7_container_post\" value=\"0\" \/><input type=\"hidden\" name=\"_wpcf7_posted_data_hash\" value=\"\" \/><input type=\"hidden\" name=\"_wpcf7_recaptcha_response\" value=\"\" \/>\n<\/fieldset>\n<p><label> \u0130sim (zorunlu alan)<br \/>\n<span class=\"wpcf7-form-control-wrap\" data-name=\"your-name\"><input size=\"40\" maxlength=\"400\" class=\"wpcf7-form-control wpcf7-text wpcf7-validates-as-required\" aria-required=\"true\" aria-invalid=\"false\" value=\"\" type=\"text\" name=\"your-name\" \/><\/span> <\/label><br \/>\n<label> Telefon (zorunlu alan)<br \/>\n<span class=\"wpcf7-form-control-wrap\" data-name=\"tel-0\"><input size=\"40\" maxlength=\"400\" class=\"wpcf7-form-control wpcf7-tel wpcf7-validates-as-required wpcf7-text wpcf7-validates-as-tel\" aria-required=\"true\" aria-invalid=\"false\" value=\"\" type=\"tel\" name=\"tel-0\" \/><\/span> <\/label><br \/>\n<label> E-posta adresi (zorunlu alan)<br \/>\n<span class=\"wpcf7-form-control-wrap\" data-name=\"your-email\"><input size=\"40\" maxlength=\"400\" class=\"wpcf7-form-control wpcf7-email wpcf7-validates-as-required wpcf7-text wpcf7-validates-as-email\" aria-required=\"true\" aria-invalid=\"false\" value=\"\" type=\"email\" name=\"your-email\" \/><\/span> <\/label>\n<\/p>\n<p><label> Konu<br \/>\n<span class=\"wpcf7-form-control-wrap\" data-name=\"your-subject\"><input size=\"40\" maxlength=\"400\" class=\"wpcf7-form-control wpcf7-text\" aria-invalid=\"false\" value=\"\" type=\"text\" name=\"your-subject\" \/><\/span> <\/label>\n<\/p>\n<p><label> Mesaj<br \/>\n<span class=\"wpcf7-form-control-wrap\" data-name=\"your-message\"><textarea cols=\"40\" rows=\"10\" maxlength=\"2000\" class=\"wpcf7-form-control wpcf7-textarea\" aria-invalid=\"false\" name=\"your-message\"><\/textarea><\/span> <\/label><br \/>\n<input class=\"wpcf7-form-control wpcf7-submit has-spinner\" type=\"submit\" value=\"G\u00f6nder\" \/>\n<\/p><div class=\"wpcf7-response-output\" aria-hidden=\"true\"><\/div>\n<input type=\"hidden\" name=\"trp-form-language\" value=\"tr\"\/><\/form>\n<\/div>\n<\/div><\/div><span class='pricing-extra'><\/span><\/li><\/ul><\/div><div class=\"pricing-table-wrap\"><ul class='pricing-table'><li class=''><div class='first-table-item'><div id=\"nav\" align=\"left\">\n<ul>\n<li>\n<h4>Akustik \u00e7al\u0131\u015fma<\/h4>\n<\/li>\n<li>\n<h4>Kuru Duvarlar<\/h4>\n<\/li>\n<li>\n<h4>Planlama ve dan\u0131\u015fmanl\u0131k hizmetleri<\/h4>\n<\/li>\n<\/ul>\n<p>&#x54;&#114;&#x6f;&#x63;&#107;&#x65;&#x6e;&#98;&#x61;&#x75;&#45;&#x72;&#x68;e&#x69;&#x6e;m&#x61;&#105;n&#x40;&#119;i&#x72;&#45;e&#x6e;&#116;s&#x6f;&#114;g&#x65;&#110;-&#x73;&#111;r&#x67;&#101;n&#x2e;&#100;e<\/p>\n<h3>Geri Arama: Tel.: 0800 6363 8737<\/h3>\n<p>Alzeyer Str.<\/p>\n<\/div>\n<p><img decoding=\"async\" src=\"http:\/\/wir-entsorgen-sorgen.de\/wp-content\/uploads\/2019\/01\/shutterstock_1053366911.jpg\" \/><\/p><\/div><span class='pricing-extra'><\/span><\/li><\/ul><\/div><\/div>","protected":false},"excerpt":{"rendered":"","protected":false},"author":6,"featured_media":0,"parent":0,"menu_order":0,"comment_status":"closed","ping_status":"closed","template":"","meta":{"footnotes":""},"class_list":["post-680","page","type-page","status-publish","hentry"],"_links":{"self":[{"href":"https:\/\/wir-entsorgen-sorgen.de\/tr\/wp-json\/wp\/v2\/pages\/680","targetHints":{"allow":["GET"]}}],"collection":[{"href":"https:\/\/wir-entsorgen-sorgen.de\/tr\/wp-json\/wp\/v2\/pages"}],"about":[{"href":"https:\/\/wir-entsorgen-sorgen.de\/tr\/wp-json\/wp\/v2\/types\/page"}],"author":[{"embeddable":true,"href":"https:\/\/wir-entsorgen-sorgen.de\/tr\/wp-json\/wp\/v2\/users\/6"}],"replies":[{"embeddable":true,"href":"https:\/\/wir-entsorgen-sorgen.de\/tr\/wp-json\/wp\/v2\/comments?post=680"}],"version-history":[{"count":4,"href":"https:\/\/wir-entsorgen-sorgen.de\/tr\/wp-json\/wp\/v2\/pages\/680\/revisions"}],"predecessor-version":[{"id":704,"href":"https:\/\/wir-entsorgen-sorgen.de\/tr\/wp-json\/wp\/v2\/pages\/680\/revisions\/704"}],"wp:attachment":[{"href":"https:\/\/wir-entsorgen-sorgen.de\/tr\/wp-json\/wp\/v2\/media?parent=680"}],"curies":[{"name":"wp","href":"https:\/\/api.w.org\/{rel}","templated":true}]}}