{"id":894,"date":"2021-02-19T11:19:50","date_gmt":"2021-02-19T10:19:50","guid":{"rendered":"https:\/\/wir-entsorgen-sorgen.de\/?page_id=894"},"modified":"2021-02-19T15:22:07","modified_gmt":"2021-02-19T14:22:07","slug":"infoblog","status":"publish","type":"page","link":"https:\/\/wir-entsorgen-sorgen.de\/tr\/infoblog\/","title":{"rendered":"Infoblog"},"content":{"rendered":"<div id='layer_slider_1'  class='avia-layerslider main_color avia-shadow  avia-builder-el-0  el_before_av_section  avia-builder-el-first  container_wrap fullsize'  style='height: 701px;'  ><\/div>\n\n<style type=\"text\/css\" data-created_by=\"avia_inline_auto\" id=\"style-css-av-av_section-562662500f1aef5a07cf779a7d22b075\">\n.avia-section.av-av_section-562662500f1aef5a07cf779a7d22b075{\nbackground-color:#024f27;\nbackground-image:unset;\n}\n<\/style>\n<div id='av_section_1'  class='avia-section av-av_section-562662500f1aef5a07cf779a7d22b075 main_color avia-section-default avia-no-shadow  avia-builder-el-1  el_after_av_layerslider  el_before_av_masonry_entries  avia-bg-style-scroll container_wrap fullsize'  ><div class='container av-section-cont-open' ><div class='template-page content  av-content-full alpha units'><div class='post-entry post-entry-type-page post-entry-894'><div class='entry-content-wrapper clearfix'>\n\n<style type=\"text\/css\" data-created_by=\"avia_inline_auto\" id=\"style-css-av-av_headline_rotator-f355ac6be69c06747b32803e23cf6301\">\n#top .av-rotator-container.av-av_headline_rotator-f355ac6be69c06747b32803e23cf6301{\ntext-align:left;\nfont-size:36px;\ncolor:#ffffff;\nmargin:0 0 0 0;\n}\n#top .av-rotator-container.av-av_headline_rotator-f355ac6be69c06747b32803e23cf6301 .av-rotator-container-inner{\nfont-size:36px;\n}\n<\/style>\n\n<style type=\"text\/css\" data-created_by=\"avia_inline_auto\" id=\"style-css-sub-av-av_headline_rotator-f355ac6be69c06747b32803e23cf6301\">\n#top .av-rotator-container .av-rotator-text-single.av-av_rotator_item-5745cee4475ed1cc48d5a9c853b6f89d{\ncolor:#ffb83c;\n}\n#top .av-rotator-container .av-rotator-text-single.av-av_rotator_item-ac44863a40d0b1ca7cb7ddb710eb9d41{\ncolor:#ffb83c;\n}\n#top .av-rotator-container .av-rotator-text-single.av-av_rotator_item-8d4b607c4af40267fdb314cd2dccd03c{\ncolor:#ffb83c;\n}\n#top .av-rotator-container .av-rotator-text-single.av-av_rotator_item-0ae9b08fdc76ceef2d91a6d0ff5c38e8{\ncolor:#ffb83c;\n}\n#top .av-rotator-container .av-rotator-text-single.av-av_rotator_item-12d53b4563573ded776429afdc4e0c35{\ncolor:#ffb83c;\n}\n<\/style>\n<div  class='av-rotator-container av-rotation-container-left av-av_headline_rotator-f355ac6be69c06747b32803e23cf6301  avia-builder-el-2  avia-builder-el-no-sibling' data-interval='7' data-animation='0'><h3 class='av-rotator-container-inner'>Infoblog - Endi\u015feleri bertaraf ediyoruz<span class='av-rotator-text av-rotator-multiline-on'>\n<span class='av-rotator-text-single av-av_rotator_item-5745cee4475ed1cc48d5a9c853b6f89d av-rotator-text-single-1'>Asbest s\u00f6k\u00fcm\u00fc<\/span>\n<span class='av-rotator-text-single av-av_rotator_item-ac44863a40d0b1ca7cb7ddb710eb9d41 av-rotator-text-single-2'>Temizlik<\/span>\n<span class='av-rotator-text-single av-av_rotator_item-8d4b607c4af40267fdb314cd2dccd03c av-rotator-text-single-3'>Y\u0131k\u0131m<\/span>\n<span class='av-rotator-text-single av-av_rotator_item-0ae9b08fdc76ceef2d91a6d0ff5c38e8 av-rotator-text-single-4'>Temizleme<\/span>\n<span class='av-rotator-text-single av-av_rotator_item-12d53b4563573ded776429afdc4e0c35 av-rotator-text-single-5'>Bah\u00e7ecilik<\/span>\n<\/span><\/h3><\/div>\n<div id='av-masonry-1' class='av-masonry av-av_masonry_entries-7a55c669f37f7cbd22ebc8ca4b3cde03 noHover av-fixed-size av-1px-gap av-hover-overlay-active av-masonry-animation-active av-masonry-col-flexible av-caption-always av-caption-style- av-masonry-entries'><div class=\"av-masonry-container isotope av-js-disabled\"><div class='av-masonry-entry isotope-item av-masonry-item-no-image all_sort blog_sort  infos_sort'><\/div><a href=\"https:\/\/wir-entsorgen-sorgen.de\/tr\/blog\/der-schluessel-zu-einem-erfolgreichen-bauvorhaben\/\"  id='av-masonry-1-item-964' data-av-masonry-item='964' class='av-masonry-entry isotope-item post-964 post type-post status-publish format-standard has-post-thumbnail hentry category-blog category-infos all_sort blog_sort  infos_sort  av-masonry-item-with-image av-landscape-img' title=\"\u015eantiyede \u00e7al\u0131\u015fan in\u015faat m\u00fchendisleri ekibi ve masa \u00fczerinde planlar\"  itemscope=\"itemscope\" itemtype=\"https:\/\/schema.org\/CreativeWork\" ><div class='av-inner-masonry-sizer'><\/div><figure class='av-inner-masonry main_color'><div class=\"av-masonry-outerimage-container\"><div class='av-masonry-image-container' style=\"background-image: url(https:\/\/wir-entsorgen-sorgen.de\/wp-content\/uploads\/2023\/09\/team-construction-engineers-working-at-constructio-2022-10-27-20-41-41-utc-1-705x275.jpg);\"  title=\"\u015eantiyede \u00e7al\u0131\u015fan in\u015faat m\u00fchendisleri ekibi ve masa \u00fczerinde planlar\"  ><\/div><\/div><figcaption class='av-inner-masonry-content site-background'><div class='av-inner-masonry-content-pos'><div class='av-inner-masonry-content-pos-content'><div class='avia-arrow'><\/div><h3 class='av-masonry-entry-title entry-title'  itemprop=\"headline\" >Ba\u015far\u0131l\u0131 bir in\u015faat projesinin anahtar\u0131<\/h3><div class='av-masonry-entry-content entry-content'  itemprop=\"text\" >Temelleri belirlemek ilk ve belirleyici ad\u0131md\u0131r...<\/div><span class='av-masonry-date meta-color updated'>\u015eubat 18, 2025<\/span><span class=\"av-masonry-text-sep text-sep-author\">\/<\/span><span class='av-masonry-author meta-color author'><span class='fn'>taraf\u0131ndan Y\u00f6netici<\/span><\/span><\/div><\/div><\/figcaption><\/figure><\/a><!--end av-masonry entry--><a href=\"https:\/\/wir-entsorgen-sorgen.de\/tr\/blog\/reinigung-privat-gewerblich\/\"  id='av-masonry-1-item-822' data-av-masonry-item='822' class='av-masonry-entry isotope-item post-822 post type-post status-publish format-standard has-post-thumbnail hentry category-blog all_sort blog_sort  av-masonry-item-with-image av-grid-img' title=\"Teaser_001\"  itemscope=\"itemscope\" itemtype=\"https:\/\/schema.org\/CreativeWork\" ><div class='av-inner-masonry-sizer'><\/div><figure class='av-inner-masonry main_color'><div class=\"av-masonry-outerimage-container\"><div class='av-masonry-image-container' style=\"background-image: url(https:\/\/wir-entsorgen-sorgen.de\/wp-content\/uploads\/2021\/02\/Teaser_001.jpg);\"  title=\"Teaser_001\"  ><\/div><\/div><figcaption class='av-inner-masonry-content site-background'><div class='av-inner-masonry-content-pos'><div class='av-inner-masonry-content-pos-content'><div class='avia-arrow'><\/div><h3 class='av-masonry-entry-title entry-title'  itemprop=\"headline\" >Temizlik - \u00f6zel ve ticari<\/h3><span class='av-masonry-date meta-color updated'>\u015eubat 17, 2025<\/span><span class=\"av-masonry-text-sep text-sep-author\">\/<\/span><span class='av-masonry-author meta-color author'><span class='fn'>Steve taraf\u0131ndan<\/span><\/span><\/div><\/div><\/figcaption><\/figure><\/a><!--end av-masonry entry--><a href=\"https:\/\/wir-entsorgen-sorgen.de\/tr\/blog\/gala-bau\/\"  id='av-masonry-1-item-816' data-av-masonry-item='816' class='av-masonry-entry isotope-item post-816 post type-post status-publish format-standard has-post-thumbnail hentry category-blog category-infos all_sort blog_sort  infos_sort  av-masonry-item-with-image av-grid-img' title=\"Teaser_002\"  itemscope=\"itemscope\" itemtype=\"https:\/\/schema.org\/CreativeWork\" ><div class='av-inner-masonry-sizer'><\/div><figure class='av-inner-masonry main_color'><div class=\"av-masonry-outerimage-container\"><div class='av-masonry-image-container' style=\"background-image: url(https:\/\/wir-entsorgen-sorgen.de\/wp-content\/uploads\/2021\/02\/Teaser_002.jpg);\"  title=\"Teaser_002\"  ><\/div><\/div><figcaption class='av-inner-masonry-content site-background'><div class='av-inner-masonry-content-pos'><div class='av-inner-masonry-content-pos-content'><div class='avia-arrow'><\/div><h3 class='av-masonry-entry-title entry-title'  itemprop=\"headline\" >Gala-Bau- Vizyon ve kalite ile in\u015fa etmek<\/h3><span class='av-masonry-date meta-color updated'>\u015eubat 17, 2025<\/span><span class=\"av-masonry-text-sep text-sep-author\">\/<\/span><span class='av-masonry-author meta-color author'><span class='fn'>Steve taraf\u0131ndan<\/span><\/span><\/div><\/div><\/figcaption><\/figure><\/a><!--end av-masonry entry--><a href=\"https:\/\/wir-entsorgen-sorgen.de\/tr\/blog\/erkennung-und-bestimmung-von-asbest\/\"  id='av-masonry-1-item-1149' data-av-masonry-item='1149' class='av-masonry-entry isotope-item post-1149 post type-post status-publish format-standard has-post-thumbnail hentry category-blog all_sort blog_sort  av-masonry-item-with-image av-grid-img' title=\"asbest lif \u00f6rnekleri\"  itemscope=\"itemscope\" itemtype=\"https:\/\/schema.org\/CreativeWork\" ><div class='av-inner-masonry-sizer'><\/div><figure class='av-inner-masonry main_color'><div class=\"av-masonry-outerimage-container\"><div class='av-masonry-image-container' style=\"background-image: url(https:\/\/wir-entsorgen-sorgen.de\/wp-content\/uploads\/2023\/09\/asbestos-fibers-samples-2022-12-20-16-54-30-utc-705x439.jpg);\"  title=\"asbest lif \u00f6rnekleri\"  ><\/div><\/div><figcaption class='av-inner-masonry-content site-background'><div class='av-inner-masonry-content-pos'><div class='av-inner-masonry-content-pos-content'><div class='avia-arrow'><\/div><h3 class='av-masonry-entry-title entry-title'  itemprop=\"headline\" >Asbestin tan\u0131nmas\u0131 ve belirlenmesi<\/h3><div class='av-masonry-entry-content entry-content'  itemprop=\"text\" >Asbestin tan\u0131nmas\u0131 ve belirlenmesi<br \/>\r\n<br \/>\r\nAsbest, lif benzeri bir madde.<\/div><span class='av-masonry-date meta-color updated'>\u015eubat 8, 2025<\/span><span class=\"av-masonry-text-sep text-sep-author\">\/<\/span><span class='av-masonry-author meta-color author'><span class='fn'>taraf\u0131ndan Y\u00f6netici<\/span><\/span><\/div><\/div><\/figcaption><\/figure><\/a><!--end av-masonry entry--><a href=\"https:\/\/wir-entsorgen-sorgen.de\/tr\/blog\/firmenphilosophie\/\"  id='av-masonry-1-item-960' data-av-masonry-item='960' class='av-masonry-entry isotope-item post-960 post type-post status-publish format-standard has-post-thumbnail hentry category-blog all_sort blog_sort  av-masonry-item-with-image av-landscape-img' title=\"\u015eirket felsefesi W-E-S 2\"  itemscope=\"itemscope\" itemtype=\"https:\/\/schema.org\/CreativeWork\" ><div class='av-inner-masonry-sizer'><\/div><figure class='av-inner-masonry main_color'><div class=\"av-masonry-outerimage-container\"><div class='av-masonry-image-container' style=\"background-image: url(https:\/\/wir-entsorgen-sorgen.de\/wp-content\/uploads\/2023\/09\/Firmenphilosophie-W-E-S-2-705x403.png);\"  title=\"\u015eirket felsefesi W-E-S 2\"  ><\/div><\/div><figcaption class='av-inner-masonry-content site-background'><div class='av-inner-masonry-content-pos'><div class='av-inner-masonry-content-pos-content'><div class='avia-arrow'><\/div><h3 class='av-masonry-entry-title entry-title'  itemprop=\"headline\" >Wir Entsorgen'in \u015firket felsefesi<\/h3><span class='av-masonry-date meta-color updated'>\u015eubat 7, 2025<\/span><span class=\"av-masonry-text-sep text-sep-author\">\/<\/span><span class='av-masonry-author meta-color author'><span class='fn'>taraf\u0131ndan Y\u00f6netici<\/span><\/span><\/div><\/div><\/figcaption><\/figure><\/a><!--end av-masonry entry--><a href=\"https:\/\/wir-entsorgen-sorgen.de\/tr\/blog\/asbestsanierung\/\"  id='av-masonry-1-item-865' data-av-masonry-item='865' class='av-masonry-entry isotope-item post-865 post type-post status-publish format-standard has-post-thumbnail hentry category-blog all_sort blog_sort  av-masonry-item-with-image av-grid-img' title=\"Teaser_008\"  itemscope=\"itemscope\" itemtype=\"https:\/\/schema.org\/CreativeWork\" ><div class='av-inner-masonry-sizer'><\/div><figure class='av-inner-masonry main_color'><div class=\"av-masonry-outerimage-container\"><div class='av-masonry-image-container' style=\"background-image: url(https:\/\/wir-entsorgen-sorgen.de\/wp-content\/uploads\/2021\/02\/Teaser_008.jpg);\"  title=\"Teaser_008\"  ><\/div><\/div><figcaption class='av-inner-masonry-content site-background'><div class='av-inner-masonry-content-pos'><div class='av-inner-masonry-content-pos-content'><div class='avia-arrow'><\/div><h3 class='av-masonry-entry-title entry-title'  itemprop=\"headline\" >Sizin i\u00e7in asbest s\u00f6k\u00fcm\u00fc<\/h3><div class='av-masonry-entry-content entry-content'  itemprop=\"text\" >Asbest s\u00f6k\u00fcm\u00fc<br \/>\r\nG\u00fcvenli bir ya\u015fam i\u00e7in profesyonel asbest s\u00f6k\u00fcm\u00fc...<\/div><span class='av-masonry-date meta-color updated'>\u015eubat 5, 2025<\/span><span class=\"av-masonry-text-sep text-sep-author\">\/<\/span><span class='av-masonry-author meta-color author'><span class='fn'>Steve taraf\u0131ndan<\/span><\/span><\/div><\/div><\/figcaption><\/figure><\/a><!--end av-masonry entry--><a href=\"https:\/\/wir-entsorgen-sorgen.de\/tr\/blog\/barrierefreie-badsanierungen\/\"  id='av-masonry-1-item-2796' data-av-masonry-item='2796' class='av-masonry-entry isotope-item post-2796 post type-post status-publish format-standard has-post-thumbnail hentry category-blog all_sort blog_sort  av-masonry-item-with-image av-landscape-img' title=\"Banyo Tadilat\u0131 1\"  itemscope=\"itemscope\" itemtype=\"https:\/\/schema.org\/CreativeWork\" ><div class='av-inner-masonry-sizer'><\/div><figure class='av-inner-masonry main_color'><div class=\"av-masonry-outerimage-container\"><div class='av-masonry-image-container' style=\"background-image: url(https:\/\/wir-entsorgen-sorgen.de\/wp-content\/uploads\/2023\/12\/umbau-Bad-1-705x403.png);\"  title=\"Banyo Tadilat\u0131 1\"  ><\/div><\/div><figcaption class='av-inner-masonry-content site-background'><div class='av-inner-masonry-content-pos'><div class='av-inner-masonry-content-pos-content'><div class='avia-arrow'><\/div><h3 class='av-masonry-entry-title entry-title'  itemprop=\"headline\" >Engelsiz banyo yenilemeleri<\/h3><div class='av-masonry-entry-content entry-content'  itemprop=\"text\" >Kendi evinizde eri\u015filebilirlik giderek daha \u00f6nemli hale geliyor,...<\/div><span class='av-masonry-date meta-color updated'>11 Aral\u0131k 2023<\/span><span class=\"av-masonry-text-sep text-sep-author\">\/<\/span><span class='av-masonry-author meta-color author'><span class='fn'>taraf\u0131ndan Y\u00f6netici<\/span><\/span><\/div><\/div><\/figcaption><\/figure><\/a><!--end av-masonry entry--><\/div><\/div><\/p>","protected":false},"excerpt":{"rendered":"","protected":false},"author":6,"featured_media":0,"parent":0,"menu_order":0,"comment_status":"closed","ping_status":"closed","template":"","meta":{"footnotes":""},"class_list":["post-894","page","type-page","status-publish","hentry"],"_links":{"self":[{"href":"https:\/\/wir-entsorgen-sorgen.de\/tr\/wp-json\/wp\/v2\/pages\/894","targetHints":{"allow":["GET"]}}],"collection":[{"href":"https:\/\/wir-entsorgen-sorgen.de\/tr\/wp-json\/wp\/v2\/pages"}],"about":[{"href":"https:\/\/wir-entsorgen-sorgen.de\/tr\/wp-json\/wp\/v2\/types\/page"}],"author":[{"embeddable":true,"href":"https:\/\/wir-entsorgen-sorgen.de\/tr\/wp-json\/wp\/v2\/users\/6"}],"replies":[{"embeddable":true,"href":"https:\/\/wir-entsorgen-sorgen.de\/tr\/wp-json\/wp\/v2\/comments?post=894"}],"version-history":[{"count":12,"href":"https:\/\/wir-entsorgen-sorgen.de\/tr\/wp-json\/wp\/v2\/pages\/894\/revisions"}],"predecessor-version":[{"id":3361,"href":"https:\/\/wir-entsorgen-sorgen.de\/tr\/wp-json\/wp\/v2\/pages\/894\/revisions\/3361"}],"wp:attachment":[{"href":"https:\/\/wir-entsorgen-sorgen.de\/tr\/wp-json\/wp\/v2\/media?parent=894"}],"curies":[{"name":"wp","href":"https:\/\/api.w.org\/{rel}","templated":true}]}}