{"id":980,"date":"2023-09-11T14:15:04","date_gmt":"2023-09-11T13:15:04","guid":{"rendered":"https:\/\/wir-entsorgen-sorgen.de\/?page_id=980"},"modified":"2024-11-01T19:56:53","modified_gmt":"2024-11-01T18:56:53","slug":"konzeption-und-design","status":"publish","type":"page","link":"https:\/\/wir-entsorgen-sorgen.de\/tr\/konzeption-und-design\/","title":{"rendered":"Hayalinizdeki proje i\u00e7in konsept ve tasar\u0131m"},"content":{"rendered":"<p><strong>Hayalinizdeki proje i\u00e7in konsept ve tasar\u0131m<\/strong><\/p>\n<p>\u0130n\u015faat d\u00fcnyas\u0131nda do\u011fru konsept ve tasar\u0131m \u00e7ok \u00f6nemlidir. Wir Entsorgen Sorgen'de, projenizin ba\u015ftan sona sorunsuz ilerlemesini sa\u011flayan kapsaml\u0131 bir hizmet sunuyoruz.<\/p>\n<p><strong>M\u00fclk de\u011ferlemesi:<\/strong> Bir in\u015faat projesi ba\u015flamadan \u00f6nce, m\u00fclk\u00fcn kapsaml\u0131 bir \u015fekilde de\u011ferlendirilmesi \u00f6nemlidir. Uzmanlar\u0131m\u0131z m\u00fclk\u00fcn in\u015fa edilebilirli\u011fini, co\u011frafi \u00f6zelliklerini ve di\u011fer ilgili y\u00f6nlerini kontrol eder. Bu, projenizin sa\u011flam bir temel \u00fczerine in\u015fa edilmesini sa\u011flar.<\/p>\n<p><strong>Yenilik\u00e7i tasar\u0131mlar:<\/strong> \u0130yi bir tasar\u0131m estetikten daha fazlas\u0131d\u0131r. Mimarlar\u0131m\u0131z, \u015fartnamelerinizi ve arazinin ko\u015fullar\u0131n\u0131 g\u00f6z \u00f6n\u00fcnde bulundurarak tasar\u0131m yapar. Bina projenizin sadece iyi g\u00f6r\u00fcnmesini de\u011fil, ayn\u0131 zamanda gereksinimlerinizi de kar\u015f\u0131lamas\u0131n\u0131 sa\u011flamak i\u00e7in i\u015flevselli\u011fi g\u00fczellikle birle\u015ftiriyoruz.<\/p>\n<p><strong><a href=\"https:\/\/www.kfw.de\/inlandsfoerderung\/Privatpersonen\/Neubau\/F%C3%B6rderprodukte\/Klimafreundlicher-Neubau-im-Niedrigpreissegment-(296)\/\">Yasal uygunluk<\/a>:<\/strong> \u0130n\u015faat sekt\u00f6r\u00fcnde uyulmas\u0131 gereken bir\u00e7ok y\u00f6netmelik ve yasa vard\u0131r. Hukuk uzmanlar\u0131m\u0131z, t\u00fcm tasar\u0131mlar\u0131n mevcut in\u015faat y\u00f6netmeliklerine ve yasalara uygun olmas\u0131n\u0131 sa\u011flar. \"Wir Entsorgen Sorgen\" ile projenizin emin ellerde oldu\u011fundan emin olabilirsiniz.<\/p>\n<p><strong>Sonu\u00e7:<\/strong> \"Wir Entsorgen Sorgen \"de m\u00fc\u015fteri merkezde yer al\u0131r. Konsept ve tasar\u0131m hizmetlerimiz, t\u00fcm in\u015faat endi\u015felerinizi ortadan kald\u0131rmaya ve projenizin tam olarak hayal etti\u011finiz gibi ortaya \u00e7\u0131kmas\u0131n\u0131 sa\u011flamaya odaklanm\u0131\u015ft\u0131r.<\/p>\n<p><a href=\"https:\/\/wir-entsorgen-sorgen.de\/tr\/blog\/der-schluessel-zu-einem-erfolgreichen-bauvorhaben\/\">Ba\u015far\u0131l\u0131 bir in\u015faat projesinin anahtar\u0131<\/a><\/p>\n<p><a href=\"https:\/\/wir-entsorgen-sorgen.de\/tr\/vision-und-beratung-2\/\">Vizyon ve dan\u0131\u015fmanl\u0131k<\/a><\/p>\n<p><a href=\"https:\/\/wir-entsorgen-sorgen.de\/tr\/konzeption-und-design\/\">Konsept ve tasar\u0131m<\/a><\/p>\n<p><a href=\"https:\/\/wir-entsorgen-sorgen.de\/tr\/genehmigung-dokumentation\/\">Yetkilendirme ve belgelendirme<\/a><\/p>\n<p><a href=\"https:\/\/wir-entsorgen-sorgen.de\/tr\/realisierung-bau\/\">Ger\u00e7ekle\u015ftirme ve in\u015faat<\/a><\/p>\n<p><a href=\"https:\/\/wir-entsorgen-sorgen.de\/tr\/kontrolle-uebergabe\/\">Denetim ve devir teslim<\/a><\/p>\n<p><a href=\"https:\/\/wir-entsorgen-sorgen.de\/tr\/kundendienst-nachbetreuung\/\">M\u00fc\u015fteri hizmetleri ve sonras\u0131 bak\u0131m<\/a><\/p>","protected":false},"excerpt":{"rendered":"<p>Konzeption &amp; Design f\u00fcr Ihr Traumprojekt In der Welt des Bauwesens ist die richtige Konzeption und das passende Design entscheidend. Bei &#8222;Wir Entsorgen Sorgen&#8220; bieten wir Ihnen einen umfassenden Service, der sicherstellt, dass Ihr Projekt von Anfang bis Ende reibungslos verl\u00e4uft. Grundst\u00fccksbewertung: Bevor ein Bauvorhaben beginnt, ist es wichtig, das Grundst\u00fcck gr\u00fcndlich zu bewerten. Unsere [&hellip;]<\/p>\n","protected":false},"author":4,"featured_media":1080,"parent":0,"menu_order":0,"comment_status":"closed","ping_status":"closed","template":"","meta":{"footnotes":""},"class_list":["post-980","page","type-page","status-publish","has-post-thumbnail","hentry"],"_links":{"self":[{"href":"https:\/\/wir-entsorgen-sorgen.de\/tr\/wp-json\/wp\/v2\/pages\/980","targetHints":{"allow":["GET"]}}],"collection":[{"href":"https:\/\/wir-entsorgen-sorgen.de\/tr\/wp-json\/wp\/v2\/pages"}],"about":[{"href":"https:\/\/wir-entsorgen-sorgen.de\/tr\/wp-json\/wp\/v2\/types\/page"}],"author":[{"embeddable":true,"href":"https:\/\/wir-entsorgen-sorgen.de\/tr\/wp-json\/wp\/v2\/users\/4"}],"replies":[{"embeddable":true,"href":"https:\/\/wir-entsorgen-sorgen.de\/tr\/wp-json\/wp\/v2\/comments?post=980"}],"version-history":[{"count":5,"href":"https:\/\/wir-entsorgen-sorgen.de\/tr\/wp-json\/wp\/v2\/pages\/980\/revisions"}],"predecessor-version":[{"id":982,"href":"https:\/\/wir-entsorgen-sorgen.de\/tr\/wp-json\/wp\/v2\/pages\/980\/revisions\/982"}],"wp:featuredmedia":[{"embeddable":true,"href":"https:\/\/wir-entsorgen-sorgen.de\/tr\/wp-json\/wp\/v2\/media\/1080"}],"wp:attachment":[{"href":"https:\/\/wir-entsorgen-sorgen.de\/tr\/wp-json\/wp\/v2\/media?parent=980"}],"curies":[{"name":"wp","href":"https:\/\/api.w.org\/{rel}","templated":true}]}}