{"id":985,"date":"2024-11-01T14:19:25","date_gmt":"2024-11-01T13:19:25","guid":{"rendered":"https:\/\/wir-entsorgen-sorgen.de\/?page_id=985"},"modified":"2024-11-01T19:53:31","modified_gmt":"2024-11-01T18:53:31","slug":"genehmigung-dokumentation","status":"publish","type":"page","link":"https:\/\/wir-entsorgen-sorgen.de\/tr\/genehmigung-dokumentation\/","title":{"rendered":"\u0130n\u015faat projeniz i\u00e7in yetkilendirme"},"content":{"rendered":"<p><strong>Sizin i\u00e7in yetkilendirme ve dok\u00fcmantasyon <a href=\"https:\/\/www.sorglos-bauen.gmbh\">Bina projesi<\/a><\/strong><\/p>\n<p>\u0130n\u015faat sekt\u00f6r\u00fcnde izinler ve hassas dok\u00fcmantasyon, bir projenin ba\u015far\u0131yla tamamlanmas\u0131n\u0131 sa\u011flayan belirleyici fakt\u00f6rler aras\u0131ndad\u0131r. \"Wir Entsorgen Sorgen\" olarak, in\u015faat projenizin sorunsuz ve gereksiz gecikmeler olmadan ger\u00e7ekle\u015ftirilmesini sa\u011flamak i\u00e7in size kapsaml\u0131 ve profesyonel destek sunuyoruz. Ekibimiz idari ve b\u00fcrokratik y\u00fck\u00fc omuzlar\u0131n\u0131zdan al\u0131r, b\u00f6ylece projenizin yarat\u0131c\u0131 ve teknik olarak ger\u00e7ekle\u015ftirilmesine tamamen konsantre olabilirsiniz.<\/p>\n<p><strong>En ba\u015f\u0131ndan itibaren g\u00f6n\u00fcl rahatl\u0131\u011f\u0131:<\/strong> Ba\u015far\u0131l\u0131 bir in\u015faat projesine do\u011fru ilk ad\u0131m, gerekli izinler i\u00e7in ba\u015fvuruda bulunmak ve teknik \u00e7izimleri haz\u0131rlamakla ba\u015flar. Bu, \u00e7ok zaman ve ayr\u0131nt\u0131l\u0131 uzmanl\u0131k gerektiren karma\u015f\u0131k ve zorlu bir g\u00f6rev olabilir. Yetkin ekibimiz, gerekli t\u00fcm belgeleri profesyonel ve hassas bir \u015fekilde haz\u0131rlayarak size destek olacakt\u0131r. Uzmanlar\u0131m\u0131z, h\u0131zl\u0131 ve sorunsuz i\u015flem sa\u011flamak i\u00e7in mevcut t\u00fcm yasal gerekliliklere ve standartlara uyulmas\u0131n\u0131 sa\u011flar. Daha sonra bu belgelerin ilgili makamlara zaman\u0131nda sunulmas\u0131yla ilgileniyoruz, b\u00f6ylece ba\u015fka hi\u00e7bir \u015fey i\u00e7in endi\u015felenmenize gerek kalm\u0131yor.<\/p>\n<p><strong>\u0130le Koordinasyon <a href=\"https:\/\/www.kfw.de\/inlandsfoerderung\/Privatpersonen\/Neubau\/F%C3%B6rderprodukte\/Klimafreundlicher-Neubau-im-Niedrigpreissegment-(296)\/\">Yetkililer<\/a>:<\/strong> Kamu yetkilileri ve kurumlar\u0131yla ileti\u015fim ve i\u015fbirli\u011fi \u00e7o\u011fu zaman \u00f6zel bir zorluktur. Bu sadece sab\u0131r de\u011fil, ayn\u0131 zamanda resmi s\u00fcre\u00e7ler ve gereklilikler hakk\u0131nda derin bir anlay\u0131\u015f gerektirir. Planlama izni alan\u0131ndaki uzun y\u0131llara dayanan deneyimimiz ve ilgili makamlarla olan iyi ili\u015fkilerimiz sayesinde, size verimli ve ba\u015far\u0131l\u0131 bir onay s\u00fcreci garanti edebiliriz. Yetkililerle do\u011frudan temas halindeyiz, sorulara h\u0131zla yan\u0131t veriyor ve gecikmeleri \u00f6nlemek i\u00e7in her t\u00fcrl\u00fc tutars\u0131zl\u0131\u011f\u0131 a\u00e7\u0131kl\u0131\u011fa kavu\u015fturuyoruz. Bu \u015fekilde, in\u015faat projenizin zaman\u0131nda ger\u00e7ekle\u015ftirilebilmesinde etkin bir rol oynuyoruz.<\/p>\n<p><strong>S\u00f6z veriyoruz:<\/strong> \"Wir Entsorgen Sorgen \"de ihtiya\u00e7lar\u0131n\u0131z \u00f6n plandad\u0131r. Yetkilendirme ve belgelendirme hizmetimiz, size maksimum g\u00f6n\u00fcl rahatl\u0131\u011f\u0131 sa\u011flamak \u00fczere tasarlanm\u0131\u015ft\u0131r. \u0130n\u015faat projenizin y\u00fcr\u00fcrl\u00fckteki t\u00fcm y\u00f6netmeliklere tam olarak uygun \u015fekilde y\u00fcr\u00fct\u00fclmesini garanti ediyoruz. Size eksiksiz ve yasal olarak g\u00fcvenli bir temel sa\u011flamak i\u00e7in ilgili t\u00fcm ad\u0131mlar\u0131n dikkatli ve do\u011fru bir \u015fekilde belgelenmesine b\u00fcy\u00fck \u00f6nem veriyoruz.<\/p>\n<p><strong>Sonu\u00e7:<\/strong> \"Wir Entsorgen Sorgen\" ile in\u015faat projenizin her a\u015famas\u0131nda size e\u015flik edecek g\u00fcvenilir bir orta\u011f\u0131n\u0131z var. Profesyonel destekten daha fazlas\u0131n\u0131 sunuyoruz - projenizin ilk fikirden tamamlanmas\u0131na kadar en iyi ellerde oldu\u011fundan emin olman\u0131z\u0131 sa\u011fl\u0131yoruz. Uzmanl\u0131\u011f\u0131m\u0131za g\u00fcvenin ve siz in\u015faat planlar\u0131n\u0131z\u0131 ger\u00e7ekle\u015ftirmeye odaklan\u0131rken b\u00fcrokratik engellerle bizim ilgilenmemize izin verin. Bu \u015fekilde, sadece endi\u015felerinizi gidermekle kalm\u0131yor, ayn\u0131 zamanda projenizin ba\u015far\u0131l\u0131 bir \u015fekilde ger\u00e7ekle\u015ftirilmesinin yolunu a\u00e7\u0131yoruz.<\/p>\n<p>&nbsp;<\/p>\n<p><img loading=\"lazy\" decoding=\"async\" class=\"wp-image-2848 alignnone\" src=\"http:\/\/wir-entsorgen-sorgen.de\/wp-content\/uploads\/2023\/09\/Firmenphilosophie-W-E-S-1-300x171.png\" alt=\"\" width=\"474\" height=\"270\" srcset=\"https:\/\/wir-entsorgen-sorgen.de\/wp-content\/uploads\/2023\/09\/Firmenphilosophie-W-E-S-1-300x171.png 300w, https:\/\/wir-entsorgen-sorgen.de\/wp-content\/uploads\/2023\/09\/Firmenphilosophie-W-E-S-1-1030x589.png 1030w, https:\/\/wir-entsorgen-sorgen.de\/wp-content\/uploads\/2023\/09\/Firmenphilosophie-W-E-S-1-768x439.png 768w, https:\/\/wir-entsorgen-sorgen.de\/wp-content\/uploads\/2023\/09\/Firmenphilosophie-W-E-S-1-1536x878.png 1536w, https:\/\/wir-entsorgen-sorgen.de\/wp-content\/uploads\/2023\/09\/Firmenphilosophie-W-E-S-1-18x10.png 18w, https:\/\/wir-entsorgen-sorgen.de\/wp-content\/uploads\/2023\/09\/Firmenphilosophie-W-E-S-1-1500x857.png 1500w, https:\/\/wir-entsorgen-sorgen.de\/wp-content\/uploads\/2023\/09\/Firmenphilosophie-W-E-S-1-705x403.png 705w, https:\/\/wir-entsorgen-sorgen.de\/wp-content\/uploads\/2023\/09\/Firmenphilosophie-W-E-S-1.png 1792w\" sizes=\"auto, (max-width: 474px) 100vw, 474px\" \/><\/p>\n<p><a href=\"https:\/\/wir-entsorgen-sorgen.de\/tr\/blog\/der-schluessel-zu-einem-erfolgreichen-bauvorhaben\/\">Ba\u015far\u0131l\u0131 bir in\u015faat projesinin anahtar\u0131<\/a><\/p>\n<p><a href=\"https:\/\/wir-entsorgen-sorgen.de\/tr\/vision-und-beratung-2\/\">Vizyon ve dan\u0131\u015fmanl\u0131k<\/a><\/p>\n<p><a href=\"https:\/\/wir-entsorgen-sorgen.de\/tr\/konzeption-und-design\/\">Konsept ve tasar\u0131m<\/a><\/p>\n<p><a href=\"https:\/\/wir-entsorgen-sorgen.de\/tr\/genehmigung-dokumentation\/\">Yetkilendirme ve belgelendirme<\/a><\/p>\n<p><a href=\"https:\/\/wir-entsorgen-sorgen.de\/tr\/realisierung-bau\/\">Ger\u00e7ekle\u015ftirme ve in\u015faat<\/a><\/p>\n<p><a href=\"https:\/\/wir-entsorgen-sorgen.de\/tr\/kontrolle-uebergabe\/\">Denetim ve devir teslim<\/a><\/p>\n<p><a href=\"https:\/\/wir-entsorgen-sorgen.de\/tr\/kundendienst-nachbetreuung\/\">M\u00fc\u015fteri hizmetleri ve sonras\u0131 bak\u0131m<\/a><\/p>","protected":false},"excerpt":{"rendered":"<p>Genehmigung &amp; Dokumentation f\u00fcr Ihr Bauvorhaben In der Baubranche z\u00e4hlen Genehmigungen und eine pr\u00e4zise Dokumentation zu den entscheidenden Faktoren, die den erfolgreichen Ablauf eines Projekts gew\u00e4hrleisten. Bei \u201eWir Entsorgen Sorgen\u201c bieten wir Ihnen umfassende und professionelle Unterst\u00fctzung, um sicherzustellen, dass Ihr Bauvorhaben reibungslos und ohne unn\u00f6tige Verz\u00f6gerungen umgesetzt wird. Unser Team nimmt Ihnen den administrativen [&hellip;]<\/p>\n","protected":false},"author":4,"featured_media":1076,"parent":0,"menu_order":0,"comment_status":"closed","ping_status":"closed","template":"","meta":{"footnotes":""},"class_list":["post-985","page","type-page","status-publish","has-post-thumbnail","hentry"],"_links":{"self":[{"href":"https:\/\/wir-entsorgen-sorgen.de\/tr\/wp-json\/wp\/v2\/pages\/985","targetHints":{"allow":["GET"]}}],"collection":[{"href":"https:\/\/wir-entsorgen-sorgen.de\/tr\/wp-json\/wp\/v2\/pages"}],"about":[{"href":"https:\/\/wir-entsorgen-sorgen.de\/tr\/wp-json\/wp\/v2\/types\/page"}],"author":[{"embeddable":true,"href":"https:\/\/wir-entsorgen-sorgen.de\/tr\/wp-json\/wp\/v2\/users\/4"}],"replies":[{"embeddable":true,"href":"https:\/\/wir-entsorgen-sorgen.de\/tr\/wp-json\/wp\/v2\/comments?post=985"}],"version-history":[{"count":8,"href":"https:\/\/wir-entsorgen-sorgen.de\/tr\/wp-json\/wp\/v2\/pages\/985\/revisions"}],"predecessor-version":[{"id":3364,"href":"https:\/\/wir-entsorgen-sorgen.de\/tr\/wp-json\/wp\/v2\/pages\/985\/revisions\/3364"}],"wp:featuredmedia":[{"embeddable":true,"href":"https:\/\/wir-entsorgen-sorgen.de\/tr\/wp-json\/wp\/v2\/media\/1076"}],"wp:attachment":[{"href":"https:\/\/wir-entsorgen-sorgen.de\/tr\/wp-json\/wp\/v2\/media?parent=985"}],"curies":[{"name":"wp","href":"https:\/\/api.w.org\/{rel}","templated":true}]}}