{"id":991,"date":"2023-09-11T14:24:39","date_gmt":"2023-09-11T13:24:39","guid":{"rendered":"https:\/\/wir-entsorgen-sorgen.de\/?page_id=991"},"modified":"2024-11-02T09:12:29","modified_gmt":"2024-11-02T08:12:29","slug":"realisierung-bau","status":"publish","type":"page","link":"https:\/\/wir-entsorgen-sorgen.de\/tr\/realisierung-bau\/","title":{"rendered":"Ger\u00e7ekle\u015ftirme ve in\u015faat"},"content":{"rendered":"<p><strong>Hayalinizdeki proje i\u00e7in ger\u00e7ekle\u015ftirme ve in\u015faat<\/strong><\/p>\n<p>Bir in\u015faat projesinin ger\u00e7ekle\u015ftirilmesi hassasiyet, uzmanl\u0131k ve ba\u011fl\u0131l\u0131k gerektiren karma\u015f\u0131k bir s\u00fcre\u00e7tir. \"Wir Entsorgen Sorgen\" olarak, size tasar\u0131mdan tamamlanmaya kadar endi\u015fesiz bir yol sunuyoruz.<\/p>\n<p><strong>Kesin <a href=\"https:\/\/www.kfw.de\/inlandsfoerderung\/Privatpersonen\/Neubau\/F%C3%B6rderprodukte\/Klimafreundlicher-Neubau-im-Niedrigpreissegment-(296)\/\">Planlama<\/a>:<\/strong> Her ba\u015far\u0131l\u0131 in\u015faat projesi detayl\u0131 bir planlama ile ba\u015flar. \u0130n\u015faat ba\u015flamadan \u00f6nce, malzeme se\u00e7iminden zaman \u00e7izelgesine kadar her \u015feyi en k\u00fc\u00e7\u00fck ayr\u0131nt\u0131s\u0131na kadar planlamak i\u00e7in sizinle birlikte oturuyoruz. Uzmanlar\u0131m\u0131z, projenizin verimli bir \u015fekilde ve spesifikasyonlar\u0131n\u0131za uygun olarak ger\u00e7ekle\u015ftirilmesini sa\u011flamak i\u00e7in en son teknolojileri ve y\u00f6ntemleri kullan\u0131r.<\/p>\n<p><strong>Uzmanlar taraf\u0131ndan kaliteli in\u015faat:<\/strong> Bir in\u015faat projesi ancak uyguland\u0131\u011f\u0131 kadar iyidir. Deneyimli ustalar ve vas\u0131fl\u0131 i\u015f\u00e7ilerden olu\u015fan ekiplerimiz, y\u00fcksek kaliteli in\u015faat i\u015flerinin zaman\u0131nda tamamlanmas\u0131n\u0131 sa\u011flamak i\u00e7in y\u0131llar\u0131n deneyimini ve uzmanl\u0131\u011f\u0131n\u0131 masaya getiriyor. \"Wir Entsorgen Sorgen\" olarak in\u015faat s\u00fcrecinin her ad\u0131m\u0131nda kaliteye odaklan\u0131yoruz.<\/p>\n<p><strong>S\u00f6z veriyoruz:<\/strong> \"Wir Entsorgen Sorgen \"de m\u00fc\u015fteri merkezde yer al\u0131r. Ger\u00e7ekle\u015ftirme ve \u0130n\u015faat hizmetlerimiz, t\u00fcm in\u015faat endi\u015felerinizi gidermek i\u00e7in tasarlanm\u0131\u015ft\u0131r. Projenizin t\u00fcm yasal d\u00fczenlemelere ve standartlara uygun olarak y\u00fcr\u00fct\u00fclece\u011fini garanti ediyoruz.<\/p>\n<p><strong>Sonu\u00e7:<\/strong> \"Wir Entsorgen Sorgen\" olarak in\u015faat i\u015finden daha fazlas\u0131n\u0131 sunuyoruz. Fikir a\u015famas\u0131ndan projenizin tamamlanmas\u0131na kadar size endi\u015fesiz bir yol sunuyoruz. Uzmanl\u0131\u011f\u0131m\u0131za g\u00fcvenin ve b\u0131rak\u0131n endi\u015felerinizi biz giderelim.<\/p>\n<p><a href=\"https:\/\/wir-entsorgen-sorgen.de\/tr\/blog\/der-schluessel-zu-einem-erfolgreichen-bauvorhaben\/\">Ba\u015far\u0131l\u0131 bir in\u015faat projesinin anahtar\u0131<\/a><\/p>\n<p><a href=\"https:\/\/wir-entsorgen-sorgen.de\/tr\/vision-und-beratung-2\/\">Vizyon ve dan\u0131\u015fmanl\u0131k<\/a><\/p>\n<p><a href=\"https:\/\/wir-entsorgen-sorgen.de\/tr\/konzeption-und-design\/\">Konsept ve tasar\u0131m<\/a><\/p>\n<p><a href=\"https:\/\/wir-entsorgen-sorgen.de\/tr\/genehmigung-dokumentation\/\">Yetkilendirme ve belgelendirme<\/a><\/p>\n<p><a href=\"https:\/\/wir-entsorgen-sorgen.de\/tr\/realisierung-bau\/\">Ger\u00e7ekle\u015ftirme ve in\u015faat<\/a><\/p>\n<p><a href=\"https:\/\/wir-entsorgen-sorgen.de\/tr\/kontrolle-uebergabe\/\">Denetim ve devir teslim<\/a><\/p>\n<p><a href=\"https:\/\/wir-entsorgen-sorgen.de\/tr\/kundendienst-nachbetreuung\/\">M\u00fc\u015fteri hizmetleri ve sonras\u0131 bak\u0131m<\/a><\/p>","protected":false},"excerpt":{"rendered":"<p>Realisierung &amp; Bau f\u00fcr Ihr Traumprojekt Die Realisierung eines Bauvorhabens ist ein komplexer Prozess, der Pr\u00e4zision, Fachwissen und Engagement erfordert. Bei &#8222;Wir Entsorgen Sorgen&#8220; bieten wir Ihnen einen sorgenfreien Weg von der Konzeption bis zur Fertigstellung. Pr\u00e4zise Planung: Jedes erfolgreiche Bauvorhaben beginnt mit einer detaillierten Planung. Vor dem Baubeginn setzen wir uns mit Ihnen zusammen, [&hellip;]<\/p>\n","protected":false},"author":4,"featured_media":1074,"parent":0,"menu_order":0,"comment_status":"closed","ping_status":"closed","template":"","meta":{"footnotes":""},"class_list":["post-991","page","type-page","status-publish","has-post-thumbnail","hentry"],"_links":{"self":[{"href":"https:\/\/wir-entsorgen-sorgen.de\/tr\/wp-json\/wp\/v2\/pages\/991","targetHints":{"allow":["GET"]}}],"collection":[{"href":"https:\/\/wir-entsorgen-sorgen.de\/tr\/wp-json\/wp\/v2\/pages"}],"about":[{"href":"https:\/\/wir-entsorgen-sorgen.de\/tr\/wp-json\/wp\/v2\/types\/page"}],"author":[{"embeddable":true,"href":"https:\/\/wir-entsorgen-sorgen.de\/tr\/wp-json\/wp\/v2\/users\/4"}],"replies":[{"embeddable":true,"href":"https:\/\/wir-entsorgen-sorgen.de\/tr\/wp-json\/wp\/v2\/comments?post=991"}],"version-history":[{"count":6,"href":"https:\/\/wir-entsorgen-sorgen.de\/tr\/wp-json\/wp\/v2\/pages\/991\/revisions"}],"predecessor-version":[{"id":993,"href":"https:\/\/wir-entsorgen-sorgen.de\/tr\/wp-json\/wp\/v2\/pages\/991\/revisions\/993"}],"wp:featuredmedia":[{"embeddable":true,"href":"https:\/\/wir-entsorgen-sorgen.de\/tr\/wp-json\/wp\/v2\/media\/1074"}],"wp:attachment":[{"href":"https:\/\/wir-entsorgen-sorgen.de\/tr\/wp-json\/wp\/v2\/media?parent=991"}],"curies":[{"name":"wp","href":"https:\/\/api.w.org\/{rel}","templated":true}]}}