{"id":996,"date":"2023-09-11T14:27:19","date_gmt":"2023-09-11T13:27:19","guid":{"rendered":"https:\/\/wir-entsorgen-sorgen.de\/?page_id=996"},"modified":"2024-11-01T19:51:32","modified_gmt":"2024-11-01T18:51:32","slug":"kontrolle-uebergabe","status":"publish","type":"page","link":"https:\/\/wir-entsorgen-sorgen.de\/tr\/kontrolle-uebergabe\/","title":{"rendered":"Kontrol ve devir teslim"},"content":{"rendered":"<p><strong>Kusursuz bir in\u015faat sonucu i\u00e7in denetim ve devir teslim<\/strong><\/p>\n<p>Bir in\u015faat projesi, ilk fikirden nihai teslimata kadar uzanan karma\u015f\u0131k bir s\u00fcre\u00e7tir. \"Wir Entsorgen Sorgen\" olarak, projenizin beklentilerinizi tam olarak kar\u015f\u0131lamas\u0131n\u0131 sa\u011flamak i\u00e7in denetim ve devir teslim i\u015flemlerine \u00f6zel \u00f6nem veriyoruz.<\/p>\n<p><strong>M\u00fckemmellik i\u00e7in s\u0131k\u0131 izleme:<\/strong> \u0130n\u015faat a\u015famas\u0131 boyunca \u015fantiye y\u00f6neticilerimiz \u00e7al\u0131\u015fmalar\u0131 titiz bir hassasiyetle izler. Bu sadece in\u015faat i\u015finin kalitesini de\u011fil, ayn\u0131 zamanda belirlenen programa uyulmas\u0131n\u0131 da sa\u011flar. Uzmanlar\u0131m\u0131z, her \u015feyin plana uygun gitmesini sa\u011flamak i\u00e7in s\u00fcrekli olarak sahadad\u0131r.<\/p>\n<p><strong>An\u0131nda konfor i\u00e7in anahtar teslim teslimat:<\/strong> Proje tamamland\u0131ktan sonra sizinle birlikte kapsaml\u0131 bir inceleme ger\u00e7ekle\u015ftiriyoruz. Herhangi bir kusur bulunursa, derhal giderilecektir. \"Wir Entsorgen Sorgen\" ile, kullan\u0131ma haz\u0131r ve tam olarak gereksinimlerinizi ve isteklerinizi kar\u015f\u0131layan bir bina alacaks\u0131n\u0131z.<\/p>\n<p><strong>S\u00f6z veriyoruz:<\/strong> \"Wir Entsorgen Sorgen \"de m\u00fc\u015fteri merkezde yer al\u0131r. Denetim ve teslim hizmetlerimiz, in\u015faatla ilgili t\u00fcm endi\u015felerinizi gidermek \u00fczere tasarlanm\u0131\u015ft\u0131r. Projenizin t\u00fcm yasal d\u00fczenlemelere ve standartlara uygun olarak y\u00fcr\u00fct\u00fclmesini garanti ediyoruz.<\/p>\n<p><strong>Sonu\u00e7:<\/strong> \"Wir Entsorgen Sorgen\" olarak in\u015faat i\u015finden daha fazlas\u0131n\u0131 sunuyoruz. Fikirden in\u015faat\u0131n\u0131z\u0131n tamamlanmas\u0131na kadar size kayg\u0131s\u0131z bir yol sunuyoruz. <a href=\"https:\/\/www.kfw.de\/inlandsfoerderung\/Privatpersonen\/Neubau\/F%C3%B6rderprodukte\/Klimafreundlicher-Neubau-im-Niedrigpreissegment-(296)\/\">Proje<\/a>. Uzmanl\u0131\u011f\u0131m\u0131za g\u00fcvenin ve endi\u015felerinizi gidermemize izin verin.<\/p>\n<p><a href=\"https:\/\/wir-entsorgen-sorgen.de\/tr\/blog\/der-schluessel-zu-einem-erfolgreichen-bauvorhaben\/\">Ba\u015far\u0131l\u0131 bir in\u015faat projesinin anahtar\u0131<\/a><\/p>\n<p><a href=\"https:\/\/wir-entsorgen-sorgen.de\/tr\/vision-und-beratung-2\/\">Vizyon ve dan\u0131\u015fmanl\u0131k<\/a><\/p>\n<p><a href=\"https:\/\/wir-entsorgen-sorgen.de\/tr\/konzeption-und-design\/\">Konsept ve tasar\u0131m<\/a><\/p>\n<p><a href=\"https:\/\/wir-entsorgen-sorgen.de\/tr\/genehmigung-dokumentation\/\">Yetkilendirme ve belgelendirme<\/a><\/p>\n<p><a href=\"https:\/\/wir-entsorgen-sorgen.de\/tr\/realisierung-bau\/\">Ger\u00e7ekle\u015ftirme ve in\u015faat<\/a><\/p>\n<p><a href=\"https:\/\/wir-entsorgen-sorgen.de\/tr\/kontrolle-uebergabe\/\">Denetim ve devir teslim<\/a><\/p>\n<p><a href=\"https:\/\/wir-entsorgen-sorgen.de\/tr\/kundendienst-nachbetreuung\/\">M\u00fc\u015fteri hizmetleri ve sonras\u0131 bak\u0131m<\/a><\/p>","protected":false},"excerpt":{"rendered":"<p>Kontrolle &amp; \u00dcbergabe f\u00fcr ein makelloses Bauergebnis Ein Bauvorhaben ist ein komplexer Prozess, der von der ersten Idee bis zur endg\u00fcltigen \u00dcbergabe reicht. Bei &#8222;Wir Entsorgen Sorgen&#8220; legen wir besonderen Wert auf die Kontrolle und \u00dcbergabe, um sicherzustellen, dass Ihr Projekt genau Ihren Vorstellungen entspricht. Strikte \u00dcberwachung f\u00fcr Perfektion: W\u00e4hrend der gesamten Bauphase \u00fcberwachen unsere [&hellip;]<\/p>\n","protected":false},"author":4,"featured_media":1073,"parent":0,"menu_order":0,"comment_status":"closed","ping_status":"closed","template":"","meta":{"footnotes":""},"class_list":["post-996","page","type-page","status-publish","has-post-thumbnail","hentry"],"_links":{"self":[{"href":"https:\/\/wir-entsorgen-sorgen.de\/tr\/wp-json\/wp\/v2\/pages\/996","targetHints":{"allow":["GET"]}}],"collection":[{"href":"https:\/\/wir-entsorgen-sorgen.de\/tr\/wp-json\/wp\/v2\/pages"}],"about":[{"href":"https:\/\/wir-entsorgen-sorgen.de\/tr\/wp-json\/wp\/v2\/types\/page"}],"author":[{"embeddable":true,"href":"https:\/\/wir-entsorgen-sorgen.de\/tr\/wp-json\/wp\/v2\/users\/4"}],"replies":[{"embeddable":true,"href":"https:\/\/wir-entsorgen-sorgen.de\/tr\/wp-json\/wp\/v2\/comments?post=996"}],"version-history":[{"count":6,"href":"https:\/\/wir-entsorgen-sorgen.de\/tr\/wp-json\/wp\/v2\/pages\/996\/revisions"}],"predecessor-version":[{"id":998,"href":"https:\/\/wir-entsorgen-sorgen.de\/tr\/wp-json\/wp\/v2\/pages\/996\/revisions\/998"}],"wp:featuredmedia":[{"embeddable":true,"href":"https:\/\/wir-entsorgen-sorgen.de\/tr\/wp-json\/wp\/v2\/media\/1073"}],"wp:attachment":[{"href":"https:\/\/wir-entsorgen-sorgen.de\/tr\/wp-json\/wp\/v2\/media?parent=996"}],"curies":[{"name":"wp","href":"https:\/\/api.w.org\/{rel}","templated":true}]}}